{"id":148022,"date":"2026-04-08T17:32:07","date_gmt":"2026-04-08T16:32:07","guid":{"rendered":"https:\/\/bigbuy.tupique.com\/produto\/tablet-samsung-sm-x520nzapeub\/"},"modified":"2026-04-15T08:49:16","modified_gmt":"2026-04-15T07:49:16","slug":"tablet-samsung-sm-x520nzapeub","status":"publish","type":"product","link":"https:\/\/bigbuy.tupique.com\/pt\/produto\/tablet-samsung-sm-x520nzapeub\/","title":{"rendered":"Tablette Samsung SM-X520NZAPEUB"},"content":{"rendered":"<p>Si vous \u00eates \u00e0 la recherche de nouvelles tendances sur le march\u00e9, nous vous pr\u00e9sentons <b>Tablette Samsung SM-X520NZAPEUB<\/b> !<\/p>\n<p>La <b>tablette<\/b> Samsung mod\u00e8le <b>SM-X520NZAPEUB<\/b>, connue sous le nom de <b>Galaxy Tab S10 FE<\/b>, se pr\u00e9sente comme une solution polyvalente et puissante pour ceux qui recherchent un \u00e9quilibre entre performance et portabilit\u00e9 dans un appareil num\u00e9rique. Dot\u00e9e d\u2019un <b>\u00e9cran de 10,9 pouces<\/b> spacieux, elle offre une exp\u00e9rience visuelle optimale pour le multim\u00e9dia, la navigation ou le travail sur documents, garantissant des images nettes gr\u00e2ce \u00e0 sa taille et r\u00e9solution adapt\u00e9es. Ce mod\u00e8le int\u00e8gre <b>8 Go ou 12 Go de RAM<\/b> selon la configuration choisie, permettant un fonctionnement fluide et multit\u00e2che, m\u00eame avec des applications exigeantes. C\u00f4t\u00e9 stockage, il se distingue par sa version \u00e0 <b>256 Go de m\u00e9moire interne<\/b>, id\u00e9ale pour conserver de nombreux fichiers, vid\u00e9os, photos et applications sans souci d\u2019espace, avec la possibilit\u00e9 d\u2019extension via un <b>lecteur de cartes<\/b>. Sa finition <b>grise<\/b> lui conf\u00e8re un aspect moderne et sobre, adapt\u00e9 aux environnements professionnels comme personnels. La <b>cam\u00e9ra frontale avec autofocus<\/b> facilite des appels vid\u00e9o clairs et des prises de vue de qualit\u00e9, tandis que la connectivit\u00e9 <b>USB 2.0<\/b> et la compatibilit\u00e9 WiFi renforcent son usage quotidien. Ax\u00e9e sur la productivit\u00e9 et le multim\u00e9dia, la Galaxy Tab S10 FE offre un appareil \u00e9quilibr\u00e9 et polyvalent, pens\u00e9 pour ceux qui exigent fiabilit\u00e9 et bonnes performances au quotidien.<\/p>\n<ul>\n<li>Type: Tablette<\/li>\n<li>Produit \u00e0 brancher: Oui<\/li>\n<li>Type de prise: Prise EU<\/li>\n<li>Diagonale de l&#8217;\u00e9cran (cm): 27,7 cm<\/li>\n<li>Bloc d\u2019Alimentation:\n<ul>\n<li>r\u00e9seau \u00e9lectrique<\/li>\n<li>USB<\/li>\n<\/ul>\n<\/li>\n<li>M\u00e9moire RAM:\n<ul>\n<li>8 GB RAM<\/li>\n<li>12 GB RAM<\/li>\n<\/ul>\n<\/li>\n<li>Couleur: Gris<\/li>\n<li>Caract\u00e9ristiques:\n<ul>\n<li>Cam\u00e9ra frontale<\/li>\n<li>Autofocus<\/li>\n<li>Lecteur de Cartes<\/li>\n<li>Lecteur d&#8217;empreintes<\/li>\n<li>Boussole \u00e9lectronique<\/li>\n<\/ul>\n<\/li>\n<li>Connectivit\u00e9:\n<ul>\n<li>Bluetooth<\/li>\n<li>Wi-Fi<\/li>\n<li>GPS<\/li>\n<li>Galileo<\/li>\n<li>5G<\/li>\n<li>Wi-Fi 6 GHz<\/li>\n<li>Bluetooth 5.3<\/li>\n<\/ul>\n<\/li>\n<li>Classification \u00e9nerg\u00e9tique: F<\/li>\n<li>Syst\u00e8me d&#8217;exploitation: Android<\/li>\n<li>Classification IP: IP68<\/li>\n<li>Ecran: 10,9&#8243;<\/li>\n<li>Connexions: USB-C 2.0<\/li>\n<li>Cam\u00e9ra\/Appareil Photo:\n<ul>\n<li>13 MP<\/li>\n<li>Arri\u00e8re<\/li>\n<\/ul>\n<\/li>\n<li>Fonctions: Acc\u00e9l\u00e9rom\u00e8tre<\/li>\n<li>Technologie:\n<ul>\n<li>Mime<\/li>\n<li>TFT<\/li>\n<li>LCD<\/li>\n<\/ul>\n<\/li>\n<li>vitesse: 30 fps<\/li>\n<li>Non Inclus:\n<ul>\n<li>Adaptateur AC<\/li>\n<li>Connexion au r\u00e9seau mobile<\/li>\n<\/ul>\n<\/li>\n<li>Taille maximale de la carte m\u00e9moire: 2 TB<\/li>\n<li>Cartes M\u00e9moire Compatibles: MicroSD (TransFlash)<\/li>\n<li>R\u00e9solution: WUXGA+<\/li>\n<li>Inclut: Crayon tactile<\/li>\n<li>Autonomie approx.: 20 heures<\/li>\n<li>M\u00e9moire interne: 256 GB<\/li>\n<li>Noyaux: 8 Noyaux<\/li>\n<li>Capacit\u00e9 de la batterie: 8000 mAh<\/li>\n<li>R\u00e9solution (px):\n<ul>\n<li>3840 x 2160 px<\/li>\n<li>1920 x 1200 px<\/li>\n<\/ul>\n<\/li>\n<\/ul>","protected":false},"excerpt":{"rendered":"<p>Si vous \u00eates \u00e0 la recherche de nouvelles tendances sur le march\u00e9, nous vous pr\u00e9sentons Tablette Samsung SM-X520NZAPEUB ! La tablette Samsung mod\u00e8le SM-X520NZAPEUB, connue sous le nom de Galaxy Tab S10 FE, se pr\u00e9sente comme une solution polyvalente et puissante pour ceux qui recherchent un \u00e9quilibre entre performance et portabilit\u00e9 dans un appareil num\u00e9rique. [&hellip;]<\/p>\n","protected":false},"featured_media":148020,"comment_status":"open","ping_status":"closed","template":"","meta":[],"product_brand":[183],"product_cat":[575,65,1052],"product_tag":[566,106],"class_list":{"0":"post-148022","1":"product","2":"type-product","3":"status-publish","4":"has-post-thumbnail","6":"product_brand-brandp_576","7":"product_cat-electronique-telephonie-et-tablettes","8":"product_cat-informatique-electronique","9":"product_cat-tablettes","10":"product_tag-tag_547","11":"product_tag-tag_1295","13":"first","14":"instock","15":"taxable","16":"shipping-taxable","17":"purchasable","18":"product-type-simple"},"_links":{"self":[{"href":"https:\/\/bigbuy.tupique.com\/pt\/wp-json\/wp\/v2\/product\/148022","targetHints":{"allow":["GET"]}}],"collection":[{"href":"https:\/\/bigbuy.tupique.com\/pt\/wp-json\/wp\/v2\/product"}],"about":[{"href":"https:\/\/bigbuy.tupique.com\/pt\/wp-json\/wp\/v2\/types\/product"}],"replies":[{"embeddable":true,"href":"https:\/\/bigbuy.tupique.com\/pt\/wp-json\/wp\/v2\/comments?post=148022"}],"wp:featuredmedia":[{"embeddable":true,"href":"https:\/\/bigbuy.tupique.com\/pt\/wp-json\/wp\/v2\/media\/148020"}],"wp:attachment":[{"href":"https:\/\/bigbuy.tupique.com\/pt\/wp-json\/wp\/v2\/media?parent=148022"}],"wp:term":[{"taxonomy":"product_brand","embeddable":true,"href":"https:\/\/bigbuy.tupique.com\/pt\/wp-json\/wp\/v2\/product_brand?post=148022"},{"taxonomy":"product_cat","embeddable":true,"href":"https:\/\/bigbuy.tupique.com\/pt\/wp-json\/wp\/v2\/product_cat?post=148022"},{"taxonomy":"product_tag","embeddable":true,"href":"https:\/\/bigbuy.tupique.com\/pt\/wp-json\/wp\/v2\/product_tag?post=148022"}],"curies":[{"name":"wp","href":"https:\/\/api.w.org\/{rel}","templated":true}]}}