{"id":14748,"date":"2026-03-29T12:20:50","date_gmt":"2026-03-29T11:20:50","guid":{"rendered":"https:\/\/bigbuy.tupique.com\/produto\/multifunction-printer-epson-c11cj18401-wifi\/"},"modified":"2026-04-15T00:11:54","modified_gmt":"2026-04-14T23:11:54","slug":"multifunction-printer-epson-c11cj18401-wifi","status":"publish","type":"product","link":"https:\/\/bigbuy.tupique.com\/pt\/produto\/multifunction-printer-epson-c11cj18401-wifi\/","title":{"rendered":"Imprimante Multifonction Epson C11CJ18401 WiFi"},"content":{"rendered":"<p>Si vous \u00eates passionn\u00e9 d&#8217;<b>informatique et d&#8217;\u00e9lectronique<\/b>, si vous \u00eates \u00e0 la pointe de la technologie et qu&#8217;aucun d\u00e9tail ne vous \u00e9chappe, achetez <b>Imprimante Multifonction Epson C11CJ18401 WiFi<\/b> au meilleur prix.<\/p>\n<ul>\n<li>Type:\n<ul>\n<li>Encre<\/li>\n<li>Imprimante Multifonction<\/li>\n<li>Tout en un<\/li>\n<li>Plate-forme<\/li>\n<\/ul>\n<\/li>\n<li>vitesse: 32 ppm<\/li>\n<li>Imprimante: 1140 x 720 px<\/li>\n<li>Scanner: 1200 x 2400 dpi<\/li>\n<li>Menus: Multilingue<\/li>\n<li>Bloc d\u2019Alimentation: r\u00e9seau \u00e9lectrique<\/li>\n<li>Tension:\n<ul>\n<li>100-240 V<\/li>\n<li>100 &#8211; 240 V<\/li>\n<\/ul>\n<\/li>\n<li>Inclut:\n<ul>\n<li>C\u00e2ble d\u2019Alimentation<\/li>\n<li>Manuel de l&#8217;utilisateur<\/li>\n<li>Cartouche<\/li>\n<\/ul>\n<\/li>\n<li>Dimensions approx.: 37,5 x 31,8 x 20 cm<\/li>\n<li>Impression couleur: Non<\/li>\n<li>Compatible:\n<ul>\n<li>Windows<\/li>\n<li>macOS<\/li>\n<\/ul>\n<\/li>\n<li>Technologie:\n<ul>\n<li>LCD<\/li>\n<li>Injection d&#8217;encre<\/li>\n<\/ul>\n<\/li>\n<li>Produit \u00e0 brancher: Oui<\/li>\n<li>Connectivit\u00e9: Wi-Fi<\/li>\n<li>Type de prise: Prise EU<\/li>\n<li>Caract\u00e9ristiques:\n<ul>\n<li>\u00c9cran integr\u00e9<\/li>\n<li>\u00c9cran couleur<\/li>\n<li>\u00c9cran LCD<\/li>\n<li>Garantie<\/li>\n<\/ul>\n<\/li>\n<li>R\u00e9solution (px): 2400 x 1200 px<\/li>\n<li>Fonctions:\n<ul>\n<li>Scanner<\/li>\n<li>Imprimante<\/li>\n<\/ul>\n<\/li>\n<li>Connexions:\n<ul>\n<li>USB<\/li>\n<li>USB 2.0<\/li>\n<li>USB-A<\/li>\n<\/ul>\n<\/li>\n<li>Couleur:\n<ul>\n<li>Blanc<\/li>\n<li>Noir<\/li>\n<\/ul>\n<\/li>\n<li>Largeur: 375 mm<\/li>\n<li>Fr\u00e9quence: 50-60 Hz<\/li>\n<li>Taille: A4<\/li>\n<li>Format: PDF<\/li>\n<li>puissance: 15 W<\/li>\n<li>Courant nominal: 0,2 A<\/li>\n<li>Capacit\u00e9: 30 Volets<\/li>\n<li>Poids approx.: 5 kg<\/li>\n<li>Papier: A4<\/li>\n<li>Fr\u00e9quence d&#8217;entr\u00e9e AC: 50-60 Hz<\/li>\n<li>Plateau: 1<\/li>\n<li>Ecran: 3,7&#8243;<\/li>\n<li>Utilisation recommand\u00e9e: Maison<\/li>\n<li>Profondeur: 20 cm<\/li>\n<\/ul>","protected":false},"excerpt":{"rendered":"<p>Si vous \u00eates passionn\u00e9 d&#8217;informatique et d&#8217;\u00e9lectronique, si vous \u00eates \u00e0 la pointe de la technologie et qu&#8217;aucun d\u00e9tail ne vous \u00e9chappe, achetez Imprimante Multifonction Epson C11CJ18401 WiFi au meilleur prix. Type: Encre Imprimante Multifonction Tout en un Plate-forme vitesse: 32 ppm Imprimante: 1140 x 720 px Scanner: 1200 x 2400 dpi Menus: Multilingue Bloc [&hellip;]<\/p>\n","protected":false},"featured_media":14746,"comment_status":"open","ping_status":"closed","template":"","meta":[],"product_brand":[632],"product_cat":[592,65,581],"product_tag":[213,106],"class_list":{"0":"post-14748","1":"product","2":"type-product","3":"status-publish","4":"has-post-thumbnail","6":"product_brand-brandp_547","7":"product_cat-imprimantes","8":"product_cat-informatique-electronique","9":"product_cat-informatique-peripheriques-et-consommables","10":"product_tag-tag_933","11":"product_tag-tag_1295","13":"first","14":"instock","15":"taxable","16":"shipping-taxable","17":"purchasable","18":"product-type-simple"},"_links":{"self":[{"href":"https:\/\/bigbuy.tupique.com\/pt\/wp-json\/wp\/v2\/product\/14748","targetHints":{"allow":["GET"]}}],"collection":[{"href":"https:\/\/bigbuy.tupique.com\/pt\/wp-json\/wp\/v2\/product"}],"about":[{"href":"https:\/\/bigbuy.tupique.com\/pt\/wp-json\/wp\/v2\/types\/product"}],"replies":[{"embeddable":true,"href":"https:\/\/bigbuy.tupique.com\/pt\/wp-json\/wp\/v2\/comments?post=14748"}],"wp:featuredmedia":[{"embeddable":true,"href":"https:\/\/bigbuy.tupique.com\/pt\/wp-json\/wp\/v2\/media\/14746"}],"wp:attachment":[{"href":"https:\/\/bigbuy.tupique.com\/pt\/wp-json\/wp\/v2\/media?parent=14748"}],"wp:term":[{"taxonomy":"product_brand","embeddable":true,"href":"https:\/\/bigbuy.tupique.com\/pt\/wp-json\/wp\/v2\/product_brand?post=14748"},{"taxonomy":"product_cat","embeddable":true,"href":"https:\/\/bigbuy.tupique.com\/pt\/wp-json\/wp\/v2\/product_cat?post=14748"},{"taxonomy":"product_tag","embeddable":true,"href":"https:\/\/bigbuy.tupique.com\/pt\/wp-json\/wp\/v2\/product_tag?post=14748"}],"curies":[{"name":"wp","href":"https:\/\/api.w.org\/{rel}","templated":true}]}}