{"id":14745,"date":"2026-03-29T12:20:47","date_gmt":"2026-03-29T11:20:47","guid":{"rendered":"https:\/\/bigbuy.tupique.com\/produto\/tv-mount-neomounts-plasma-m1950e-60-100-100-kg\/"},"modified":"2026-04-15T00:11:54","modified_gmt":"2026-04-14T23:11:54","slug":"tv-mount-neomounts-plasma-m1950e-60-100-100-kg","status":"publish","type":"product","link":"https:\/\/bigbuy.tupique.com\/pt\/produto\/tv-mount-neomounts-plasma-m1950e-60-100-100-kg\/","title":{"rendered":"Support de TV Neomounts PLASMA-M1950E        60-100&#8243; 100 kg"},"content":{"rendered":"<p>Si vous \u00eates passionn\u00e9 d&#8217;<b>informatique et d&#8217;\u00e9lectronique<\/b>, si vous \u00eates \u00e0 la pointe de la technologie et qu&#8217;aucun d\u00e9tail ne vous \u00e9chappe, achetez <b>Support de TV Neomounts PLASMA-M1950E        60-100&#8243; 100 kg<\/b> au meilleur prix.<\/p>\n<ul>\n<li>Type:\n<ul>\n<li>Support de TV<\/li>\n<li>Support pour le sol<\/li>\n<li>fixe<\/li>\n<\/ul>\n<\/li>\n<li>Inclut: Vis<\/li>\n<li>Couleur: Noir<\/li>\n<li>Ecran:\n<ul>\n<li>100&#8243;<\/li>\n<li>60&#8243;<\/li>\n<\/ul>\n<\/li>\n<li>VESA:\n<ul>\n<li>20 x 20 cm<\/li>\n<li>100 x 60 cm<\/li>\n<\/ul>\n<\/li>\n<li>Mati\u00e8re: Acier<\/li>\n<li>Compatible:\n<ul>\n<li>VESA 1000 x 600 mm<\/li>\n<li>VESA 400 x 400 mm<\/li>\n<\/ul>\n<\/li>\n<li>Poids Max. support\u00e9: 100 kg<\/li>\n<li>Pays \/ r\u00e9gion de fabrication: Chine<\/li>\n<li>Caract\u00e9ristiques: Collecteur de c\u00e2bles<\/li>\n<li>Ann\u00e9e: 2018<\/li>\n<li>Pouces: 60&#8243;<\/li>\n<li>Syst\u00e8me d&#8217;exploitation: Windows 10 Pro<\/li>\n<\/ul>","protected":false},"excerpt":{"rendered":"<p>Si vous \u00eates passionn\u00e9 d&#8217;informatique et d&#8217;\u00e9lectronique, si vous \u00eates \u00e0 la pointe de la technologie et qu&#8217;aucun d\u00e9tail ne vous \u00e9chappe, achetez Support de TV Neomounts PLASMA-M1950E 60-100&#8243; 100 kg au meilleur prix. Type: Support de TV Support pour le sol fixe Inclut: Vis Couleur: Noir Ecran: 100&#8243; 60&#8243; VESA: 20 x 20 cm [&hellip;]<\/p>\n","protected":false},"featured_media":14744,"comment_status":"open","ping_status":"closed","template":"","meta":[],"product_brand":[639],"product_cat":[589,65,590],"product_tag":[210],"class_list":{"0":"post-14745","1":"product","2":"type-product","3":"status-publish","4":"has-post-thumbnail","6":"product_brand-brandp_4772","7":"product_cat-electronique-television","8":"product_cat-informatique-electronique","9":"product_cat-supports-de-television","10":"product_tag-tag_25","12":"first","13":"instock","14":"taxable","15":"shipping-taxable","16":"purchasable","17":"product-type-simple"},"_links":{"self":[{"href":"https:\/\/bigbuy.tupique.com\/pt\/wp-json\/wp\/v2\/product\/14745","targetHints":{"allow":["GET"]}}],"collection":[{"href":"https:\/\/bigbuy.tupique.com\/pt\/wp-json\/wp\/v2\/product"}],"about":[{"href":"https:\/\/bigbuy.tupique.com\/pt\/wp-json\/wp\/v2\/types\/product"}],"replies":[{"embeddable":true,"href":"https:\/\/bigbuy.tupique.com\/pt\/wp-json\/wp\/v2\/comments?post=14745"}],"wp:featuredmedia":[{"embeddable":true,"href":"https:\/\/bigbuy.tupique.com\/pt\/wp-json\/wp\/v2\/media\/14744"}],"wp:attachment":[{"href":"https:\/\/bigbuy.tupique.com\/pt\/wp-json\/wp\/v2\/media?parent=14745"}],"wp:term":[{"taxonomy":"product_brand","embeddable":true,"href":"https:\/\/bigbuy.tupique.com\/pt\/wp-json\/wp\/v2\/product_brand?post=14745"},{"taxonomy":"product_cat","embeddable":true,"href":"https:\/\/bigbuy.tupique.com\/pt\/wp-json\/wp\/v2\/product_cat?post=14745"},{"taxonomy":"product_tag","embeddable":true,"href":"https:\/\/bigbuy.tupique.com\/pt\/wp-json\/wp\/v2\/product_tag?post=14745"}],"curies":[{"name":"wp","href":"https:\/\/api.w.org\/{rel}","templated":true}]}}