{"id":14739,"date":"2026-03-29T12:20:41","date_gmt":"2026-03-29T11:20:41","guid":{"rendered":"https:\/\/bigbuy.tupique.com\/produto\/tv-mount-neomounts-nm-m1000white-37-70-40-kg-37\/"},"modified":"2026-04-15T00:11:53","modified_gmt":"2026-04-14T23:11:53","slug":"tv-mount-neomounts-nm-m1000white-37-70-40-kg-37","status":"publish","type":"product","link":"https:\/\/bigbuy.tupique.com\/pt\/produto\/tv-mount-neomounts-nm-m1000white-37-70-40-kg-37\/","title":{"rendered":"Support de TV Neomounts NM-M1000WHITE 37-70&#8243; 40 kg 37&#8243;"},"content":{"rendered":"<p>Si vous \u00eates passionn\u00e9 d&#8217;<b>informatique et d&#8217;\u00e9lectronique<\/b>, si vous \u00eates \u00e0 la pointe de la technologie et qu&#8217;aucun d\u00e9tail ne vous \u00e9chappe, achetez <b>Support de TV Neomounts NM-M1000WHITE 37-70&#8243; 40 kg 37&#8243;<\/b> au meilleur prix.<\/p>\n<p>Le <b>Neomounts NM-M1000WHITE<\/b> est un <b>support TV<\/b> sur pied con\u00e7u sp\u00e9cialement pour les \u00e9crans LCD et Plasma d\u2019une taille comprise entre <b>37 et 70 pouces<\/b> (soit 94-178 cm), ce qui le rend adapt\u00e9 \u00e0 la plupart des t\u00e9l\u00e9viseurs domestiques et professionnels dans cette gamme. Fabriqu\u00e9 en mat\u00e9riaux robustes, ce support garantit une charge maximale de <b>40 kg<\/b>, offrant stabilit\u00e9 et s\u00e9curit\u00e9 pour les mod\u00e8les moyens et grands. Son design universel est compatible avec un motif de fixation VESA allant de <b>200&#215;200 mm<\/b> \u00e0 <b>600&#215;400 mm<\/b>, facilitant l\u2019installation sur diverses marques et formats. De plus, il dispose d\u2019un r\u00e9glage en hauteur de 0 \u00e0 <b>1380 mm<\/b>, permettant d\u2019adapter la position du t\u00e9l\u00e9viseur selon les pr\u00e9f\u00e9rences de visionnage et l\u2019ergonomie sans modifications complexes. Sa finition en <b>blanc<\/b> apporte un aspect propre et moderne, id\u00e9al pour s\u2019int\u00e9grer discr\u00e8tement dans des environnements r\u00e9sidentiels ou commerciaux \u00e0 d\u00e9coration claire. Avec une largeur totale de <b>80 cm<\/b>, il offre un support compact qui optimise l\u2019espace dans la pi\u00e8ce. Tous les accessoires n\u00e9cessaires pour un montage simple et s\u00e9curis\u00e9 sont inclus, facilitant une utilisation imm\u00e9diate sans achat suppl\u00e9mentaire. Ce support sur pied Neomounts est une solution fiable et polyvalente pour ceux qui recherchent un support robuste et ajustable, favorisant une pr\u00e9sentation optimale du t\u00e9l\u00e9viseur dans divers espaces.<\/p>\n<ul>\n<li>Largeur: 80 cm<\/li>\n<li>Type:\n<ul>\n<li>Support de TV<\/li>\n<li>Support pour le sol<\/li>\n<\/ul>\n<\/li>\n<li>Inclut: Vis<\/li>\n<li>Couleur: Blanc<\/li>\n<li>Caract\u00e9ristiques: Hauteur r\u00e9glable<\/li>\n<li>Ecran:\n<ul>\n<li>70&#8243;<\/li>\n<li>37&#8243;<\/li>\n<\/ul>\n<\/li>\n<li>Profondeur: 500 mm<\/li>\n<li>VESA:\n<ul>\n<li>20 x 20 cm<\/li>\n<li>60 x 40 cm<\/li>\n<\/ul>\n<\/li>\n<li>Mati\u00e8re: Acier<\/li>\n<li>Compatible: VESA 600 x 400 mm<\/li>\n<\/ul>","protected":false},"excerpt":{"rendered":"<p>Si vous \u00eates passionn\u00e9 d&#8217;informatique et d&#8217;\u00e9lectronique, si vous \u00eates \u00e0 la pointe de la technologie et qu&#8217;aucun d\u00e9tail ne vous \u00e9chappe, achetez Support de TV Neomounts NM-M1000WHITE 37-70&#8243; 40 kg 37&#8243; au meilleur prix. Le Neomounts NM-M1000WHITE est un support TV sur pied con\u00e7u sp\u00e9cialement pour les \u00e9crans LCD et Plasma d\u2019une taille comprise [&hellip;]<\/p>\n","protected":false},"featured_media":14738,"comment_status":"open","ping_status":"closed","template":"","meta":[],"product_brand":[639],"product_cat":[589,65,590],"product_tag":[210],"class_list":{"0":"post-14739","1":"product","2":"type-product","3":"status-publish","4":"has-post-thumbnail","6":"product_brand-brandp_4772","7":"product_cat-electronique-television","8":"product_cat-informatique-electronique","9":"product_cat-supports-de-television","10":"product_tag-tag_25","12":"first","13":"instock","14":"taxable","15":"shipping-taxable","16":"purchasable","17":"product-type-simple"},"_links":{"self":[{"href":"https:\/\/bigbuy.tupique.com\/pt\/wp-json\/wp\/v2\/product\/14739","targetHints":{"allow":["GET"]}}],"collection":[{"href":"https:\/\/bigbuy.tupique.com\/pt\/wp-json\/wp\/v2\/product"}],"about":[{"href":"https:\/\/bigbuy.tupique.com\/pt\/wp-json\/wp\/v2\/types\/product"}],"replies":[{"embeddable":true,"href":"https:\/\/bigbuy.tupique.com\/pt\/wp-json\/wp\/v2\/comments?post=14739"}],"wp:featuredmedia":[{"embeddable":true,"href":"https:\/\/bigbuy.tupique.com\/pt\/wp-json\/wp\/v2\/media\/14738"}],"wp:attachment":[{"href":"https:\/\/bigbuy.tupique.com\/pt\/wp-json\/wp\/v2\/media?parent=14739"}],"wp:term":[{"taxonomy":"product_brand","embeddable":true,"href":"https:\/\/bigbuy.tupique.com\/pt\/wp-json\/wp\/v2\/product_brand?post=14739"},{"taxonomy":"product_cat","embeddable":true,"href":"https:\/\/bigbuy.tupique.com\/pt\/wp-json\/wp\/v2\/product_cat?post=14739"},{"taxonomy":"product_tag","embeddable":true,"href":"https:\/\/bigbuy.tupique.com\/pt\/wp-json\/wp\/v2\/product_tag?post=14739"}],"curies":[{"name":"wp","href":"https:\/\/api.w.org\/{rel}","templated":true}]}}