{"id":14704,"date":"2026-03-29T12:19:55","date_gmt":"2026-03-29T11:19:55","guid":{"rendered":"https:\/\/bigbuy.tupique.com\/produto\/video-conferencing-system-logitech-950-000084\/"},"modified":"2026-04-15T14:54:08","modified_gmt":"2026-04-15T13:54:08","slug":"video-conferencing-system-logitech-950-000084","status":"publish","type":"product","link":"https:\/\/bigbuy.tupique.com\/pt\/produto\/video-conferencing-system-logitech-950-000084\/","title":{"rendered":"Syst\u00e8me de Vid\u00e9oconf\u00e9rence Logitech 950-000084"},"content":{"rendered":"<p>Si vous \u00eates passionn\u00e9 d&#8217;<b>informatique et d&#8217;\u00e9lectronique<\/b>, si vous \u00eates \u00e0 la pointe de la technologie et qu&#8217;aucun d\u00e9tail ne vous \u00e9chappe, achetez <b>Syst\u00e8me de Vid\u00e9oconf\u00e9rence Logitech 950-000084<\/b> au meilleur prix.<\/p>\n<ul>\n<li>Couleur:\n<ul>\n<li>Blanc<\/li>\n<li>Multicouleur<\/li>\n<\/ul>\n<\/li>\n<li>Utilisation recommand\u00e9e: Syst\u00e8me de Vid\u00e9oconf\u00e9rence<\/li>\n<li>vitesse: 10\/100\/1000 Mbps<\/li>\n<li>Type: Syst\u00e8me de Vid\u00e9oconf\u00e9rence<\/li>\n<li>Connexions:\n<ul>\n<li>3 x USB 3.2 Gen 1 (3.1 Gen 1)<\/li>\n<li>HDMI<\/li>\n<li>RJ45<\/li>\n<li>Ethernet LAN<\/li>\n<li>HDMI x 2<\/li>\n<li>USB x 3<\/li>\n<li>HDMI x 3<\/li>\n<li>HDMI x 1<\/li>\n<li>USB-A<\/li>\n<li>HDMI 1.4<\/li>\n<li>USB-A 3.2<\/li>\n<\/ul>\n<\/li>\n<li>Connectivit\u00e9: Wi-Fi<\/li>\n<li>Caract\u00e9ristiques: Guide d&#8217;installation inclus<\/li>\n<li>Tension:\n<ul>\n<li>19 V<\/li>\n<li>100 &#8211; 240 V<\/li>\n<\/ul>\n<\/li>\n<li>Nombre de batteries: 2<\/li>\n<li>Type de prise: Type C<\/li>\n<li>Inclut:\n<ul>\n<li>Kit de Montage<\/li>\n<li>T\u00e9l\u00e9commande<\/li>\n<\/ul>\n<\/li>\n<li>Non inclut: Adaptateur AC<\/li>\n<li>Temp\u00e9rature approximative: -40\u00ba \/ 70\u00ba<\/li>\n<li>Batterie: 220 mAh<\/li>\n<li>Pr\u00e9cision (humidit\u00e9 relative): 10 % &#8211; 95 %<\/li>\n<li>Type de batterie: Batterie au lithium rechargeable<\/li>\n<\/ul>","protected":false},"excerpt":{"rendered":"<p>Si vous \u00eates passionn\u00e9 d&#8217;informatique et d&#8217;\u00e9lectronique, si vous \u00eates \u00e0 la pointe de la technologie et qu&#8217;aucun d\u00e9tail ne vous \u00e9chappe, achetez Syst\u00e8me de Vid\u00e9oconf\u00e9rence Logitech 950-000084 au meilleur prix. Couleur: Blanc Multicouleur Utilisation recommand\u00e9e: Syst\u00e8me de Vid\u00e9oconf\u00e9rence vitesse: 10\/100\/1000 Mbps Type: Syst\u00e8me de Vid\u00e9oconf\u00e9rence Connexions: 3 x USB 3.2 Gen 1 (3.1 Gen [&hellip;]<\/p>\n","protected":false},"featured_media":14702,"comment_status":"open","ping_status":"closed","template":"","meta":[],"product_brand":[647],"product_cat":[65,584,612],"product_tag":[106],"class_list":{"0":"post-14704","1":"product","2":"type-product","3":"status-publish","4":"has-post-thumbnail","6":"product_brand-brandp_561","7":"product_cat-informatique-electronique","8":"product_cat-informatique-reseaux-et-composants","9":"product_cat-routeurs-et-modems","10":"product_tag-tag_1295","12":"first","13":"instock","14":"taxable","15":"shipping-taxable","16":"purchasable","17":"product-type-simple"},"_links":{"self":[{"href":"https:\/\/bigbuy.tupique.com\/pt\/wp-json\/wp\/v2\/product\/14704","targetHints":{"allow":["GET"]}}],"collection":[{"href":"https:\/\/bigbuy.tupique.com\/pt\/wp-json\/wp\/v2\/product"}],"about":[{"href":"https:\/\/bigbuy.tupique.com\/pt\/wp-json\/wp\/v2\/types\/product"}],"replies":[{"embeddable":true,"href":"https:\/\/bigbuy.tupique.com\/pt\/wp-json\/wp\/v2\/comments?post=14704"}],"wp:featuredmedia":[{"embeddable":true,"href":"https:\/\/bigbuy.tupique.com\/pt\/wp-json\/wp\/v2\/media\/14702"}],"wp:attachment":[{"href":"https:\/\/bigbuy.tupique.com\/pt\/wp-json\/wp\/v2\/media?parent=14704"}],"wp:term":[{"taxonomy":"product_brand","embeddable":true,"href":"https:\/\/bigbuy.tupique.com\/pt\/wp-json\/wp\/v2\/product_brand?post=14704"},{"taxonomy":"product_cat","embeddable":true,"href":"https:\/\/bigbuy.tupique.com\/pt\/wp-json\/wp\/v2\/product_cat?post=14704"},{"taxonomy":"product_tag","embeddable":true,"href":"https:\/\/bigbuy.tupique.com\/pt\/wp-json\/wp\/v2\/product_tag?post=14704"}],"curies":[{"name":"wp","href":"https:\/\/api.w.org\/{rel}","templated":true}]}}