{"id":14661,"date":"2026-03-29T12:19:04","date_gmt":"2026-03-29T11:19:04","guid":{"rendered":"https:\/\/bigbuy.tupique.com\/produto\/uninterruptible-power-supply-system-interactive-ups-apc-srt5kxli\/"},"modified":"2026-05-11T19:58:57","modified_gmt":"2026-05-11T17:58:57","slug":"uninterruptible-power-supply-system-interactive-ups-apc-srt5kxli","status":"publish","type":"product","link":"https:\/\/bigbuy.tupique.com\/pt\/produto\/uninterruptible-power-supply-system-interactive-ups-apc-srt5kxli\/","title":{"rendered":"Syst\u00e8me d&#8217;Alimentation Sans Interruption Interactif APC SRT5KXLI"},"content":{"rendered":"<p>Si vous \u00eates passionn\u00e9 d&#8217;<b>informatique et d&#8217;\u00e9lectronique<\/b>, si vous \u00eates \u00e0 la pointe de la technologie et qu&#8217;aucun d\u00e9tail ne vous \u00e9chappe, achetez <b>Syst\u00e8me d&#8217;Alimentation Sans Interruption Interactif APC SRT5KXLI            <\/b> au meilleur prix.<\/p>\n<p>Le <b>APC SRT5KXLI<\/b> est un <b>onduleur On Line<\/b> haut de gamme offrant une protection \u00e9nerg\u00e9tique continue et fiable gr\u00e2ce \u00e0 sa topologie de <b>double conversion en ligne<\/b>, garantissant une alimentation stable et sans interruption pour les \u00e9quipements critiques. Il dispose d\u2019une puissance de sortie de <b>4500 W<\/b> et d\u2019une capacit\u00e9 nominale de <b>5 kVA<\/b>, adapt\u00e9e aux environnements professionnels exigeant une haute disponibilit\u00e9. Ce mod\u00e8le comprend <b>12 sorties AC<\/b> compatibles avec des connecteurs <b>C13 et C19<\/b>, ainsi qu\u2019une connexion <b>Hardwire<\/b> pour une int\u00e9gration flexible dans des installations complexes. Sa batterie scell\u00e9e \u00e0 technologie <b>VRLA<\/b> offre une capacit\u00e9 de <b>845 VAh<\/b>, permettant un temps de secours typique allant jusqu\u2019\u00e0 <b>4 minutes \u00e0 pleine charge<\/b>, id\u00e9al pour assurer la continuit\u00e9 lors de coupures br\u00e8ves et permettre un arr\u00eat ordonn\u00e9 des syst\u00e8mes connect\u00e9s. Le design du SRT5KXLI int\u00e8gre un \u00e9cran <b>LCD<\/b> et des <b>indicateurs LED<\/b> facilitant la surveillance et la gestion de l\u2019onduleur, tandis que des fonctions comme l\u2019alarme sonore et l\u2019indicateur de surcharge renforcent la s\u00e9curit\u00e9 op\u00e9rationnelle. Il est disponible en couleurs <b>blanc et noir<\/b>, s\u2019adaptant \u00e0 divers environnements et pr\u00e9f\u00e9rences esth\u00e9tiques. De plus, il b\u00e9n\u00e9ficie de certifications internationales telles que <b>RoHS, REACH, CE, EAC, EN\/IEC 62040-1 et EN\/IEC 62040-2<\/b>, garantissant qualit\u00e9, s\u00e9curit\u00e9 et conformit\u00e9 r\u00e9glementaire. La fonction de d\u00e9marrage \u00e0 froid assure sa mise en marche m\u00eame sans alimentation pr\u00e9alable, essentielle en cas d\u2019urgence. En r\u00e9sum\u00e9, le APC SRT5KXLI est une solution robuste et professionnelle pour garantir une alimentation \u00e9lectrique stable et prot\u00e9g\u00e9e dans les infrastructures critiques.<\/p>\n<ul>\n<li>Type:\n<ul>\n<li>SAI<\/li>\n<li>Syst\u00e8me d&#8217;Alimentation Sans Interruption Interactif<\/li>\n<li>C19<\/li>\n<\/ul>\n<\/li>\n<li>Produit \u00e0 brancher: Oui<\/li>\n<li>Type de prise: Prise EU<\/li>\n<li>Temps de charge approx.: 1,5 heures<\/li>\n<li>Bloc d\u2019Alimentation: r\u00e9seau \u00e9lectrique<\/li>\n<li>Couleur:\n<ul>\n<li>Noir<\/li>\n<li>Blanc<\/li>\n<\/ul>\n<\/li>\n<li>Largeur:\n<ul>\n<li>130 mm<\/li>\n<li>13 cm<\/li>\n<\/ul>\n<\/li>\n<li>Connexions:\n<ul>\n<li>AC x 12<\/li>\n<li>USB<\/li>\n<\/ul>\n<\/li>\n<li>Technologie:\n<ul>\n<li>VRLA<\/li>\n<li>LCD<\/li>\n<\/ul>\n<\/li>\n<li>Niveau sonore: 55 dB<\/li>\n<li>Caract\u00e9ristiques:\n<ul>\n<li>Alarme<\/li>\n<li>T\u00e9moin LED<\/li>\n<li>D\u00e9marrage \u00e0 froid<\/li>\n<li>Indicateur de surcharge<\/li>\n<\/ul>\n<\/li>\n<li>Fonctions: Hot Swap<\/li>\n<li>Ann\u00e9e: 2014<\/li>\n<li>Tension:\n<ul>\n<li>220 V<\/li>\n<li>230 V<\/li>\n<\/ul>\n<\/li>\n<li>Tension de sortie: 240 V<\/li>\n<li>Classification IP: IP20<\/li>\n<li>puissance: 4500 W<\/li>\n<\/ul>","protected":false},"excerpt":{"rendered":"<p>Si vous \u00eates passionn\u00e9 d&#8217;informatique et d&#8217;\u00e9lectronique, si vous \u00eates \u00e0 la pointe de la technologie et qu&#8217;aucun d\u00e9tail ne vous \u00e9chappe, achetez Syst\u00e8me d&#8217;Alimentation Sans Interruption Interactif APC SRT5KXLI au meilleur prix. Le APC SRT5KXLI est un onduleur On Line haut de gamme offrant une protection \u00e9nerg\u00e9tique continue et fiable gr\u00e2ce \u00e0 sa topologie [&hellip;]<\/p>\n","protected":false},"featured_media":14659,"comment_status":"open","ping_status":"closed","template":"","meta":[],"product_brand":[649],"product_cat":[65,581,603],"product_tag":[106],"class_list":{"0":"post-14661","1":"product","2":"type-product","3":"status-publish","4":"has-post-thumbnail","6":"product_brand-brandp_532","7":"product_cat-informatique-electronique","8":"product_cat-informatique-peripheriques-et-consommables","9":"product_cat-ups","10":"product_tag-tag_1295","12":"first","13":"instock","14":"taxable","15":"shipping-taxable","16":"purchasable","17":"product-type-simple"},"_links":{"self":[{"href":"https:\/\/bigbuy.tupique.com\/pt\/wp-json\/wp\/v2\/product\/14661","targetHints":{"allow":["GET"]}}],"collection":[{"href":"https:\/\/bigbuy.tupique.com\/pt\/wp-json\/wp\/v2\/product"}],"about":[{"href":"https:\/\/bigbuy.tupique.com\/pt\/wp-json\/wp\/v2\/types\/product"}],"replies":[{"embeddable":true,"href":"https:\/\/bigbuy.tupique.com\/pt\/wp-json\/wp\/v2\/comments?post=14661"}],"wp:featuredmedia":[{"embeddable":true,"href":"https:\/\/bigbuy.tupique.com\/pt\/wp-json\/wp\/v2\/media\/14659"}],"wp:attachment":[{"href":"https:\/\/bigbuy.tupique.com\/pt\/wp-json\/wp\/v2\/media?parent=14661"}],"wp:term":[{"taxonomy":"product_brand","embeddable":true,"href":"https:\/\/bigbuy.tupique.com\/pt\/wp-json\/wp\/v2\/product_brand?post=14661"},{"taxonomy":"product_cat","embeddable":true,"href":"https:\/\/bigbuy.tupique.com\/pt\/wp-json\/wp\/v2\/product_cat?post=14661"},{"taxonomy":"product_tag","embeddable":true,"href":"https:\/\/bigbuy.tupique.com\/pt\/wp-json\/wp\/v2\/product_tag?post=14661"}],"curies":[{"name":"wp","href":"https:\/\/api.w.org\/{rel}","templated":true}]}}