{"id":14624,"date":"2026-03-29T12:18:21","date_gmt":"2026-03-29T11:18:21","guid":{"rendered":"https:\/\/bigbuy.tupique.com\/produto\/external-hard-drive-lacie-stfr4000800-4-tb-ssd\/"},"modified":"2026-05-11T19:59:01","modified_gmt":"2026-05-11T17:59:01","slug":"external-hard-drive-lacie-stfr4000800-4-tb-ssd","status":"publish","type":"product","link":"https:\/\/bigbuy.tupique.com\/pt\/produto\/external-hard-drive-lacie-stfr4000800-4-tb-ssd\/","title":{"rendered":"Disque Dur Externe LaCie STFR4000800 4 TB SSD"},"content":{"rendered":"<p>Si vous \u00eates passionn\u00e9 d&#8217;<b>informatique et d&#8217;\u00e9lectronique<\/b>, si vous \u00eates \u00e0 la pointe de la technologie et qu&#8217;aucun d\u00e9tail ne vous \u00e9chappe, achetez <b>Disque Dur Externe LaCie STFR4000800 4 TB SSD<\/b> au meilleur prix.<\/p>\n<ul>\n<li>Connexions:\n<ul>\n<li>USB-C<\/li>\n<li>USB 3.2<\/li>\n<li>USB<\/li>\n<li>SATA<\/li>\n<\/ul>\n<\/li>\n<li>Couleur:\n<ul>\n<li>Argent\u00e9<\/li>\n<li>Orange<\/li>\n<\/ul>\n<\/li>\n<li>Taille: 2,5&#8243;<\/li>\n<li>Poids: 400 g<\/li>\n<li>vitesse: 5400 rpm<\/li>\n<li>Inclut: C\u00e2ble USB C<\/li>\n<li>Technologie: HDD<\/li>\n<li>Type:\n<ul>\n<li>Disque Dur Externe<\/li>\n<li>HDD<\/li>\n<li>SSD<\/li>\n<\/ul>\n<\/li>\n<li>Compatible: Mac OS<\/li>\n<li>M\u00e9moire interne: 4 GB<\/li>\n<li>Bloc d\u2019Alimentation: USB<\/li>\n<li>Non inclut: Wi-Fi<\/li>\n<li>Disque dur: 4 TB SSD<\/li>\n<\/ul>","protected":false},"excerpt":{"rendered":"<p>Si vous \u00eates passionn\u00e9 d&#8217;informatique et d&#8217;\u00e9lectronique, si vous \u00eates \u00e0 la pointe de la technologie et qu&#8217;aucun d\u00e9tail ne vous \u00e9chappe, achetez Disque Dur Externe LaCie STFR4000800 4 TB SSD au meilleur prix. Connexions: USB-C USB 3.2 USB SATA Couleur: Argent\u00e9 Orange Taille: 2,5&#8243; Poids: 400 g vitesse: 5400 rpm Inclut: C\u00e2ble USB C [&hellip;]<\/p>\n","protected":false},"featured_media":14621,"comment_status":"open","ping_status":"closed","template":"","meta":[],"product_brand":[660],"product_cat":[588,65,584],"product_tag":[106],"class_list":{"0":"post-14624","1":"product","2":"type-product","3":"status-publish","4":"has-post-thumbnail","6":"product_brand-brandp_913","7":"product_cat-disques-durs","8":"product_cat-informatique-electronique","9":"product_cat-informatique-reseaux-et-composants","10":"product_tag-tag_1295","12":"first","13":"instock","14":"taxable","15":"shipping-taxable","16":"purchasable","17":"product-type-simple"},"_links":{"self":[{"href":"https:\/\/bigbuy.tupique.com\/pt\/wp-json\/wp\/v2\/product\/14624","targetHints":{"allow":["GET"]}}],"collection":[{"href":"https:\/\/bigbuy.tupique.com\/pt\/wp-json\/wp\/v2\/product"}],"about":[{"href":"https:\/\/bigbuy.tupique.com\/pt\/wp-json\/wp\/v2\/types\/product"}],"replies":[{"embeddable":true,"href":"https:\/\/bigbuy.tupique.com\/pt\/wp-json\/wp\/v2\/comments?post=14624"}],"wp:featuredmedia":[{"embeddable":true,"href":"https:\/\/bigbuy.tupique.com\/pt\/wp-json\/wp\/v2\/media\/14621"}],"wp:attachment":[{"href":"https:\/\/bigbuy.tupique.com\/pt\/wp-json\/wp\/v2\/media?parent=14624"}],"wp:term":[{"taxonomy":"product_brand","embeddable":true,"href":"https:\/\/bigbuy.tupique.com\/pt\/wp-json\/wp\/v2\/product_brand?post=14624"},{"taxonomy":"product_cat","embeddable":true,"href":"https:\/\/bigbuy.tupique.com\/pt\/wp-json\/wp\/v2\/product_cat?post=14624"},{"taxonomy":"product_tag","embeddable":true,"href":"https:\/\/bigbuy.tupique.com\/pt\/wp-json\/wp\/v2\/product_tag?post=14624"}],"curies":[{"name":"wp","href":"https:\/\/api.w.org\/{rel}","templated":true}]}}