{"id":14609,"date":"2026-03-29T12:07:33","date_gmt":"2026-03-29T11:07:33","guid":{"rendered":"https:\/\/bigbuy.tupique.com\/produto\/trolley-startech-stndmtv70\/"},"modified":"2026-04-14T23:51:37","modified_gmt":"2026-04-14T22:51:37","slug":"trolley-startech-stndmtv70","status":"publish","type":"product","link":"https:\/\/bigbuy.tupique.com\/pt\/produto\/trolley-startech-stndmtv70\/","title":{"rendered":"Trolley Startech STNDMTV70"},"content":{"rendered":"<p>Si vous \u00eates passionn\u00e9 d&#8217;<b>informatique et d&#8217;\u00e9lectronique<\/b>, si vous \u00eates \u00e0 la pointe de la technologie et qu&#8217;aucun d\u00e9tail ne vous \u00e9chappe, achetez <b>Trolley Startech STNDMTV70           <\/b> au meilleur prix.<\/p>\n<ul>\n<li>Pouces:\n<ul>\n<li>32&#8243;<\/li>\n<li>75&#8243;<\/li>\n<\/ul>\n<\/li>\n<li>roues: 4<\/li>\n<li>Compatible:\n<ul>\n<li>VESA 200 x 200<\/li>\n<li>VESA 600 x 400 mm<\/li>\n<li>VESA 200 x 200 mm<\/li>\n<li>VESA 200 x 200,300 x 300,400 x 200,400 x 400,600 x 400<\/li>\n<\/ul>\n<\/li>\n<li>Poids Max. support\u00e9: 40 kg<\/li>\n<li>Caract\u00e9ristiques:\n<ul>\n<li>R\u00e9glable<\/li>\n<li>4 roues pour facilit\u00e9 son d\u00e9placement<\/li>\n<li>Etag\u00e8re<\/li>\n<li>Inclinable<\/li>\n<\/ul>\n<\/li>\n<li>Type:\n<ul>\n<li>Trolley<\/li>\n<li>Support pour le sol<\/li>\n<\/ul>\n<\/li>\n<li>Mati\u00e8re: Acier inoxydable<\/li>\n<li>Ecran:\n<ul>\n<li>32&#8243;<\/li>\n<li>75&#8243;<\/li>\n<\/ul>\n<\/li>\n<li>Pays \/ r\u00e9gion de fabrication: Espagne<\/li>\n<li>Ann\u00e9e: 2019<\/li>\n<li>Connexions: SATA<\/li>\n<li>Rotation: 90\u00ba<\/li>\n<li>Inclut:\n<ul>\n<li>Vis<\/li>\n<li>Manuel de l&#8217;utilisateur<\/li>\n<\/ul>\n<\/li>\n<li>VESA:\n<ul>\n<li>20 x 20 cm<\/li>\n<li>60 x 40 cm<\/li>\n<\/ul>\n<\/li>\n<li>Certificat: RoHS<\/li>\n<li>Type d&#8217;installation: Montage mural<\/li>\n<li>Type de mouvement: Inclinable<\/li>\n<li>Avec des roues: x4<\/li>\n<\/ul>","protected":false},"excerpt":{"rendered":"<p>Si vous \u00eates passionn\u00e9 d&#8217;informatique et d&#8217;\u00e9lectronique, si vous \u00eates \u00e0 la pointe de la technologie et qu&#8217;aucun d\u00e9tail ne vous \u00e9chappe, achetez Trolley Startech STNDMTV70 au meilleur prix. Pouces: 32&#8243; 75&#8243; roues: 4 Compatible: VESA 200 x 200 VESA 600 x 400 mm VESA 200 x 200 mm VESA 200 x 200,300 x 300,400 [&hellip;]<\/p>\n","protected":false},"featured_media":14605,"comment_status":"open","ping_status":"closed","template":"","meta":[],"product_brand":[634],"product_cat":[589,65,590],"product_tag":[],"class_list":{"0":"post-14609","1":"product","2":"type-product","3":"status-publish","4":"has-post-thumbnail","6":"product_brand-brandp_4771","7":"product_cat-electronique-television","8":"product_cat-informatique-electronique","9":"product_cat-supports-de-television","11":"first","12":"instock","13":"taxable","14":"shipping-taxable","15":"purchasable","16":"product-type-simple"},"_links":{"self":[{"href":"https:\/\/bigbuy.tupique.com\/pt\/wp-json\/wp\/v2\/product\/14609","targetHints":{"allow":["GET"]}}],"collection":[{"href":"https:\/\/bigbuy.tupique.com\/pt\/wp-json\/wp\/v2\/product"}],"about":[{"href":"https:\/\/bigbuy.tupique.com\/pt\/wp-json\/wp\/v2\/types\/product"}],"replies":[{"embeddable":true,"href":"https:\/\/bigbuy.tupique.com\/pt\/wp-json\/wp\/v2\/comments?post=14609"}],"wp:featuredmedia":[{"embeddable":true,"href":"https:\/\/bigbuy.tupique.com\/pt\/wp-json\/wp\/v2\/media\/14605"}],"wp:attachment":[{"href":"https:\/\/bigbuy.tupique.com\/pt\/wp-json\/wp\/v2\/media?parent=14609"}],"wp:term":[{"taxonomy":"product_brand","embeddable":true,"href":"https:\/\/bigbuy.tupique.com\/pt\/wp-json\/wp\/v2\/product_brand?post=14609"},{"taxonomy":"product_cat","embeddable":true,"href":"https:\/\/bigbuy.tupique.com\/pt\/wp-json\/wp\/v2\/product_cat?post=14609"},{"taxonomy":"product_tag","embeddable":true,"href":"https:\/\/bigbuy.tupique.com\/pt\/wp-json\/wp\/v2\/product_tag?post=14609"}],"curies":[{"name":"wp","href":"https:\/\/api.w.org\/{rel}","templated":true}]}}