{"id":14604,"date":"2026-03-29T12:07:25","date_gmt":"2026-03-29T11:07:25","guid":{"rendered":"https:\/\/bigbuy.tupique.com\/produto\/headphones-with-microphone-jabra-evolve2-75\/"},"modified":"2026-04-16T08:20:51","modified_gmt":"2026-04-16T07:20:51","slug":"headphones-with-microphone-jabra-evolve2-75","status":"publish","type":"product","link":"https:\/\/bigbuy.tupique.com\/pt\/produto\/headphones-with-microphone-jabra-evolve2-75\/","title":{"rendered":"Casques avec Microphone Jabra Evolve2 75"},"content":{"rendered":"<p>Si vous \u00eates passionn\u00e9 d&#8217;<b>informatique et d&#8217;\u00e9lectronique<\/b>, si vous \u00eates \u00e0 la pointe de la technologie et qu&#8217;aucun d\u00e9tail ne vous \u00e9chappe, achetez <b>Casques avec Microphone Jabra Evolve2 75<\/b> au meilleur prix.<\/p>\n<ul>\n<li>Connexions:\n<ul>\n<li>USB-C<\/li>\n<li>USB<\/li>\n<\/ul>\n<\/li>\n<li>Caract\u00e9ristiques:\n<ul>\n<li>Sans fil<\/li>\n<li>Annulation de bruit<\/li>\n<li>Batterie int\u00e9gr\u00e9e<\/li>\n<li>R\u00e9duction du bruit<\/li>\n<li>Interrupteur marche\/arr\u00eat<\/li>\n<li>T\u00e9moin LED<\/li>\n<li>Guide d&#8217;installation inclus<\/li>\n<li>LED indicateur de chargement<\/li>\n<li>Guide vocal<\/li>\n<\/ul>\n<\/li>\n<li>Autonomie approx.: 24 heures<\/li>\n<li>Type:\n<ul>\n<li>Casques avec Microphone<\/li>\n<li>Sans fil<\/li>\n<\/ul>\n<\/li>\n<li>Couleur: Noir<\/li>\n<li>Type de batterie: Litio Ion<\/li>\n<li>Connectivit\u00e9:\n<ul>\n<li>Bluetooth<\/li>\n<li>Sans fil<\/li>\n<li>Bluetooth 5.2<\/li>\n<\/ul>\n<\/li>\n<li>Port\u00e9e: 30 m<\/li>\n<li>Utilisation recommand\u00e9e: Oficina\/Centro de llamadas<\/li>\n<li>Mati\u00e8re:\n<ul>\n<li>Plastique<\/li>\n<li>Simili-cuir<\/li>\n<\/ul>\n<\/li>\n<li>Type de casque: Externe supra-aural<\/li>\n<li>Contr\u00f4le: Boutons<\/li>\n<li>\u00c2ge recommand\u00e9: Adultes<\/li>\n<li>Casque: Binaural<\/li>\n<li>Ann\u00e9e: 2021<\/li>\n<li>Inclut: Housse de transport<\/li>\n<\/ul>","protected":false},"excerpt":{"rendered":"<p>Si vous \u00eates passionn\u00e9 d&#8217;informatique et d&#8217;\u00e9lectronique, si vous \u00eates \u00e0 la pointe de la technologie et qu&#8217;aucun d\u00e9tail ne vous \u00e9chappe, achetez Casques avec Microphone Jabra Evolve2 75 au meilleur prix. Connexions: USB-C USB Caract\u00e9ristiques: Sans fil Annulation de bruit Batterie int\u00e9gr\u00e9e R\u00e9duction du bruit Interrupteur marche\/arr\u00eat T\u00e9moin LED Guide d&#8217;installation inclus LED indicateur [&hellip;]<\/p>\n","protected":false},"featured_media":14602,"comment_status":"open","ping_status":"closed","template":"","meta":[],"product_brand":[642],"product_cat":[65,581,594],"product_tag":[213,566,106],"class_list":{"0":"post-14604","1":"product","2":"type-product","3":"status-publish","4":"has-post-thumbnail","6":"product_brand-brandp_3341","7":"product_cat-informatique-electronique","8":"product_cat-informatique-peripheriques-et-consommables","9":"product_cat-micros-et-ecouteurs","10":"product_tag-tag_933","11":"product_tag-tag_547","12":"product_tag-tag_1295","14":"first","15":"instock","16":"taxable","17":"shipping-taxable","18":"purchasable","19":"product-type-simple"},"_links":{"self":[{"href":"https:\/\/bigbuy.tupique.com\/pt\/wp-json\/wp\/v2\/product\/14604","targetHints":{"allow":["GET"]}}],"collection":[{"href":"https:\/\/bigbuy.tupique.com\/pt\/wp-json\/wp\/v2\/product"}],"about":[{"href":"https:\/\/bigbuy.tupique.com\/pt\/wp-json\/wp\/v2\/types\/product"}],"replies":[{"embeddable":true,"href":"https:\/\/bigbuy.tupique.com\/pt\/wp-json\/wp\/v2\/comments?post=14604"}],"wp:featuredmedia":[{"embeddable":true,"href":"https:\/\/bigbuy.tupique.com\/pt\/wp-json\/wp\/v2\/media\/14602"}],"wp:attachment":[{"href":"https:\/\/bigbuy.tupique.com\/pt\/wp-json\/wp\/v2\/media?parent=14604"}],"wp:term":[{"taxonomy":"product_brand","embeddable":true,"href":"https:\/\/bigbuy.tupique.com\/pt\/wp-json\/wp\/v2\/product_brand?post=14604"},{"taxonomy":"product_cat","embeddable":true,"href":"https:\/\/bigbuy.tupique.com\/pt\/wp-json\/wp\/v2\/product_cat?post=14604"},{"taxonomy":"product_tag","embeddable":true,"href":"https:\/\/bigbuy.tupique.com\/pt\/wp-json\/wp\/v2\/product_tag?post=14604"}],"curies":[{"name":"wp","href":"https:\/\/api.w.org\/{rel}","templated":true}]}}