{"id":14592,"date":"2026-03-29T12:07:08","date_gmt":"2026-03-29T11:07:08","guid":{"rendered":"https:\/\/bigbuy.tupique.com\/produto\/switch-zyxel-gs1920-48v2-eu0101f\/"},"modified":"2026-04-14T23:51:34","modified_gmt":"2026-04-14T22:51:34","slug":"switch-zyxel-gs1920-48v2-eu0101f","status":"publish","type":"product","link":"https:\/\/bigbuy.tupique.com\/pt\/produto\/switch-zyxel-gs1920-48v2-eu0101f\/","title":{"rendered":"Switch ZyXEL GS1920-48V2-EU0101F"},"content":{"rendered":"<p>Si vous \u00eates passionn\u00e9 d&#8217;<b>informatique et d&#8217;\u00e9lectronique<\/b>, si vous \u00eates \u00e0 la pointe de la technologie et qu&#8217;aucun d\u00e9tail ne vous \u00e9chappe, achetez <b>Switch ZyXEL GS1920-48V2-EU0101F<\/b> au meilleur prix.<\/p>\n<p>Le <b>switch ZyXEL GS1920-48V2-EU0101F<\/b> est un \u00e9quipement r\u00e9seau intelligent administr\u00e9, con\u00e7u pour des environnements professionnels n\u00e9cessitant une connectivit\u00e9 efficace et fiable. Ce <b>switch<\/b> dispose de <b>48 ports Ethernet LAN<\/b> \u00e0 haute vitesse et de <b>4 ports SFP<\/b> permettant la connexion par fibre optique, facilitant ainsi l\u2019int\u00e9gration dans des infrastructures avanc\u00e9es et garantissant une grande flexibilit\u00e9 r\u00e9seau. Son architecture est pr\u00e9vue pour un montage en <b>rack<\/b> ou <b>armoire<\/b>, s\u2019adaptant \u00e0 diverses configurations physiques et optimisant l\u2019espace dans les salles de t\u00e9l\u00e9communications ou centres de donn\u00e9es. Il int\u00e8gre une m\u00e9moire interne comprenant <b>256 Mo de RAM et 32 Mo de m\u00e9moire flash<\/b>, assurant une gestion rapide des paquets et un trafic efficace. La capacit\u00e9 de commutation atteint <b>100 Gbps<\/b>, avec un d\u00e9bit de transfert de <b>74 Mpps<\/b>, permettant un traitement rapide des donn\u00e9es, tandis que son tampon de paquets de <b>1,5 Mo<\/b> aide \u00e0 \u00e9viter les pertes en cas de trafic intense. Sa table d\u2019adresses MAC peut contenir jusqu\u2019\u00e0 <b>16 000 entr\u00e9es<\/b>, facilitant la gestion de r\u00e9seaux complexes avec de nombreux appareils connect\u00e9s. Ce mod\u00e8le fonctionne avec une alimentation acceptant des tensions de <b>100 \u00e0 240 V AC \u00e0 50\/60 Hz<\/b> et consomme au maximum <b>36,9 watts<\/b>, ce qui en fait une option \u00e9conome en \u00e9nergie. Ses dimensions compactes de <b>440 x 200 x 44,5 mm<\/b> et un poids de <b>2,8 kg<\/b> garantissent une installation facile sans compromettre la robustesse de l\u2019\u00e9quipement. En r\u00e9sum\u00e9, le GS1920-48V2 de ZyXEL est une solution polyvalente et fiable pour les professionnels recherchant un switch administr\u00e9 performant, id\u00e9al pour les installations d\u2019entreprise exigeant fiabilit\u00e9 et flexibilit\u00e9 dans la gestion du trafic r\u00e9seau.<\/p>\n<ul>\n<li>Largeur: 44 cm<\/li>\n<li>Produit \u00e0 brancher: Oui<\/li>\n<li>Type de prise: Prise EU<\/li>\n<li>Connexions:\n<ul>\n<li>SFP x 4<\/li>\n<li>Ethernet LAN<\/li>\n<\/ul>\n<\/li>\n<li>Type: Switch<\/li>\n<li>Bloc d\u2019Alimentation:\n<ul>\n<li>r\u00e9seau \u00e9lectrique<\/li>\n<li>Cordon d&#8217;alimentation CA<\/li>\n<\/ul>\n<\/li>\n<li>Couleur: Noir<\/li>\n<li>Tension:\n<ul>\n<li>100-240 V<\/li>\n<li>220 V<\/li>\n<li>100 &#8211; 240 V<\/li>\n<\/ul>\n<\/li>\n<li>Fr\u00e9quence:\n<ul>\n<li>50-60 Hz<\/li>\n<li>50 &#8211; 60 Hz<\/li>\n<\/ul>\n<\/li>\n<li>Certificat: RoHS<\/li>\n<li>Niveau sonore: 26 dB<\/li>\n<li>M\u00e9moire interne:\n<ul>\n<li>256 MB<\/li>\n<li>32 GB<\/li>\n<\/ul>\n<\/li>\n<li>Support: Multisupport<\/li>\n<li>N\u00b0 de rainures: 2<\/li>\n<li>Ports: 48<\/li>\n<li>Caract\u00e9ristiques:\n<ul>\n<li>T\u00e9moin de fonctionnement LED<\/li>\n<li>Protection des donn\u00e9es\/mot de passe<\/li>\n<\/ul>\n<\/li>\n<li>Temp\u00e9rature approximative: -40\u00ba \/ 70\u00ba<\/li>\n<li>S\u00e9curit\u00e9: IGMP<\/li>\n<li>Pr\u00e9cision (humidit\u00e9 relative): 10 % &#8211; 95 %<\/li>\n<\/ul>","protected":false},"excerpt":{"rendered":"<p>Si vous \u00eates passionn\u00e9 d&#8217;informatique et d&#8217;\u00e9lectronique, si vous \u00eates \u00e0 la pointe de la technologie et qu&#8217;aucun d\u00e9tail ne vous \u00e9chappe, achetez Switch ZyXEL GS1920-48V2-EU0101F au meilleur prix. Le switch ZyXEL GS1920-48V2-EU0101F est un \u00e9quipement r\u00e9seau intelligent administr\u00e9, con\u00e7u pour des environnements professionnels n\u00e9cessitant une connectivit\u00e9 efficace et fiable. Ce switch dispose de 48 [&hellip;]<\/p>\n","protected":false},"featured_media":14590,"comment_status":"open","ping_status":"closed","template":"","meta":[],"product_brand":[648],"product_cat":[65,584,585],"product_tag":[106],"class_list":{"0":"post-14592","1":"product","2":"type-product","3":"status-publish","4":"has-post-thumbnail","6":"product_brand-brandp_669","7":"product_cat-informatique-electronique","8":"product_cat-informatique-reseaux-et-composants","9":"product_cat-switch","10":"product_tag-tag_1295","12":"first","13":"instock","14":"taxable","15":"shipping-taxable","16":"purchasable","17":"product-type-simple"},"_links":{"self":[{"href":"https:\/\/bigbuy.tupique.com\/pt\/wp-json\/wp\/v2\/product\/14592","targetHints":{"allow":["GET"]}}],"collection":[{"href":"https:\/\/bigbuy.tupique.com\/pt\/wp-json\/wp\/v2\/product"}],"about":[{"href":"https:\/\/bigbuy.tupique.com\/pt\/wp-json\/wp\/v2\/types\/product"}],"replies":[{"embeddable":true,"href":"https:\/\/bigbuy.tupique.com\/pt\/wp-json\/wp\/v2\/comments?post=14592"}],"wp:featuredmedia":[{"embeddable":true,"href":"https:\/\/bigbuy.tupique.com\/pt\/wp-json\/wp\/v2\/media\/14590"}],"wp:attachment":[{"href":"https:\/\/bigbuy.tupique.com\/pt\/wp-json\/wp\/v2\/media?parent=14592"}],"wp:term":[{"taxonomy":"product_brand","embeddable":true,"href":"https:\/\/bigbuy.tupique.com\/pt\/wp-json\/wp\/v2\/product_brand?post=14592"},{"taxonomy":"product_cat","embeddable":true,"href":"https:\/\/bigbuy.tupique.com\/pt\/wp-json\/wp\/v2\/product_cat?post=14592"},{"taxonomy":"product_tag","embeddable":true,"href":"https:\/\/bigbuy.tupique.com\/pt\/wp-json\/wp\/v2\/product_tag?post=14592"}],"curies":[{"name":"wp","href":"https:\/\/api.w.org\/{rel}","templated":true}]}}