{"id":14539,"date":"2026-03-29T12:05:57","date_gmt":"2026-03-29T11:05:57","guid":{"rendered":"https:\/\/bigbuy.tupique.com\/produto\/pci-card-startech-tb31pciex16\/"},"modified":"2026-04-14T23:51:26","modified_gmt":"2026-04-14T22:51:26","slug":"pci-card-startech-tb31pciex16","status":"publish","type":"product","link":"https:\/\/bigbuy.tupique.com\/pt\/produto\/pci-card-startech-tb31pciex16\/","title":{"rendered":"Carte PCI Startech TB31PCIEX16"},"content":{"rendered":"<p>Si vous \u00eates passionn\u00e9 d&#8217;<b>informatique et d&#8217;\u00e9lectronique<\/b>, si vous \u00eates \u00e0 la pointe de la technologie et qu&#8217;aucun d\u00e9tail ne vous \u00e9chappe, achetez <b>Carte PCI Startech TB31PCIEX16<\/b> au meilleur prix.<\/p>\n<ul>\n<li>Compatible: Windows, MAC<\/li>\n<li>Connexions:\n<ul>\n<li>PCIe<\/li>\n<li>Thunderbolt 3<\/li>\n<li>2<\/li>\n<li>USB<\/li>\n<li>PCI Express x16 2.0<\/li>\n<li>Thunderbolt 3 x 2<\/li>\n<li>DisplayPort x 1<\/li>\n<\/ul>\n<\/li>\n<li>Type:\n<ul>\n<li>Bo\u00eetier Externe<\/li>\n<li>Avec fil<\/li>\n<\/ul>\n<\/li>\n<li>Longueur du c\u00e2ble: 50 cm<\/li>\n<li>Couleur: Noir<\/li>\n<li>Largeur: 142 mm<\/li>\n<li>Bloc d\u2019Alimentation:\n<ul>\n<li>CC<\/li>\n<li>Avec fil<\/li>\n<\/ul>\n<\/li>\n<li>Tension de sortie: 12 V<\/li>\n<li>Ethernet: Non<\/li>\n<li>Caract\u00e9ristiques: Guide d&#8217;installation inclus<\/li>\n<li>Tension:\n<ul>\n<li>12 V<\/li>\n<li>100 &#8211; 240 V<\/li>\n<\/ul>\n<\/li>\n<li>puissance: 65 W<\/li>\n<li>Certificat: RoHS<\/li>\n<li>consommation d&#8217;\u00e9nergie: 65 kWh<\/li>\n<li>Non inclut: Adaptateur AC<\/li>\n<li>Amp\u00e9rage: 2 A<\/li>\n<li>Pr\u00e9cision (humidit\u00e9 relative): 20 % &#8211; 80 %<\/li>\n<li>Temp\u00e9rature approximative: -20\u00ba \/ 50\u00ba<\/li>\n<li>Inclut: Thunderbolt<\/li>\n<\/ul>","protected":false},"excerpt":{"rendered":"<p>Si vous \u00eates passionn\u00e9 d&#8217;informatique et d&#8217;\u00e9lectronique, si vous \u00eates \u00e0 la pointe de la technologie et qu&#8217;aucun d\u00e9tail ne vous \u00e9chappe, achetez Carte PCI Startech TB31PCIEX16 au meilleur prix. Compatible: Windows, MAC Connexions: PCIe Thunderbolt 3 2 USB PCI Express x16 2.0 Thunderbolt 3 x 2 DisplayPort x 1 Type: Bo\u00eetier Externe Avec fil [&hellip;]<\/p>\n","protected":false},"featured_media":14535,"comment_status":"open","ping_status":"closed","template":"","meta":[],"product_brand":[634],"product_cat":[604,65,584],"product_tag":[106],"class_list":{"0":"post-14539","1":"product","2":"type-product","3":"status-publish","4":"has-post-thumbnail","6":"product_brand-brandp_4771","7":"product_cat-cartes-pci","8":"product_cat-informatique-electronique","9":"product_cat-informatique-reseaux-et-composants","10":"product_tag-tag_1295","12":"first","13":"instock","14":"taxable","15":"shipping-taxable","16":"purchasable","17":"product-type-simple"},"_links":{"self":[{"href":"https:\/\/bigbuy.tupique.com\/pt\/wp-json\/wp\/v2\/product\/14539","targetHints":{"allow":["GET"]}}],"collection":[{"href":"https:\/\/bigbuy.tupique.com\/pt\/wp-json\/wp\/v2\/product"}],"about":[{"href":"https:\/\/bigbuy.tupique.com\/pt\/wp-json\/wp\/v2\/types\/product"}],"replies":[{"embeddable":true,"href":"https:\/\/bigbuy.tupique.com\/pt\/wp-json\/wp\/v2\/comments?post=14539"}],"wp:featuredmedia":[{"embeddable":true,"href":"https:\/\/bigbuy.tupique.com\/pt\/wp-json\/wp\/v2\/media\/14535"}],"wp:attachment":[{"href":"https:\/\/bigbuy.tupique.com\/pt\/wp-json\/wp\/v2\/media?parent=14539"}],"wp:term":[{"taxonomy":"product_brand","embeddable":true,"href":"https:\/\/bigbuy.tupique.com\/pt\/wp-json\/wp\/v2\/product_brand?post=14539"},{"taxonomy":"product_cat","embeddable":true,"href":"https:\/\/bigbuy.tupique.com\/pt\/wp-json\/wp\/v2\/product_cat?post=14539"},{"taxonomy":"product_tag","embeddable":true,"href":"https:\/\/bigbuy.tupique.com\/pt\/wp-json\/wp\/v2\/product_tag?post=14539"}],"curies":[{"name":"wp","href":"https:\/\/api.w.org\/{rel}","templated":true}]}}