{"id":14534,"date":"2026-03-29T12:05:49","date_gmt":"2026-03-29T11:05:49","guid":{"rendered":"https:\/\/bigbuy.tupique.com\/produto\/energy-distributor-apc-ap8886\/"},"modified":"2026-04-16T07:59:52","modified_gmt":"2026-04-16T06:59:52","slug":"energy-distributor-apc-ap8886","status":"publish","type":"product","link":"https:\/\/bigbuy.tupique.com\/pt\/produto\/energy-distributor-apc-ap8886\/","title":{"rendered":"Distributeur d&#8217;\u00e9nergie APC AP8886"},"content":{"rendered":"<p>Si vous \u00eates passionn\u00e9 d&#8217;<b>informatique et d&#8217;\u00e9lectronique<\/b>, si vous \u00eates \u00e0 la pointe de la technologie et qu&#8217;aucun d\u00e9tail ne vous \u00e9chappe, achetez <b>Distributeur d&#8217;\u00e9nergie APC AP8886<\/b> au meilleur prix.<\/p>\n<ul>\n<li>Type:\n<ul>\n<li>R\u00e9glette<\/li>\n<li>C13<\/li>\n<li>C19<\/li>\n<\/ul>\n<\/li>\n<li>Produit \u00e0 brancher: Oui<\/li>\n<li>Type de prise: Prise EU<\/li>\n<li>Bloc d\u2019Alimentation: r\u00e9seau \u00e9lectrique<\/li>\n<li>Couleur: Noir<\/li>\n<li>Fr\u00e9quence:\n<ul>\n<li>50-60 Hz<\/li>\n<li>50 &#8211; 60 Hz<\/li>\n<\/ul>\n<\/li>\n<li>Puissance nominale: 400 VA<\/li>\n<li>Caract\u00e9ristiques: T\u00e9moin de fonctionnement LED<\/li>\n<li>Certificat: RoHS<\/li>\n<li>Longueur du c\u00e2ble: 1,83 m<\/li>\n<\/ul>","protected":false},"excerpt":{"rendered":"<p>Si vous \u00eates passionn\u00e9 d&#8217;informatique et d&#8217;\u00e9lectronique, si vous \u00eates \u00e0 la pointe de la technologie et qu&#8217;aucun d\u00e9tail ne vous \u00e9chappe, achetez Distributeur d&#8217;\u00e9nergie APC AP8886 au meilleur prix. Type: R\u00e9glette C13 C19 Produit \u00e0 brancher: Oui Type de prise: Prise EU Bloc d\u2019Alimentation: r\u00e9seau \u00e9lectrique Couleur: Noir Fr\u00e9quence: 50-60 Hz 50 &#8211; 60 [&hellip;]<\/p>\n","protected":false},"featured_media":14531,"comment_status":"open","ping_status":"closed","template":"","meta":[],"product_brand":[649],"product_cat":[613,239],"product_tag":[210],"class_list":{"0":"post-14534","1":"product","2":"type-product","3":"status-publish","4":"has-post-thumbnail","6":"product_brand-brandp_532","7":"product_cat-bricolage-et-materiel","8":"product_cat-maison-jardin","9":"product_tag-tag_25","11":"first","12":"instock","13":"taxable","14":"shipping-taxable","15":"purchasable","16":"product-type-simple"},"_links":{"self":[{"href":"https:\/\/bigbuy.tupique.com\/pt\/wp-json\/wp\/v2\/product\/14534","targetHints":{"allow":["GET"]}}],"collection":[{"href":"https:\/\/bigbuy.tupique.com\/pt\/wp-json\/wp\/v2\/product"}],"about":[{"href":"https:\/\/bigbuy.tupique.com\/pt\/wp-json\/wp\/v2\/types\/product"}],"replies":[{"embeddable":true,"href":"https:\/\/bigbuy.tupique.com\/pt\/wp-json\/wp\/v2\/comments?post=14534"}],"wp:featuredmedia":[{"embeddable":true,"href":"https:\/\/bigbuy.tupique.com\/pt\/wp-json\/wp\/v2\/media\/14531"}],"wp:attachment":[{"href":"https:\/\/bigbuy.tupique.com\/pt\/wp-json\/wp\/v2\/media?parent=14534"}],"wp:term":[{"taxonomy":"product_brand","embeddable":true,"href":"https:\/\/bigbuy.tupique.com\/pt\/wp-json\/wp\/v2\/product_brand?post=14534"},{"taxonomy":"product_cat","embeddable":true,"href":"https:\/\/bigbuy.tupique.com\/pt\/wp-json\/wp\/v2\/product_cat?post=14534"},{"taxonomy":"product_tag","embeddable":true,"href":"https:\/\/bigbuy.tupique.com\/pt\/wp-json\/wp\/v2\/product_tag?post=14534"}],"curies":[{"name":"wp","href":"https:\/\/api.w.org\/{rel}","templated":true}]}}