{"id":14511,"date":"2026-03-29T12:05:13","date_gmt":"2026-03-29T11:05:13","guid":{"rendered":"https:\/\/bigbuy.tupique.com\/produto\/chasis-pci-trendnet-tfc-1600\/"},"modified":"2026-04-16T10:25:11","modified_gmt":"2026-04-16T09:25:11","slug":"chasis-pci-trendnet-tfc-1600","status":"publish","type":"product","link":"https:\/\/bigbuy.tupique.com\/pt\/produto\/chasis-pci-trendnet-tfc-1600\/","title":{"rendered":"Ch\u00e2ssis PCI Trendnet TFC-1600"},"content":{"rendered":"<p>Si vous \u00eates passionn\u00e9 d&#8217;<b>informatique et d&#8217;\u00e9lectronique<\/b>, si vous \u00eates \u00e0 la pointe de la technologie et qu&#8217;aucun d\u00e9tail ne vous \u00e9chappe, achetez <b>Ch\u00e2ssis PCI Trendnet TFC-1600            <\/b> au meilleur prix.<\/p>\n<ul>\n<li>Tension: 100-240 V<\/li>\n<li>Unit\u00e9s: 2 Unit\u00e9s<\/li>\n<li>Compartiments: 16 Compartiments<\/li>\n<li>Mati\u00e8re:\n<ul>\n<li>Acier<\/li>\n<li>Plastique<\/li>\n<\/ul>\n<\/li>\n<li>puissance: 150 W<\/li>\n<\/ul>","protected":false},"excerpt":{"rendered":"<p><span class=\"unit-info\">169.4950 &euro; \/ 1 unit<\/span><\/p>","protected":false},"featured_media":14509,"comment_status":"open","ping_status":"closed","template":"","meta":[],"product_brand":[635],"product_cat":[615,65,584],"product_tag":[106],"class_list":{"0":"post-14511","1":"product","2":"type-product","3":"status-publish","4":"has-post-thumbnail","6":"product_brand-brandp_4777","7":"product_cat-boitiers-et-caisses","8":"product_cat-informatique-electronique","9":"product_cat-informatique-reseaux-et-composants","10":"product_tag-tag_1295","12":"first","13":"instock","14":"taxable","15":"shipping-taxable","16":"purchasable","17":"product-type-simple"},"_links":{"self":[{"href":"https:\/\/bigbuy.tupique.com\/pt\/wp-json\/wp\/v2\/product\/14511","targetHints":{"allow":["GET"]}}],"collection":[{"href":"https:\/\/bigbuy.tupique.com\/pt\/wp-json\/wp\/v2\/product"}],"about":[{"href":"https:\/\/bigbuy.tupique.com\/pt\/wp-json\/wp\/v2\/types\/product"}],"replies":[{"embeddable":true,"href":"https:\/\/bigbuy.tupique.com\/pt\/wp-json\/wp\/v2\/comments?post=14511"}],"wp:featuredmedia":[{"embeddable":true,"href":"https:\/\/bigbuy.tupique.com\/pt\/wp-json\/wp\/v2\/media\/14509"}],"wp:attachment":[{"href":"https:\/\/bigbuy.tupique.com\/pt\/wp-json\/wp\/v2\/media?parent=14511"}],"wp:term":[{"taxonomy":"product_brand","embeddable":true,"href":"https:\/\/bigbuy.tupique.com\/pt\/wp-json\/wp\/v2\/product_brand?post=14511"},{"taxonomy":"product_cat","embeddable":true,"href":"https:\/\/bigbuy.tupique.com\/pt\/wp-json\/wp\/v2\/product_cat?post=14511"},{"taxonomy":"product_tag","embeddable":true,"href":"https:\/\/bigbuy.tupique.com\/pt\/wp-json\/wp\/v2\/product_tag?post=14511"}],"curies":[{"name":"wp","href":"https:\/\/api.w.org\/{rel}","templated":true}]}}