{"id":14499,"date":"2026-03-29T12:04:54","date_gmt":"2026-03-29T11:04:54","guid":{"rendered":"https:\/\/bigbuy.tupique.com\/produto\/ram-memory-kingston-kcp432sd8-32-32-gb-3200-mhz-32-gb-ddr4\/"},"modified":"2026-05-11T19:59:03","modified_gmt":"2026-05-11T17:59:03","slug":"ram-memory-kingston-kcp432sd8-32-32-gb-3200-mhz-32-gb-ddr4","status":"publish","type":"product","link":"https:\/\/bigbuy.tupique.com\/pt\/produto\/ram-memory-kingston-kcp432sd8-32-32-gb-3200-mhz-32-gb-ddr4\/","title":{"rendered":"M\u00e9moire RAM Kingston KCP432SD8\/32 32 GB 3200 MHz 32 GB DDR4"},"content":{"rendered":"<p>Si vous \u00eates passionn\u00e9 d&#8217;<b>informatique et d&#8217;\u00e9lectronique<\/b>, si vous \u00eates \u00e0 la pointe de la technologie et qu&#8217;aucun d\u00e9tail ne vous \u00e9chappe, achetez <b>M\u00e9moire RAM Kingston KCP432SD8\/32 32 GB 3200 MHz 32 GB DDR4<\/b> au meilleur prix.<\/p>\n<p>La <b>m\u00e9moire RAM<\/b> Kingston Technology mod\u00e8le <b>KCP432SD8\/32<\/b> est un composant con\u00e7u sp\u00e9cialement pour les ordinateurs portables n\u00e9cessitant une am\u00e9lioration significative des performances et de la capacit\u00e9 de leur m\u00e9moire interne. Cette m\u00e9moire offre une <b>capacit\u00e9 de 32 Go<\/b> configur\u00e9e en un seul module de type <b>DDR4 SO-DIMM 260 broches<\/b>, garantissant la compatibilit\u00e9 avec la plupart des laptops supportant cette architecture. Son format SO-DIMM est id\u00e9al pour les appareils portables, offrant un profil compact respectant les contraintes physiques du mat\u00e9riel mobile. Elle fonctionne \u00e0 une tension efficace de <b>1,2 V<\/b>, contribuant \u00e0 une consommation d\u2019\u00e9nergie r\u00e9duite et une meilleure gestion thermique compar\u00e9e aux g\u00e9n\u00e9rations pr\u00e9c\u00e9dentes. De plus, elle pr\u00e9sente une <b>latence CAS de 22<\/b>, un param\u00e8tre technique indiquant des temps adapt\u00e9s pour l\u2019ex\u00e9cution rapide des t\u00e2ches, optimisant ainsi la vitesse d\u2019acc\u00e8s aux donn\u00e9es et am\u00e9liorant les performances globales du syst\u00e8me. Le module est de couleur noire, un standard facilitant son int\u00e9gration visuelle dans la plupart des \u00e9quipements sans g\u00eaner la dissipation thermique. En r\u00e9sum\u00e9, cette m\u00e9moire est id\u00e9ale pour les utilisateurs souhaitant augmenter la capacit\u00e9 de leur portable avec un produit fiable et conforme aux technologies actuelles de m\u00e9moire RAM, permettant de g\u00e9rer plusieurs applications et processus exigeants simultan\u00e9ment gr\u00e2ce \u00e0 sa grande capacit\u00e9 et \u00e0 la technologie DDR4.<\/p>\n<ul>\n<li>Capacit\u00e9: 32 GB<\/li>\n<li>Type:\n<ul>\n<li>M\u00e9moire (RAM)<\/li>\n<li>DDR4<\/li>\n<\/ul>\n<\/li>\n<li>Format: 1 x 32 GB<\/li>\n<li>Facteur de forme: 260-pin SO-DIMM<\/li>\n<li>Latence: CL22<\/li>\n<li>Couleur: Noir<\/li>\n<li>Tension: 1,2 V<\/li>\n<li>Compatible: Ordinateur Portable<\/li>\n<li>vitesse: 3200 MHz<\/li>\n<li>Type de m\u00e9moire: DDR4<\/li>\n<li>Type de batterie: Litio Ion<\/li>\n<li>M\u00e9moire RAM: 32 GB RAM<\/li>\n<\/ul>","protected":false},"excerpt":{"rendered":"<p>Si vous \u00eates passionn\u00e9 d&#8217;informatique et d&#8217;\u00e9lectronique, si vous \u00eates \u00e0 la pointe de la technologie et qu&#8217;aucun d\u00e9tail ne vous \u00e9chappe, achetez M\u00e9moire RAM Kingston KCP432SD8\/32 32 GB 3200 MHz 32 GB DDR4 au meilleur prix. La m\u00e9moire RAM Kingston Technology mod\u00e8le KCP432SD8\/32 est un composant con\u00e7u sp\u00e9cialement pour les ordinateurs portables n\u00e9cessitant une [&hellip;]<\/p>\n","protected":false},"featured_media":14498,"comment_status":"open","ping_status":"closed","template":"","meta":[],"product_brand":[638],"product_cat":[65,584,593],"product_tag":[106],"class_list":{"0":"post-14499","1":"product","2":"type-product","3":"status-publish","4":"has-post-thumbnail","6":"product_brand-brandp_557","7":"product_cat-informatique-electronique","8":"product_cat-informatique-reseaux-et-composants","9":"product_cat-memoires-ram","10":"product_tag-tag_1295","12":"first","13":"instock","14":"taxable","15":"shipping-taxable","16":"purchasable","17":"product-type-simple"},"_links":{"self":[{"href":"https:\/\/bigbuy.tupique.com\/pt\/wp-json\/wp\/v2\/product\/14499","targetHints":{"allow":["GET"]}}],"collection":[{"href":"https:\/\/bigbuy.tupique.com\/pt\/wp-json\/wp\/v2\/product"}],"about":[{"href":"https:\/\/bigbuy.tupique.com\/pt\/wp-json\/wp\/v2\/types\/product"}],"replies":[{"embeddable":true,"href":"https:\/\/bigbuy.tupique.com\/pt\/wp-json\/wp\/v2\/comments?post=14499"}],"wp:featuredmedia":[{"embeddable":true,"href":"https:\/\/bigbuy.tupique.com\/pt\/wp-json\/wp\/v2\/media\/14498"}],"wp:attachment":[{"href":"https:\/\/bigbuy.tupique.com\/pt\/wp-json\/wp\/v2\/media?parent=14499"}],"wp:term":[{"taxonomy":"product_brand","embeddable":true,"href":"https:\/\/bigbuy.tupique.com\/pt\/wp-json\/wp\/v2\/product_brand?post=14499"},{"taxonomy":"product_cat","embeddable":true,"href":"https:\/\/bigbuy.tupique.com\/pt\/wp-json\/wp\/v2\/product_cat?post=14499"},{"taxonomy":"product_tag","embeddable":true,"href":"https:\/\/bigbuy.tupique.com\/pt\/wp-json\/wp\/v2\/product_tag?post=14499"}],"curies":[{"name":"wp","href":"https:\/\/api.w.org\/{rel}","templated":true}]}}