{"id":14481,"date":"2026-03-29T12:04:32","date_gmt":"2026-03-29T11:04:32","guid":{"rendered":"https:\/\/bigbuy.tupique.com\/produto\/pci-card-startech-pex16s550lp\/"},"modified":"2026-05-11T19:58:41","modified_gmt":"2026-05-11T17:58:41","slug":"pci-card-startech-pex16s550lp","status":"publish","type":"product","link":"https:\/\/bigbuy.tupique.com\/pt\/produto\/pci-card-startech-pex16s550lp\/","title":{"rendered":"Carte PCI Startech PEX16S550LP"},"content":{"rendered":"<p>Si vous \u00eates passionn\u00e9 d&#8217;<b>informatique et d&#8217;\u00e9lectronique<\/b>, si vous \u00eates \u00e0 la pointe de la technologie et qu&#8217;aucun d\u00e9tail ne vous \u00e9chappe, achetez <b>Carte PCI Startech PEX16S550LP<\/b> au meilleur prix.<\/p>\n<ul>\n<li>Type:\n<ul>\n<li>PCI Express x 16 3.0<\/li>\n<li>PCI Express 3.0<\/li>\n<\/ul>\n<\/li>\n<li>Connexions: RS-232<\/li>\n<li>Couleur: Jaune<\/li>\n<li>Poids: 70 g<\/li>\n<li>Ann\u00e9e: 2017<\/li>\n<\/ul>","protected":false},"excerpt":{"rendered":"<p>Si vous \u00eates passionn\u00e9 d&#8217;informatique et d&#8217;\u00e9lectronique, si vous \u00eates \u00e0 la pointe de la technologie et qu&#8217;aucun d\u00e9tail ne vous \u00e9chappe, achetez Carte PCI Startech PEX16S550LP au meilleur prix. Type: PCI Express x 16 3.0 PCI Express 3.0 Connexions: RS-232 Couleur: Jaune Poids: 70 g Ann\u00e9e: 2017<\/p>","protected":false},"featured_media":14477,"comment_status":"open","ping_status":"closed","template":"","meta":[],"product_brand":[634],"product_cat":[604,65,584],"product_tag":[106],"class_list":{"0":"post-14481","1":"product","2":"type-product","3":"status-publish","4":"has-post-thumbnail","6":"product_brand-brandp_4771","7":"product_cat-cartes-pci","8":"product_cat-informatique-electronique","9":"product_cat-informatique-reseaux-et-composants","10":"product_tag-tag_1295","12":"first","13":"instock","14":"taxable","15":"shipping-taxable","16":"purchasable","17":"product-type-simple"},"_links":{"self":[{"href":"https:\/\/bigbuy.tupique.com\/pt\/wp-json\/wp\/v2\/product\/14481","targetHints":{"allow":["GET"]}}],"collection":[{"href":"https:\/\/bigbuy.tupique.com\/pt\/wp-json\/wp\/v2\/product"}],"about":[{"href":"https:\/\/bigbuy.tupique.com\/pt\/wp-json\/wp\/v2\/types\/product"}],"replies":[{"embeddable":true,"href":"https:\/\/bigbuy.tupique.com\/pt\/wp-json\/wp\/v2\/comments?post=14481"}],"wp:featuredmedia":[{"embeddable":true,"href":"https:\/\/bigbuy.tupique.com\/pt\/wp-json\/wp\/v2\/media\/14477"}],"wp:attachment":[{"href":"https:\/\/bigbuy.tupique.com\/pt\/wp-json\/wp\/v2\/media?parent=14481"}],"wp:term":[{"taxonomy":"product_brand","embeddable":true,"href":"https:\/\/bigbuy.tupique.com\/pt\/wp-json\/wp\/v2\/product_brand?post=14481"},{"taxonomy":"product_cat","embeddable":true,"href":"https:\/\/bigbuy.tupique.com\/pt\/wp-json\/wp\/v2\/product_cat?post=14481"},{"taxonomy":"product_tag","embeddable":true,"href":"https:\/\/bigbuy.tupique.com\/pt\/wp-json\/wp\/v2\/product_tag?post=14481"}],"curies":[{"name":"wp","href":"https:\/\/api.w.org\/{rel}","templated":true}]}}