{"id":14458,"date":"2026-03-29T12:03:56","date_gmt":"2026-03-29T11:03:56","guid":{"rendered":"https:\/\/bigbuy.tupique.com\/produto\/microphone-logitech-952-000038-white\/"},"modified":"2026-04-16T09:11:45","modified_gmt":"2026-04-16T08:11:45","slug":"microphone-logitech-952-000038-white","status":"publish","type":"product","link":"https:\/\/bigbuy.tupique.com\/pt\/produto\/microphone-logitech-952-000038-white\/","title":{"rendered":"Microphone Logitech 952-000038           Blanc"},"content":{"rendered":"<p>Si vous \u00eates passionn\u00e9 d&#8217;<b>informatique et d&#8217;\u00e9lectronique<\/b>, si vous \u00eates \u00e0 la pointe de la technologie et qu&#8217;aucun d\u00e9tail ne vous \u00e9chappe, achetez <b>Microphone Logitech 952-000038           Blanc<\/b> au meilleur prix.<\/p>\n<ul>\n<li>Couleur:\n<ul>\n<li>Blanc<\/li>\n<li>Noir<\/li>\n<\/ul>\n<\/li>\n<li>Type:\n<ul>\n<li>Microphone<\/li>\n<li>Avec fil<\/li>\n<li>Table<\/li>\n<\/ul>\n<\/li>\n<li>Caract\u00e9ristiques: Microphone omnidirectionnel<\/li>\n<li>Connexions: USB<\/li>\n<li>Bloc d\u2019Alimentation:\n<ul>\n<li>C\u00e2ble \u00e9lectrique<\/li>\n<li>Avec fil<\/li>\n<\/ul>\n<\/li>\n<li>Cha\u00eenes: 1<\/li>\n<\/ul>","protected":false},"excerpt":{"rendered":"<p>Si vous \u00eates passionn\u00e9 d&#8217;informatique et d&#8217;\u00e9lectronique, si vous \u00eates \u00e0 la pointe de la technologie et qu&#8217;aucun d\u00e9tail ne vous \u00e9chappe, achetez Microphone Logitech 952-000038 Blanc au meilleur prix. Couleur: Blanc Noir Type: Microphone Avec fil Table Caract\u00e9ristiques: Microphone omnidirectionnel Connexions: USB Bloc d\u2019Alimentation: C\u00e2ble \u00e9lectrique Avec fil Cha\u00eenes: 1<\/p>","protected":false},"featured_media":14454,"comment_status":"open","ping_status":"closed","template":"","meta":[],"product_brand":[647],"product_cat":[601,600,65],"product_tag":[571],"class_list":{"0":"post-14458","1":"product","2":"type-product","3":"status-publish","4":"has-post-thumbnail","6":"product_brand-brandp_561","7":"product_cat-accessoires-pour-appareils-photo-et-camescopes","8":"product_cat-electronique-photo-et-video","9":"product_cat-informatique-electronique","10":"product_tag-tag_27","12":"first","13":"instock","14":"taxable","15":"shipping-taxable","16":"purchasable","17":"product-type-simple"},"_links":{"self":[{"href":"https:\/\/bigbuy.tupique.com\/pt\/wp-json\/wp\/v2\/product\/14458","targetHints":{"allow":["GET"]}}],"collection":[{"href":"https:\/\/bigbuy.tupique.com\/pt\/wp-json\/wp\/v2\/product"}],"about":[{"href":"https:\/\/bigbuy.tupique.com\/pt\/wp-json\/wp\/v2\/types\/product"}],"replies":[{"embeddable":true,"href":"https:\/\/bigbuy.tupique.com\/pt\/wp-json\/wp\/v2\/comments?post=14458"}],"wp:featuredmedia":[{"embeddable":true,"href":"https:\/\/bigbuy.tupique.com\/pt\/wp-json\/wp\/v2\/media\/14454"}],"wp:attachment":[{"href":"https:\/\/bigbuy.tupique.com\/pt\/wp-json\/wp\/v2\/media?parent=14458"}],"wp:term":[{"taxonomy":"product_brand","embeddable":true,"href":"https:\/\/bigbuy.tupique.com\/pt\/wp-json\/wp\/v2\/product_brand?post=14458"},{"taxonomy":"product_cat","embeddable":true,"href":"https:\/\/bigbuy.tupique.com\/pt\/wp-json\/wp\/v2\/product_cat?post=14458"},{"taxonomy":"product_tag","embeddable":true,"href":"https:\/\/bigbuy.tupique.com\/pt\/wp-json\/wp\/v2\/product_tag?post=14458"}],"curies":[{"name":"wp","href":"https:\/\/api.w.org\/{rel}","templated":true}]}}