{"id":14448,"date":"2026-03-29T12:03:42","date_gmt":"2026-03-29T11:03:42","guid":{"rendered":"https:\/\/bigbuy.tupique.com\/produto\/hard-drive-hpe-p28586-b21-25-1200gb\/"},"modified":"2026-05-11T19:59:11","modified_gmt":"2026-05-11T17:59:11","slug":"hard-drive-hpe-p28586-b21-25-1200gb","status":"publish","type":"product","link":"https:\/\/bigbuy.tupique.com\/pt\/produto\/hard-drive-hpe-p28586-b21-25-1200gb\/","title":{"rendered":"Disque dur HPE P28586-B21 2,5&#8243; 1200GB"},"content":{"rendered":"<p>Si vous \u00eates passionn\u00e9 d&#8217;<b>informatique et d&#8217;\u00e9lectronique<\/b>, si vous \u00eates \u00e0 la pointe de la technologie et qu&#8217;aucun d\u00e9tail ne vous \u00e9chappe, achetez <b>Disque dur HPE P28586-B21 2,5&#8243; 1200GB<\/b> au meilleur prix.<\/p>\n<ul>\n<li>Disque dur: 1,2 TB<\/li>\n<li>vitesse:\n<ul>\n<li>10000 rpm<\/li>\n<li>12 Gbps<\/li>\n<\/ul>\n<\/li>\n<li>Interface: SAS<\/li>\n<li>Vitesse de rotation: 10000 rpm<\/li>\n<li>Type: HDD<\/li>\n<li>Taille: 2,5&#8243;<\/li>\n<\/ul>","protected":false},"excerpt":{"rendered":"<p>Si vous \u00eates passionn\u00e9 d&#8217;informatique et d&#8217;\u00e9lectronique, si vous \u00eates \u00e0 la pointe de la technologie et qu&#8217;aucun d\u00e9tail ne vous \u00e9chappe, achetez Disque dur HPE P28586-B21 2,5&#8243; 1200GB au meilleur prix. Disque dur: 1,2 TB vitesse: 10000 rpm 12 Gbps Interface: SAS Vitesse de rotation: 10000 rpm Type: HDD Taille: 2,5&#8243;<\/p>","protected":false},"featured_media":14447,"comment_status":"open","ping_status":"closed","template":"","meta":[],"product_brand":[644],"product_cat":[588,65,584],"product_tag":[106],"class_list":{"0":"post-14448","1":"product","2":"type-product","3":"status-publish","4":"has-post-thumbnail","6":"product_brand-brandp_662","7":"product_cat-disques-durs","8":"product_cat-informatique-electronique","9":"product_cat-informatique-reseaux-et-composants","10":"product_tag-tag_1295","12":"first","13":"instock","14":"taxable","15":"shipping-taxable","16":"purchasable","17":"product-type-simple"},"_links":{"self":[{"href":"https:\/\/bigbuy.tupique.com\/pt\/wp-json\/wp\/v2\/product\/14448","targetHints":{"allow":["GET"]}}],"collection":[{"href":"https:\/\/bigbuy.tupique.com\/pt\/wp-json\/wp\/v2\/product"}],"about":[{"href":"https:\/\/bigbuy.tupique.com\/pt\/wp-json\/wp\/v2\/types\/product"}],"replies":[{"embeddable":true,"href":"https:\/\/bigbuy.tupique.com\/pt\/wp-json\/wp\/v2\/comments?post=14448"}],"wp:featuredmedia":[{"embeddable":true,"href":"https:\/\/bigbuy.tupique.com\/pt\/wp-json\/wp\/v2\/media\/14447"}],"wp:attachment":[{"href":"https:\/\/bigbuy.tupique.com\/pt\/wp-json\/wp\/v2\/media?parent=14448"}],"wp:term":[{"taxonomy":"product_brand","embeddable":true,"href":"https:\/\/bigbuy.tupique.com\/pt\/wp-json\/wp\/v2\/product_brand?post=14448"},{"taxonomy":"product_cat","embeddable":true,"href":"https:\/\/bigbuy.tupique.com\/pt\/wp-json\/wp\/v2\/product_cat?post=14448"},{"taxonomy":"product_tag","embeddable":true,"href":"https:\/\/bigbuy.tupique.com\/pt\/wp-json\/wp\/v2\/product_tag?post=14448"}],"curies":[{"name":"wp","href":"https:\/\/api.w.org\/{rel}","templated":true}]}}