{"id":14429,"date":"2026-03-29T12:03:17","date_gmt":"2026-03-29T11:03:17","guid":{"rendered":"https:\/\/bigbuy.tupique.com\/produto\/firewall-sonicwall-tz470-essential-edition-1yr\/"},"modified":"2026-04-14T23:51:15","modified_gmt":"2026-04-14T22:51:15","slug":"firewall-sonicwall-tz470-essential-edition-1yr","status":"publish","type":"product","link":"https:\/\/bigbuy.tupique.com\/pt\/produto\/firewall-sonicwall-tz470-essential-edition-1yr\/","title":{"rendered":"Firewall SonicWall TZ470 ESSENTIAL EDITION 1YR"},"content":{"rendered":"<p>Si vous \u00eates passionn\u00e9 d&#8217;<b>informatique et d&#8217;\u00e9lectronique<\/b>, si vous \u00eates \u00e0 la pointe de la technologie et qu&#8217;aucun d\u00e9tail ne vous \u00e9chappe, achetez <b>Firewall SonicWall TZ470 ESSENTIAL EDITION 1YR<\/b> au meilleur prix.<\/p>\n<ul>\n<li>Type:\n<ul>\n<li>Anti-Spyware<\/li>\n<li>Firewall<\/li>\n<li>Avec fil<\/li>\n<\/ul>\n<\/li>\n<li>Produit \u00e0 brancher: Oui<\/li>\n<li>Type de prise: Prise EU<\/li>\n<li>Bloc d\u2019Alimentation:\n<ul>\n<li>r\u00e9seau \u00e9lectrique<\/li>\n<li>Avec fil<\/li>\n<\/ul>\n<\/li>\n<li>Connexions:\n<ul>\n<li>8<\/li>\n<li>2<\/li>\n<li>rj45 x 8<\/li>\n<li>RJ45<\/li>\n<li>USB-A 3.2<\/li>\n<li>USB x 3<\/li>\n<\/ul>\n<\/li>\n<li>Profondeur: 135 mm<\/li>\n<li>Fr\u00e9quence:\n<ul>\n<li>50-60 Hz<\/li>\n<li>5 GHz<\/li>\n<\/ul>\n<\/li>\n<li>Couleur: Blanc<\/li>\n<li>Connectivit\u00e9: Wi-Fi<\/li>\n<li>Ports: 10<\/li>\n<li>Syst\u00e8me d&#8217;exploitation: Android 10<\/li>\n<li>Amp\u00e9rage: 3 A<\/li>\n<li>Fr\u00e9quence d&#8217;entr\u00e9e AC: 50-60 Hz<\/li>\n<\/ul>","protected":false},"excerpt":{"rendered":"<p>Si vous \u00eates passionn\u00e9 d&#8217;informatique et d&#8217;\u00e9lectronique, si vous \u00eates \u00e0 la pointe de la technologie et qu&#8217;aucun d\u00e9tail ne vous \u00e9chappe, achetez Firewall SonicWall TZ470 ESSENTIAL EDITION 1YR au meilleur prix. Type: Anti-Spyware Firewall Avec fil Produit \u00e0 brancher: Oui Type de prise: Prise EU Bloc d\u2019Alimentation: r\u00e9seau \u00e9lectrique Avec fil Connexions: 8 2 [&hellip;]<\/p>\n","protected":false},"featured_media":14428,"comment_status":"open","ping_status":"closed","template":"","meta":[],"product_brand":[658],"product_cat":[65,584,612],"product_tag":[106],"class_list":{"0":"post-14429","1":"product","2":"type-product","3":"status-publish","4":"has-post-thumbnail","6":"product_brand-brandp_4781","7":"product_cat-informatique-electronique","8":"product_cat-informatique-reseaux-et-composants","9":"product_cat-routeurs-et-modems","10":"product_tag-tag_1295","12":"first","13":"instock","14":"taxable","15":"shipping-taxable","16":"purchasable","17":"product-type-simple"},"_links":{"self":[{"href":"https:\/\/bigbuy.tupique.com\/pt\/wp-json\/wp\/v2\/product\/14429","targetHints":{"allow":["GET"]}}],"collection":[{"href":"https:\/\/bigbuy.tupique.com\/pt\/wp-json\/wp\/v2\/product"}],"about":[{"href":"https:\/\/bigbuy.tupique.com\/pt\/wp-json\/wp\/v2\/types\/product"}],"replies":[{"embeddable":true,"href":"https:\/\/bigbuy.tupique.com\/pt\/wp-json\/wp\/v2\/comments?post=14429"}],"wp:featuredmedia":[{"embeddable":true,"href":"https:\/\/bigbuy.tupique.com\/pt\/wp-json\/wp\/v2\/media\/14428"}],"wp:attachment":[{"href":"https:\/\/bigbuy.tupique.com\/pt\/wp-json\/wp\/v2\/media?parent=14429"}],"wp:term":[{"taxonomy":"product_brand","embeddable":true,"href":"https:\/\/bigbuy.tupique.com\/pt\/wp-json\/wp\/v2\/product_brand?post=14429"},{"taxonomy":"product_cat","embeddable":true,"href":"https:\/\/bigbuy.tupique.com\/pt\/wp-json\/wp\/v2\/product_cat?post=14429"},{"taxonomy":"product_tag","embeddable":true,"href":"https:\/\/bigbuy.tupique.com\/pt\/wp-json\/wp\/v2\/product_tag?post=14429"}],"curies":[{"name":"wp","href":"https:\/\/api.w.org\/{rel}","templated":true}]}}