{"id":14383,"date":"2026-03-29T12:02:15","date_gmt":"2026-03-29T11:02:15","guid":{"rendered":"https:\/\/bigbuy.tupique.com\/produto\/videocamera-logitech-960-001351-4k-ultra-hd-white\/"},"modified":"2026-04-14T23:51:08","modified_gmt":"2026-04-14T22:51:08","slug":"videocamera-logitech-960-001351-4k-ultra-hd-white","status":"publish","type":"product","link":"https:\/\/bigbuy.tupique.com\/pt\/produto\/videocamera-logitech-960-001351-4k-ultra-hd-white\/","title":{"rendered":"Cam\u00e9scope Logitech 960-001351 4K Ultra HD Blanc"},"content":{"rendered":"<p>Si vous \u00eates passionn\u00e9 d&#8217;<b>informatique et d&#8217;\u00e9lectronique<\/b>, si vous \u00eates \u00e0 la pointe de la technologie et qu&#8217;aucun d\u00e9tail ne vous \u00e9chappe, achetez <b>Cam\u00e9scope Logitech 960-001351 4K Ultra HD Blanc<\/b> au meilleur prix.<\/p>\n<ul>\n<li>Couleur: Blanc<\/li>\n<li>Stabilisateur d&#8217;image: Non<\/li>\n<li>Connectivit\u00e9: Wi-Fi<\/li>\n<li>Connexions:\n<ul>\n<li>USB-A 3.2<\/li>\n<li>Ethernet LAN<\/li>\n<\/ul>\n<\/li>\n<li>R\u00e9solution: 4K Ultra HD<\/li>\n<\/ul>","protected":false},"excerpt":{"rendered":"<p>Si vous \u00eates passionn\u00e9 d&#8217;informatique et d&#8217;\u00e9lectronique, si vous \u00eates \u00e0 la pointe de la technologie et qu&#8217;aucun d\u00e9tail ne vous \u00e9chappe, achetez Cam\u00e9scope Logitech 960-001351 4K Ultra HD Blanc au meilleur prix. Couleur: Blanc Stabilisateur d&#8217;image: Non Connectivit\u00e9: Wi-Fi Connexions: USB-A 3.2 Ethernet LAN R\u00e9solution: 4K Ultra HD<\/p>","protected":false},"featured_media":14382,"comment_status":"open","ping_status":"closed","template":"","meta":[],"product_brand":[647],"product_cat":[606,600,65],"product_tag":[571],"class_list":{"0":"post-14383","1":"product","2":"type-product","3":"status-publish","4":"has-post-thumbnail","6":"product_brand-brandp_561","7":"product_cat-camescopes","8":"product_cat-electronique-photo-et-video","9":"product_cat-informatique-electronique","10":"product_tag-tag_27","12":"first","13":"instock","14":"taxable","15":"shipping-taxable","16":"purchasable","17":"product-type-simple"},"_links":{"self":[{"href":"https:\/\/bigbuy.tupique.com\/pt\/wp-json\/wp\/v2\/product\/14383","targetHints":{"allow":["GET"]}}],"collection":[{"href":"https:\/\/bigbuy.tupique.com\/pt\/wp-json\/wp\/v2\/product"}],"about":[{"href":"https:\/\/bigbuy.tupique.com\/pt\/wp-json\/wp\/v2\/types\/product"}],"replies":[{"embeddable":true,"href":"https:\/\/bigbuy.tupique.com\/pt\/wp-json\/wp\/v2\/comments?post=14383"}],"wp:featuredmedia":[{"embeddable":true,"href":"https:\/\/bigbuy.tupique.com\/pt\/wp-json\/wp\/v2\/media\/14382"}],"wp:attachment":[{"href":"https:\/\/bigbuy.tupique.com\/pt\/wp-json\/wp\/v2\/media?parent=14383"}],"wp:term":[{"taxonomy":"product_brand","embeddable":true,"href":"https:\/\/bigbuy.tupique.com\/pt\/wp-json\/wp\/v2\/product_brand?post=14383"},{"taxonomy":"product_cat","embeddable":true,"href":"https:\/\/bigbuy.tupique.com\/pt\/wp-json\/wp\/v2\/product_cat?post=14383"},{"taxonomy":"product_tag","embeddable":true,"href":"https:\/\/bigbuy.tupique.com\/pt\/wp-json\/wp\/v2\/product_tag?post=14383"}],"curies":[{"name":"wp","href":"https:\/\/api.w.org\/{rel}","templated":true}]}}