{"id":14381,"date":"2026-03-29T12:02:13","date_gmt":"2026-03-29T11:02:13","guid":{"rendered":"https:\/\/bigbuy.tupique.com\/produto\/multimode-sfp-fibre-module-hpe-j9150d\/"},"modified":"2026-04-14T23:51:09","modified_gmt":"2026-04-14T22:51:09","slug":"multimode-sfp-fibre-module-hpe-j9150d","status":"publish","type":"product","link":"https:\/\/bigbuy.tupique.com\/pt\/produto\/multimode-sfp-fibre-module-hpe-j9150d\/","title":{"rendered":"Module SFP \u00e0 fibre optique multimode HPE J9150D"},"content":{"rendered":"<p>Si vous \u00eates passionn\u00e9 d&#8217;<b>informatique et d&#8217;\u00e9lectronique<\/b>, si vous \u00eates \u00e0 la pointe de la technologie et qu&#8217;aucun d\u00e9tail ne vous \u00e9chappe, achetez <b>Module SFP \u00e0 fibre optique multimode HPE J9150D<\/b> au meilleur prix.<\/p>\n<p>Le <b>module fibre SFP+ multimode J9150D<\/b> de <b>HPE<\/b> est un transceiver con\u00e7u pour les environnements r\u00e9seau n\u00e9cessitant haute vitesse et fiabilit\u00e9 sur les connexions fibre optique. Ce module optique offre une <b>vitesse de transmission de donn\u00e9es jusqu\u2019\u00e0 10 000 Mbit\/s<\/b>, garantissant une performance optimale dans les infrastructures r\u00e9seau modernes fonctionnant en 10 Gigabit Ethernet. Compatible avec les interfaces <b>SFP+<\/b>, le module utilise un connecteur <b>LC<\/b> standard et est sp\u00e9cialement con\u00e7u pour les liaisons fibre multimode (MMF), optimisant la connectivit\u00e9 sur des distances courtes et moyennes avec une port\u00e9e maximale de <b>300 m\u00e8tres en fibre OM3<\/b>. Son format compact, avec des dimensions de <b>56 mm de largeur, 13 mm de profondeur et 15 mm de hauteur<\/b>, facilite son int\u00e9gration dans les switches et syst\u00e8mes Aruba HPE, assurant une installation simple et polyvalente dans les \u00e9quipements exigeant une haute capacit\u00e9 de transfert et une faible latence. Ce transceiver fibre optique <b>SR (Short Range)<\/b> est destin\u00e9 aux sc\u00e9narios o\u00f9 la qualit\u00e9 du signal et la faible latence sont essentielles pour maintenir l\u2019int\u00e9grit\u00e9 et la vitesse des donn\u00e9es dans les r\u00e9seaux d\u2019entreprise, centres de donn\u00e9es et environnements t\u00e9l\u00e9coms. Sa conception multimode contribue \u00e0 r\u00e9duire les co\u00fbts d\u2019infrastructure en permettant l\u2019utilisation de c\u00e2bles fibre multimode plus \u00e9conomiques sans compromettre la qualit\u00e9 de transmission. En r\u00e9sum\u00e9, le module fibre SFP+ <b>J9150D<\/b> de <b>HPE<\/b> repr\u00e9sente une solution fiable et efficace pour les connexions haute vitesse en fibre optique multimode dans les r\u00e9seaux avanc\u00e9s exigeant stabilit\u00e9 et performance constante.<\/p>\n<ul>\n<li>Type:\n<ul>\n<li>Fibres optiques<\/li>\n<li>Module SFP+ \u00e0 fibre optique multimode<\/li>\n<\/ul>\n<\/li>\n<li>Connexions:\n<ul>\n<li>SFP+<\/li>\n<li>LC<\/li>\n<\/ul>\n<\/li>\n<li>vitesse: 10000 Mbit\/s<\/li>\n<li>Profondeur: 13 mm<\/li>\n<li>Port\u00e9e: 300 m<\/li>\n<\/ul>","protected":false},"excerpt":{"rendered":"<p>Si vous \u00eates passionn\u00e9 d&#8217;informatique et d&#8217;\u00e9lectronique, si vous \u00eates \u00e0 la pointe de la technologie et qu&#8217;aucun d\u00e9tail ne vous \u00e9chappe, achetez Module SFP \u00e0 fibre optique multimode HPE J9150D au meilleur prix. Le module fibre SFP+ multimode J9150D de HPE est un transceiver con\u00e7u pour les environnements r\u00e9seau n\u00e9cessitant haute vitesse et fiabilit\u00e9 [&hellip;]<\/p>\n","protected":false},"featured_media":14380,"comment_status":"open","ping_status":"closed","template":"","meta":[],"product_brand":[644],"product_cat":[65,584,597],"product_tag":[106],"class_list":{"0":"post-14381","1":"product","2":"type-product","3":"status-publish","4":"has-post-thumbnail","6":"product_brand-brandp_662","7":"product_cat-informatique-electronique","8":"product_cat-informatique-reseaux-et-composants","9":"product_cat-reseaux-cables","10":"product_tag-tag_1295","12":"first","13":"instock","14":"taxable","15":"shipping-taxable","16":"purchasable","17":"product-type-simple"},"_links":{"self":[{"href":"https:\/\/bigbuy.tupique.com\/pt\/wp-json\/wp\/v2\/product\/14381","targetHints":{"allow":["GET"]}}],"collection":[{"href":"https:\/\/bigbuy.tupique.com\/pt\/wp-json\/wp\/v2\/product"}],"about":[{"href":"https:\/\/bigbuy.tupique.com\/pt\/wp-json\/wp\/v2\/types\/product"}],"replies":[{"embeddable":true,"href":"https:\/\/bigbuy.tupique.com\/pt\/wp-json\/wp\/v2\/comments?post=14381"}],"wp:featuredmedia":[{"embeddable":true,"href":"https:\/\/bigbuy.tupique.com\/pt\/wp-json\/wp\/v2\/media\/14380"}],"wp:attachment":[{"href":"https:\/\/bigbuy.tupique.com\/pt\/wp-json\/wp\/v2\/media?parent=14381"}],"wp:term":[{"taxonomy":"product_brand","embeddable":true,"href":"https:\/\/bigbuy.tupique.com\/pt\/wp-json\/wp\/v2\/product_brand?post=14381"},{"taxonomy":"product_cat","embeddable":true,"href":"https:\/\/bigbuy.tupique.com\/pt\/wp-json\/wp\/v2\/product_cat?post=14381"},{"taxonomy":"product_tag","embeddable":true,"href":"https:\/\/bigbuy.tupique.com\/pt\/wp-json\/wp\/v2\/product_tag?post=14381"}],"curies":[{"name":"wp","href":"https:\/\/api.w.org\/{rel}","templated":true}]}}