{"id":14379,"date":"2026-03-29T12:02:11","date_gmt":"2026-03-29T11:02:11","guid":{"rendered":"https:\/\/bigbuy.tupique.com\/produto\/switch-trendnet-tpe-5028ws-black\/"},"modified":"2026-05-11T19:58:46","modified_gmt":"2026-05-11T17:58:46","slug":"switch-trendnet-tpe-5028ws-black","status":"publish","type":"product","link":"https:\/\/bigbuy.tupique.com\/pt\/produto\/switch-trendnet-tpe-5028ws-black\/","title":{"rendered":"Switch Trendnet TPE-5028WS           Noir"},"content":{"rendered":"<p>Si vous \u00eates passionn\u00e9 d&#8217;<b>informatique et d&#8217;\u00e9lectronique<\/b>, si vous \u00eates \u00e0 la pointe de la technologie et qu&#8217;aucun d\u00e9tail ne vous \u00e9chappe, achetez <b>Switch Trendnet TPE-5028WS           Noir<\/b> au meilleur prix.<\/p>\n<p>Le <b>switch TPE-5028WS<\/b> de <b>Trendnet<\/b> est un appareil r\u00e9seau <b>g\u00e9r\u00e9<\/b> con\u00e7u pour les environnements professionnels et les PME n\u00e9cessitant une administration avanc\u00e9e et une grande capacit\u00e9 de commutation. Ce switch dispose de <b>28 ports<\/b>, dont <b>24 ports Gigabit Ethernet RJ-45 avec PoE+<\/b> fournissant jusqu\u2019\u00e0 <b>30 W de puissance par port<\/b>, permettant d\u2019alimenter des dispositifs tels que des cam\u00e9ras IP haute puissance, points d\u2019acc\u00e8s sans fil ou syst\u00e8mes t\u00e9l\u00e9phoniques VoIP sans alimentation externe. Il int\u00e8gre \u00e9galement <b>4 ports SFP<\/b> compatibles pour connexions fibre optique ou cuivre, offrant flexibilit\u00e9 et \u00e9volutivit\u00e9 au r\u00e9seau. Sa <b>capacit\u00e9 totale de commutation de 56 Gbps<\/b> assure un transfert de donn\u00e9es efficace et stable, tandis que le support de <b>IPv6<\/b> et de multiples normes IEEE (802.1D, 802.1Q, 802.1p, 802.1x, etc.) garantit la compatibilit\u00e9 avec les infrastructures modernes et les protocoles de gestion. Ce mod\u00e8le propose des fonctions avanc\u00e9es d\u2019administration via une interface web intuitive, facilitant la configuration et la surveillance du trafic gr\u00e2ce au support VLAN, QoS, agr\u00e9gation de liens 802.3ad, RMON, SNMP et outils de diagnostic simplifiant la r\u00e9solution des probl\u00e8mes. Son design pour montage en rack (format 1U) et son alimentation robuste avec une puissance PoE totale de <b>370 W<\/b> font de ce switch une solution efficace pour les installations professionnelles. Sa couleur noire et sa construction solide assurent une compatibilit\u00e9 esth\u00e9tique et une durabilit\u00e9 en environnements techniques. En r\u00e9sum\u00e9, le <b>Trendnet TPE-5028WS<\/b> est un \u00e9quipement polyvalent et performant offrant un \u00e9quilibre optimal entre performance, gestion et puissance d\u2019alimentation pour r\u00e9seaux d\u2019entreprise exigeants.<\/p>\n<ul>\n<li>Couleur: Noir<\/li>\n<li>Connexions:\n<ul>\n<li>SFP x 4<\/li>\n<li>RJ45<\/li>\n<\/ul>\n<\/li>\n<li>Produit \u00e0 brancher: Oui<\/li>\n<li>Type de prise: Prise EU<\/li>\n<li>Ports: 28<\/li>\n<li>Type: Switch<\/li>\n<li>Bloc d\u2019Alimentation: r\u00e9seau \u00e9lectrique<\/li>\n<li>Tension:\n<ul>\n<li>100-240 V<\/li>\n<li>240 V<\/li>\n<\/ul>\n<\/li>\n<li>Ventillateur: 2<\/li>\n<li>Fr\u00e9quence: 50-60 Hz<\/li>\n<li>Niveau sonore: 52 dB<\/li>\n<li>puissance: 30 W<\/li>\n<\/ul>","protected":false},"excerpt":{"rendered":"<p>Si vous \u00eates passionn\u00e9 d&#8217;informatique et d&#8217;\u00e9lectronique, si vous \u00eates \u00e0 la pointe de la technologie et qu&#8217;aucun d\u00e9tail ne vous \u00e9chappe, achetez Switch Trendnet TPE-5028WS Noir au meilleur prix. Le switch TPE-5028WS de Trendnet est un appareil r\u00e9seau g\u00e9r\u00e9 con\u00e7u pour les environnements professionnels et les PME n\u00e9cessitant une administration avanc\u00e9e et une grande [&hellip;]<\/p>\n","protected":false},"featured_media":14376,"comment_status":"open","ping_status":"closed","template":"","meta":[],"product_brand":[635],"product_cat":[65,584,585],"product_tag":[106],"class_list":{"0":"post-14379","1":"product","2":"type-product","3":"status-publish","4":"has-post-thumbnail","6":"product_brand-brandp_4777","7":"product_cat-informatique-electronique","8":"product_cat-informatique-reseaux-et-composants","9":"product_cat-switch","10":"product_tag-tag_1295","12":"first","13":"instock","14":"taxable","15":"shipping-taxable","16":"purchasable","17":"product-type-simple"},"_links":{"self":[{"href":"https:\/\/bigbuy.tupique.com\/pt\/wp-json\/wp\/v2\/product\/14379","targetHints":{"allow":["GET"]}}],"collection":[{"href":"https:\/\/bigbuy.tupique.com\/pt\/wp-json\/wp\/v2\/product"}],"about":[{"href":"https:\/\/bigbuy.tupique.com\/pt\/wp-json\/wp\/v2\/types\/product"}],"replies":[{"embeddable":true,"href":"https:\/\/bigbuy.tupique.com\/pt\/wp-json\/wp\/v2\/comments?post=14379"}],"wp:featuredmedia":[{"embeddable":true,"href":"https:\/\/bigbuy.tupique.com\/pt\/wp-json\/wp\/v2\/media\/14376"}],"wp:attachment":[{"href":"https:\/\/bigbuy.tupique.com\/pt\/wp-json\/wp\/v2\/media?parent=14379"}],"wp:term":[{"taxonomy":"product_brand","embeddable":true,"href":"https:\/\/bigbuy.tupique.com\/pt\/wp-json\/wp\/v2\/product_brand?post=14379"},{"taxonomy":"product_cat","embeddable":true,"href":"https:\/\/bigbuy.tupique.com\/pt\/wp-json\/wp\/v2\/product_cat?post=14379"},{"taxonomy":"product_tag","embeddable":true,"href":"https:\/\/bigbuy.tupique.com\/pt\/wp-json\/wp\/v2\/product_tag?post=14379"}],"curies":[{"name":"wp","href":"https:\/\/api.w.org\/{rel}","templated":true}]}}