{"id":14366,"date":"2026-03-29T12:01:51","date_gmt":"2026-03-29T11:01:51","guid":{"rendered":"https:\/\/bigbuy.tupique.com\/produto\/kvm-switch-startech-sv431dpua\/"},"modified":"2026-04-14T23:51:07","modified_gmt":"2026-04-14T22:51:07","slug":"kvm-switch-startech-sv431dpua","status":"publish","type":"product","link":"https:\/\/bigbuy.tupique.com\/pt\/produto\/kvm-switch-startech-sv431dpua\/","title":{"rendered":"Switch KVM Startech SV431DPUA"},"content":{"rendered":"<p>Si vous \u00eates passionn\u00e9 d&#8217;<b>informatique et d&#8217;\u00e9lectronique<\/b>, si vous \u00eates \u00e0 la pointe de la technologie et qu&#8217;aucun d\u00e9tail ne vous \u00e9chappe, achetez <b>Switch KVM Startech SV431DPUA           <\/b> au meilleur prix.<\/p>\n<p>Le <b>commutateur KVM Startech SV431DPUA<\/b> est un <b>Switch KVM<\/b> con\u00e7u pour partager efficacement un clavier, une souris et un \u00e9cran entre jusqu\u2019\u00e0 quatre syst\u00e8mes multim\u00e9dias haute r\u00e9solution, PC comme Mac. Ce mod\u00e8le se distingue par sa compatibilit\u00e9 avec les connexions <b>DisplayPort<\/b>, <b>HDMI<\/b> et <b>USB<\/b>, int\u00e9grant un concentrateur USB 2.0 permettant de partager jusqu\u2019\u00e0 deux p\u00e9riph\u00e9riques suppl\u00e9mentaires entre les ordinateurs connect\u00e9s, offrant un contr\u00f4le centralis\u00e9 sans d\u00e9brancher les \u00e9quipements. Il supporte des r\u00e9solutions jusqu\u2019\u00e0 <b>2560&#215;1600 pixels \u00e0 60 Hz<\/b> via DisplayPort, avec une capacit\u00e9 allant jusqu\u2019\u00e0 <b>3840&#215;2400 pixels<\/b> \u00e0 des fr\u00e9quences de balayage r\u00e9duites, id\u00e9al pour des applications professionnelles n\u00e9cessitant une grande pr\u00e9cision graphique, comme les environnements m\u00e9dicaux pour le diagnostic par imagerie (IRM, rayons X) et autres usages \u00e0 haute qualit\u00e9 visuelle statique. Il offre \u00e9galement un support audio num\u00e9rique 7.1 HD compatible avec les dispositifs audio int\u00e9gr\u00e9s, ainsi qu\u2019un son st\u00e9r\u00e9o via prise 3,5 mm, fournissant une solution audiovisuelle compl\u00e8te. Son design compact et fonctionnel est en acier robuste avec une finition noire, les ports \u00e9tant situ\u00e9s \u00e0 l\u2019arri\u00e8re pour optimiser l\u2019espace de travail. La commutation entre les appareils connect\u00e9s s\u2019effectue facilement via les boutons en fa\u00e7ade ou par raccourcis clavier, offrant flexibilit\u00e9 d\u2019utilisation. Il fonctionne avec une plage de tension d\u2019entr\u00e9e de <b>100 \u00e0 240 V<\/b> et une sortie r\u00e9gul\u00e9e de <b>12 V<\/b>, avec un temps moyen entre pannes de 136 000 heures, garantissant une op\u00e9ration fiable et durable. De plus, il est compatible avec des supports de montage en rack 1U (vendus s\u00e9par\u00e9ment), facilitant son int\u00e9gration en environnements professionnels et centres de donn\u00e9es. Ce commutateur KVM allie robustesse, haute d\u00e9finition vid\u00e9o et audio, et facilit\u00e9 d\u2019usage dans un \u00e9quipement compact et polyvalent, id\u00e9al pour des applications multi-ordinateurs exigeant qualit\u00e9, efficacit\u00e9 et contr\u00f4le centralis\u00e9.<\/p>\n<ul>\n<li>Type: Interruptores y Cables KVM<\/li>\n<li>R\u00e9solution (px): 3840 x 2400 Px<\/li>\n<li>Produit \u00e0 brancher: Oui<\/li>\n<li>Type de prise: Prise EU<\/li>\n<li>Bloc d\u2019Alimentation:\n<ul>\n<li>r\u00e9seau \u00e9lectrique<\/li>\n<li>C\u00e2ble \u00e9lectrique<\/li>\n<li>CC<\/li>\n<\/ul>\n<\/li>\n<li>Couleur: Noir<\/li>\n<li>Connexions:\n<ul>\n<li>USB<\/li>\n<li>DisplayPort<\/li>\n<li>HDMI<\/li>\n<li>SATA<\/li>\n<\/ul>\n<\/li>\n<li>Mati\u00e8re: Acier<\/li>\n<li>Langue: Anglais<\/li>\n<li>Tension:\n<ul>\n<li>12 V<\/li>\n<li>100 &#8211; 240 V<\/li>\n<\/ul>\n<\/li>\n<li>Ports: 13<\/li>\n<li>Caract\u00e9ristiques:\n<ul>\n<li>Plug and play<\/li>\n<li>T\u00e9moin de fonctionnement LED<\/li>\n<\/ul>\n<\/li>\n<li>Certificat: RoHS<\/li>\n<li>Non Inclus: Adaptateur AC<\/li>\n<li>\u00c9cran integr\u00e9: Non<\/li>\n<li>Amp\u00e9rage: 1,5 A<\/li>\n<li>Inclut: Manuel de l&#8217;utilisateur<\/li>\n<\/ul>","protected":false},"excerpt":{"rendered":"<p>Si vous \u00eates passionn\u00e9 d&#8217;informatique et d&#8217;\u00e9lectronique, si vous \u00eates \u00e0 la pointe de la technologie et qu&#8217;aucun d\u00e9tail ne vous \u00e9chappe, achetez Switch KVM Startech SV431DPUA au meilleur prix. Le commutateur KVM Startech SV431DPUA est un Switch KVM con\u00e7u pour partager efficacement un clavier, une souris et un \u00e9cran entre jusqu\u2019\u00e0 quatre syst\u00e8mes multim\u00e9dias [&hellip;]<\/p>\n","protected":false},"featured_media":14363,"comment_status":"open","ping_status":"closed","template":"","meta":[],"product_brand":[634],"product_cat":[598,65,608],"product_tag":[106],"class_list":{"0":"post-14366","1":"product","2":"type-product","3":"status-publish","4":"has-post-thumbnail","6":"product_brand-brandp_4771","7":"product_cat-informatique-cables-et-adaptateurs","8":"product_cat-informatique-electronique","9":"product_cat-switch-kvm","10":"product_tag-tag_1295","12":"first","13":"instock","14":"taxable","15":"shipping-taxable","16":"purchasable","17":"product-type-simple"},"_links":{"self":[{"href":"https:\/\/bigbuy.tupique.com\/pt\/wp-json\/wp\/v2\/product\/14366","targetHints":{"allow":["GET"]}}],"collection":[{"href":"https:\/\/bigbuy.tupique.com\/pt\/wp-json\/wp\/v2\/product"}],"about":[{"href":"https:\/\/bigbuy.tupique.com\/pt\/wp-json\/wp\/v2\/types\/product"}],"replies":[{"embeddable":true,"href":"https:\/\/bigbuy.tupique.com\/pt\/wp-json\/wp\/v2\/comments?post=14366"}],"wp:featuredmedia":[{"embeddable":true,"href":"https:\/\/bigbuy.tupique.com\/pt\/wp-json\/wp\/v2\/media\/14363"}],"wp:attachment":[{"href":"https:\/\/bigbuy.tupique.com\/pt\/wp-json\/wp\/v2\/media?parent=14366"}],"wp:term":[{"taxonomy":"product_brand","embeddable":true,"href":"https:\/\/bigbuy.tupique.com\/pt\/wp-json\/wp\/v2\/product_brand?post=14366"},{"taxonomy":"product_cat","embeddable":true,"href":"https:\/\/bigbuy.tupique.com\/pt\/wp-json\/wp\/v2\/product_cat?post=14366"},{"taxonomy":"product_tag","embeddable":true,"href":"https:\/\/bigbuy.tupique.com\/pt\/wp-json\/wp\/v2\/product_tag?post=14366"}],"curies":[{"name":"wp","href":"https:\/\/api.w.org\/{rel}","templated":true}]}}