{"id":14338,"date":"2026-03-29T12:01:11","date_gmt":"2026-03-29T11:01:11","guid":{"rendered":"https:\/\/bigbuy.tupique.com\/produto\/uninterruptible-power-supply-system-interactive-ups-riello-vsd-2200\/"},"modified":"2026-04-15T23:28:17","modified_gmt":"2026-04-15T22:28:17","slug":"uninterruptible-power-supply-system-interactive-ups-riello-vsd-2200","status":"publish","type":"product","link":"https:\/\/bigbuy.tupique.com\/pt\/produto\/uninterruptible-power-supply-system-interactive-ups-riello-vsd-2200\/","title":{"rendered":"Syst\u00e8me d&#8217;Alimentation Sans Interruption Interactif Riello VSD 2200"},"content":{"rendered":"<p>Si vous \u00eates passionn\u00e9 d&#8217;<b>informatique et d&#8217;\u00e9lectronique<\/b>, si vous \u00eates \u00e0 la pointe de la technologie et qu&#8217;aucun d\u00e9tail ne vous \u00e9chappe, achetez <b>Syst\u00e8me d&#8217;Alimentation Sans Interruption Interactif Riello VSD 2200            <\/b> au meilleur prix.<\/p>\n<p>Le <b>Riello VSD 2200<\/b> est un <b>onduleur interactif<\/b> con\u00e7u pour offrir une protection avanc\u00e9e et continue dans les environnements critiques, tels que les salles serveurs, syst\u00e8mes informatiques et \u00e9quipements de stockage de donn\u00e9es. Cet appareil en format tour ou montage en rack se distingue par sa <b>puissance de sortie de 1980 W (2,2 kVA)<\/b> et un <b>facteur de puissance de sortie de 0,9<\/b>, garantissant une efficacit\u00e9 \u00e9nerg\u00e9tique jusqu\u2019\u00e0 98 %, optimisant la consommation et r\u00e9duisant l\u2019usure de la batterie. Il propose une connectivit\u00e9 polyvalente avec <b>neuf sorties AC, incluant des connecteurs C13, C19 et C20<\/b>, ainsi que des ports USB 2.0 et RJ45 pour la surveillance et la communication. Son design moderne et fonctionnel int\u00e8gre un r\u00e9gulateur automatique de tension (AVR) capable de stabiliser les variations de tension et de prot\u00e9ger contre les pics et transitoires via un filtre EMI, assurant une alimentation sinuso\u00efdale monophas\u00e9e id\u00e9ale pour les charges sensibles. La batterie int\u00e9gr\u00e9e se recharge en seulement 4 heures, avec option de remplacement \u00e0 chaud pour maximiser la disponibilit\u00e9 sans interruption, et possibilit\u00e9 d\u2019\u00e9tendre l\u2019autonomie avec des armoires batteries externes (format ER) sur certains mod\u00e8les. Il int\u00e8gre \u00e9galement des fonctions de haute s\u00e9curit\u00e9 telles que l\u2019interrupteur d\u2019arr\u00eat d\u2019urgence et le d\u00e9marrage en mode onduleur \u00ab cold start \u00bb permettant de mettre en marche l\u2019appareil sans alimentation r\u00e9seau. Concernant ses dimensions, le VSD 2200 mesure 45 cm de large, 62,5 cm de profondeur, 8,7 cm de haut, disponible en noir, con\u00e7u pour s\u2019adapter aux installations au sol ou en rack 19\u2019\u2019. Sa stabilit\u00e9 de tension op\u00e9rationnelle commence \u00e0 220 V, id\u00e9al pour les environnements \u00e9lectriques exigeants. En r\u00e9sum\u00e9, le Riello VSD 2200 repr\u00e9sente une solution fiable et technologique pour garantir la continuit\u00e9 de l\u2019alimentation \u00e9lectrique dans les installations critiques, combinant polyvalence, efficacit\u00e9 et protection maximale.<\/p>\n<ul>\n<li>Produit \u00e0 brancher: Oui<\/li>\n<li>Type de prise: Prise EU<\/li>\n<li>Type:\n<ul>\n<li>Tour<\/li>\n<li>Syst\u00e8me d&#8217;Alimentation Sans Interruption Interactif<\/li>\n<li>C19<\/li>\n<\/ul>\n<\/li>\n<li>Temps de charge approx.: 4 heures<\/li>\n<li>Bloc d\u2019Alimentation: r\u00e9seau \u00e9lectrique<\/li>\n<li>Couleur: Noir<\/li>\n<li>Largeur:\n<ul>\n<li>61 cm<\/li>\n<li>45 cm<\/li>\n<\/ul>\n<\/li>\n<li>Connexions:\n<ul>\n<li>USB 2.0<\/li>\n<li>AC x 9<\/li>\n<li>C20 coupler<\/li>\n<li>RJ45<\/li>\n<\/ul>\n<\/li>\n<li>puissance: 1980 W<\/li>\n<li>Fr\u00e9quence: 50\/60 Hz<\/li>\n<li>Niveau sonore: 40 dB<\/li>\n<li>Tension: 220 V<\/li>\n<li>Tension d&#8217;entr\u00e9e AC: 240 V<\/li>\n<\/ul>","protected":false},"excerpt":{"rendered":"<p>Si vous \u00eates passionn\u00e9 d&#8217;informatique et d&#8217;\u00e9lectronique, si vous \u00eates \u00e0 la pointe de la technologie et qu&#8217;aucun d\u00e9tail ne vous \u00e9chappe, achetez Syst\u00e8me d&#8217;Alimentation Sans Interruption Interactif Riello VSD 2200 au meilleur prix. Le Riello VSD 2200 est un onduleur interactif con\u00e7u pour offrir une protection avanc\u00e9e et continue dans les environnements critiques, tels [&hellip;]<\/p>\n","protected":false},"featured_media":57913,"comment_status":"open","ping_status":"closed","template":"","meta":[],"product_brand":[651],"product_cat":[65,581,603],"product_tag":[106],"class_list":{"0":"post-14338","1":"product","2":"type-product","3":"status-publish","4":"has-post-thumbnail","6":"product_brand-brandp_4825","7":"product_cat-informatique-electronique","8":"product_cat-informatique-peripheriques-et-consommables","9":"product_cat-ups","10":"product_tag-tag_1295","12":"first","13":"instock","14":"taxable","15":"shipping-taxable","16":"purchasable","17":"product-type-simple"},"_links":{"self":[{"href":"https:\/\/bigbuy.tupique.com\/pt\/wp-json\/wp\/v2\/product\/14338","targetHints":{"allow":["GET"]}}],"collection":[{"href":"https:\/\/bigbuy.tupique.com\/pt\/wp-json\/wp\/v2\/product"}],"about":[{"href":"https:\/\/bigbuy.tupique.com\/pt\/wp-json\/wp\/v2\/types\/product"}],"replies":[{"embeddable":true,"href":"https:\/\/bigbuy.tupique.com\/pt\/wp-json\/wp\/v2\/comments?post=14338"}],"wp:featuredmedia":[{"embeddable":true,"href":"https:\/\/bigbuy.tupique.com\/pt\/wp-json\/wp\/v2\/media\/57913"}],"wp:attachment":[{"href":"https:\/\/bigbuy.tupique.com\/pt\/wp-json\/wp\/v2\/media?parent=14338"}],"wp:term":[{"taxonomy":"product_brand","embeddable":true,"href":"https:\/\/bigbuy.tupique.com\/pt\/wp-json\/wp\/v2\/product_brand?post=14338"},{"taxonomy":"product_cat","embeddable":true,"href":"https:\/\/bigbuy.tupique.com\/pt\/wp-json\/wp\/v2\/product_cat?post=14338"},{"taxonomy":"product_tag","embeddable":true,"href":"https:\/\/bigbuy.tupique.com\/pt\/wp-json\/wp\/v2\/product_tag?post=14338"}],"curies":[{"name":"wp","href":"https:\/\/api.w.org\/{rel}","templated":true}]}}