{"id":14311,"date":"2026-03-29T12:00:27","date_gmt":"2026-03-29T11:00:27","guid":{"rendered":"https:\/\/bigbuy.tupique.com\/produto\/toner-hp-cf289x-black\/"},"modified":"2026-04-14T23:39:44","modified_gmt":"2026-04-14T22:39:44","slug":"toner-hp-cf289x-black","status":"publish","type":"product","link":"https:\/\/bigbuy.tupique.com\/pt\/produto\/toner-hp-cf289x-black\/","title":{"rendered":"Toner HP CF289X Noir"},"content":{"rendered":"<p>Retournez au bureau sans rien oublier ! Achetez <b>Toner HP CF289X Noir<\/b> et faites envie \u00e0 vos coll\u00e8gues!<\/p>\n<p>Le <b>toner original HP CF289X<\/b> en couleur <b>noir<\/b> est un consommable con\u00e7u pour offrir une qualit\u00e9 d\u2019impression professionnelle et une grande fiabilit\u00e9, id\u00e9al pour les environnements de bureau o\u00f9 continuit\u00e9 et pr\u00e9cision sont essentielles. Fabriqu\u00e9 par <b>HP<\/b>, il garantit une compatibilit\u00e9 optimale avec les imprimantes de la m\u00eame marque, \u00e9vitant les probl\u00e8mes courants li\u00e9s aux toners g\u00e9n\u00e9riques et assurant les performances attendues par le fabricant. Ce toner est de <b>type original<\/b>, ce qui signifie que chaque cartouche respecte des contr\u00f4les qualit\u00e9 stricts et utilise une technologie avanc\u00e9e pour optimiser la nettet\u00e9 et le contraste des documents imprim\u00e9s, assurant des textes lisibles et des finitions uniformes. Sa <b>capacit\u00e9 allant jusqu\u2019\u00e0 10 000 pages<\/b> permet une productivit\u00e9 continue avec moins d\u2019interruptions pour le remplacement, facilitant la gestion de gros volumes d\u2019impression sans perte de qualit\u00e9, ce qui est particuli\u00e8rement avantageux pour les entreprises et professionnels ayant des besoins d\u2019impression fr\u00e9quents et importants. De plus, ce composant est formul\u00e9 pour fonctionner efficacement avec le syst\u00e8me d\u2019impression HP, garantissant un flux d\u2019encre homog\u00e8ne, une r\u00e9duction des bourrages et une dur\u00e9e de vie prolong\u00e9e de l\u2019\u00e9quipement. En r\u00e9sum\u00e9, le toner CF289X repr\u00e9sente une solution fiable et performante qui contribue \u00e0 maintenir l\u2019excellence dans la sortie de documents en milieu professionnel ou personnel exigeant un haut standard d\u2019impression monochrome. Ce toner original est un choix judicieux pour ceux qui valorisent qualit\u00e9, durabilit\u00e9 et compatibilit\u00e9 dans les consommables d\u2019impression HP.<\/p>\n<ul>\n<li>Type:\n<ul>\n<li>Original<\/li>\n<li>Toner<\/li>\n<\/ul>\n<\/li>\n<li>Couleur: Noir<\/li>\n<li>Technologie: Laser<\/li>\n<li>Nombre de p\u00f4les:\n<ul>\n<li>1 uds<\/li>\n<li>10000 pgs<\/li>\n<\/ul>\n<\/li>\n<li>Poids: 1,35 Kg<\/li>\n<li>Pr\u00e9cision (humidit\u00e9 relative): 20 % &#8211; 80 %<\/li>\n<li>Compatible:\n<ul>\n<li>HP<\/li>\n<li>HP LaserJet E52645 \/ HP LaserJet Enterprise M507, M528<\/li>\n<\/ul>\n<\/li>\n<li>Temp\u00e9rature approximative: -20\u00ba \/ 40\u00ba<\/li>\n<li>Caract\u00e9ristiques: Original<\/li>\n<\/ul>","protected":false},"excerpt":{"rendered":"<p><span class=\"unit-info\">315.9900 &euro; \/ 1 unit<\/span><\/p>","protected":false},"featured_media":182391,"comment_status":"open","ping_status":"closed","template":"","meta":[],"product_brand":[630],"product_cat":[65,581,582],"product_tag":[213,106],"class_list":{"0":"post-14311","1":"product","2":"type-product","3":"status-publish","4":"has-post-thumbnail","6":"product_brand-brandp_909","7":"product_cat-informatique-electronique","8":"product_cat-informatique-peripheriques-et-consommables","9":"product_cat-toners-originaux","10":"product_tag-tag_933","11":"product_tag-tag_1295","13":"first","14":"instock","15":"taxable","16":"shipping-taxable","17":"purchasable","18":"product-type-simple"},"_links":{"self":[{"href":"https:\/\/bigbuy.tupique.com\/pt\/wp-json\/wp\/v2\/product\/14311","targetHints":{"allow":["GET"]}}],"collection":[{"href":"https:\/\/bigbuy.tupique.com\/pt\/wp-json\/wp\/v2\/product"}],"about":[{"href":"https:\/\/bigbuy.tupique.com\/pt\/wp-json\/wp\/v2\/types\/product"}],"replies":[{"embeddable":true,"href":"https:\/\/bigbuy.tupique.com\/pt\/wp-json\/wp\/v2\/comments?post=14311"}],"wp:featuredmedia":[{"embeddable":true,"href":"https:\/\/bigbuy.tupique.com\/pt\/wp-json\/wp\/v2\/media\/182391"}],"wp:attachment":[{"href":"https:\/\/bigbuy.tupique.com\/pt\/wp-json\/wp\/v2\/media?parent=14311"}],"wp:term":[{"taxonomy":"product_brand","embeddable":true,"href":"https:\/\/bigbuy.tupique.com\/pt\/wp-json\/wp\/v2\/product_brand?post=14311"},{"taxonomy":"product_cat","embeddable":true,"href":"https:\/\/bigbuy.tupique.com\/pt\/wp-json\/wp\/v2\/product_cat?post=14311"},{"taxonomy":"product_tag","embeddable":true,"href":"https:\/\/bigbuy.tupique.com\/pt\/wp-json\/wp\/v2\/product_tag?post=14311"}],"curies":[{"name":"wp","href":"https:\/\/api.w.org\/{rel}","templated":true}]}}