{"id":14288,"date":"2026-03-29T11:48:53","date_gmt":"2026-03-29T10:48:53","guid":{"rendered":"https:\/\/bigbuy.tupique.com\/produto\/kvm-switch-startech-sv831dusbuk\/"},"modified":"2026-05-11T19:58:40","modified_gmt":"2026-05-11T17:58:40","slug":"kvm-switch-startech-sv831dusbuk","status":"publish","type":"product","link":"https:\/\/bigbuy.tupique.com\/pt\/produto\/kvm-switch-startech-sv831dusbuk\/","title":{"rendered":"Switch KVM Startech SV831DUSBUK"},"content":{"rendered":"<p>Si vous \u00eates passionn\u00e9 d&#8217;<b>informatique et d&#8217;\u00e9lectronique<\/b>, si vous \u00eates \u00e0 la pointe de la technologie et qu&#8217;aucun d\u00e9tail ne vous \u00e9chappe, achetez <b>Switch KVM Startech SV831DUSBUK<\/b> au meilleur prix.<\/p>\n<p>Le <b>Startech SV831DUSBUK<\/b> est un <b>switch KVM<\/b> professionnel haute capacit\u00e9 con\u00e7u pour les environnements de gestion informatique et les salles serveurs, permettant de contr\u00f4ler jusqu\u2019\u00e0 <b>8 ordinateurs ou serveurs<\/b> depuis un seul ensemble clavier, souris et \u00e9cran. Ce mod\u00e8le rackable occupe seulement <b>1U d\u2019espace<\/b>, facilitant son installation dans des armoires standard et optimisant l\u2019espace dans les infrastructures IT. Construit en <b>acier m\u00e9tallis\u00e9 noir<\/b>, il assure robustesse et durabilit\u00e9 en environnements exigeants. Il offre une connexion via <b>USB 2.0<\/b> pour clavier et souris, et des <b>ports VGA HD15<\/b> pour la vid\u00e9o, avec une r\u00e9solution analogique maximale de <b>1920 x 1440 pixels<\/b>, garantissant une qualit\u00e9 visuelle adapt\u00e9e \u00e0 la plupart des applications professionnelles. Le commutateur inclut c\u00e2bles et accessoires n\u00e9cessaires pour une mise en service rapide et simple, optimisant la configuration initiale et la maintenance. Son syst\u00e8me de commutation avanc\u00e9 permet de s\u00e9lectionner les appareils connect\u00e9s par boutons physiques ou via un menu OSD (On Screen Display), facilitant la navigation et la gestion \u00e0 l\u2019\u00e9cran. De plus, il peut \u00eatre encha\u00een\u00e9 avec d\u2019autres commutateurs Startech similaires, \u00e9tendant la capacit\u00e9 de contr\u00f4le jusqu\u2019\u00e0 64 ordinateurs depuis un point unique, ce qui en fait une solution \u00e9volutive et flexible pour des infrastructures complexes. Le switch KVM fonctionne sous une tension universelle d\u2019entr\u00e9e entre <b>100 et 240 V<\/b>, fournissant une sortie de <b>12 V et 1 A<\/b> pour un fonctionnement stable et s\u00fbr, et dispose de la certification <b>RoHS<\/b>, conforme aux normes internationales de protection environnementale. Son design modulaire et ses mat\u00e9riaux de qualit\u00e9 assurent une performance fiable lors d\u2019utilisations prolong\u00e9es en milieu professionnel. En r\u00e9sum\u00e9, le Startech SV831DUSBUK est une option solide et efficace pour la gestion centralis\u00e9e de multiples syst\u00e8mes informatiques, con\u00e7ue pour offrir fonctionnalit\u00e9 maximale et polyvalence dans les installations d\u2019entreprise et centres de donn\u00e9es.<\/p>\n<ul>\n<li>Ports: 8<\/li>\n<li>Type: Commutateur R\u00e9seau Armoire<\/li>\n<li>Produit \u00e0 brancher: Oui<\/li>\n<li>Type de prise: Prise EU<\/li>\n<li>Bloc d\u2019Alimentation:\n<ul>\n<li>r\u00e9seau \u00e9lectrique<\/li>\n<li>C\u00e2ble \u00e9lectrique<\/li>\n<li>CC<\/li>\n<\/ul>\n<\/li>\n<li>Couleur: Noir<\/li>\n<li>Connexions:\n<ul>\n<li>USB<\/li>\n<li>USB 2.0<\/li>\n<li>VGA<\/li>\n<li>2<\/li>\n<li>SATA<\/li>\n<li>USB-A<\/li>\n<li>USB 2.0 x 2<\/li>\n<\/ul>\n<\/li>\n<li>Mati\u00e8re:\n<ul>\n<li>Acier<\/li>\n<li>M\u00e9tal<\/li>\n<\/ul>\n<\/li>\n<li>Tension:\n<ul>\n<li>12 V<\/li>\n<li>100 &#8211; 240 V<\/li>\n<\/ul>\n<\/li>\n<li>puissance: 12 W<\/li>\n<li>Caract\u00e9ristiques:\n<ul>\n<li>Plug and play<\/li>\n<li>T\u00e9moin de fonctionnement LED<\/li>\n<\/ul>\n<\/li>\n<li>Amp\u00e9rage: 1 A<\/li>\n<li>Certificat: RoHS<\/li>\n<li>Non Inclus: Adaptateur AC<\/li>\n<li>Montage en rack: 1U<\/li>\n<li>Inclut: Manuel de l&#8217;utilisateur<\/li>\n<\/ul>","protected":false},"excerpt":{"rendered":"<p>Si vous \u00eates passionn\u00e9 d&#8217;informatique et d&#8217;\u00e9lectronique, si vous \u00eates \u00e0 la pointe de la technologie et qu&#8217;aucun d\u00e9tail ne vous \u00e9chappe, achetez Switch KVM Startech SV831DUSBUK au meilleur prix. Le Startech SV831DUSBUK est un switch KVM professionnel haute capacit\u00e9 con\u00e7u pour les environnements de gestion informatique et les salles serveurs, permettant de contr\u00f4ler jusqu\u2019\u00e0 [&hellip;]<\/p>\n","protected":false},"featured_media":14287,"comment_status":"open","ping_status":"closed","template":"","meta":[],"product_brand":[634],"product_cat":[598,65,608],"product_tag":[106],"class_list":{"0":"post-14288","1":"product","2":"type-product","3":"status-publish","4":"has-post-thumbnail","6":"product_brand-brandp_4771","7":"product_cat-informatique-cables-et-adaptateurs","8":"product_cat-informatique-electronique","9":"product_cat-switch-kvm","10":"product_tag-tag_1295","12":"first","13":"instock","14":"taxable","15":"shipping-taxable","16":"purchasable","17":"product-type-simple"},"_links":{"self":[{"href":"https:\/\/bigbuy.tupique.com\/pt\/wp-json\/wp\/v2\/product\/14288","targetHints":{"allow":["GET"]}}],"collection":[{"href":"https:\/\/bigbuy.tupique.com\/pt\/wp-json\/wp\/v2\/product"}],"about":[{"href":"https:\/\/bigbuy.tupique.com\/pt\/wp-json\/wp\/v2\/types\/product"}],"replies":[{"embeddable":true,"href":"https:\/\/bigbuy.tupique.com\/pt\/wp-json\/wp\/v2\/comments?post=14288"}],"wp:featuredmedia":[{"embeddable":true,"href":"https:\/\/bigbuy.tupique.com\/pt\/wp-json\/wp\/v2\/media\/14287"}],"wp:attachment":[{"href":"https:\/\/bigbuy.tupique.com\/pt\/wp-json\/wp\/v2\/media?parent=14288"}],"wp:term":[{"taxonomy":"product_brand","embeddable":true,"href":"https:\/\/bigbuy.tupique.com\/pt\/wp-json\/wp\/v2\/product_brand?post=14288"},{"taxonomy":"product_cat","embeddable":true,"href":"https:\/\/bigbuy.tupique.com\/pt\/wp-json\/wp\/v2\/product_cat?post=14288"},{"taxonomy":"product_tag","embeddable":true,"href":"https:\/\/bigbuy.tupique.com\/pt\/wp-json\/wp\/v2\/product_tag?post=14288"}],"curies":[{"name":"wp","href":"https:\/\/api.w.org\/{rel}","templated":true}]}}