{"id":14268,"date":"2026-03-29T11:48:27","date_gmt":"2026-03-29T10:48:27","guid":{"rendered":"https:\/\/bigbuy.tupique.com\/produto\/kvm-switch-startech-rkcons1708k\/"},"modified":"2026-05-11T19:58:42","modified_gmt":"2026-05-11T17:58:42","slug":"kvm-switch-startech-rkcons1708k","status":"publish","type":"product","link":"https:\/\/bigbuy.tupique.com\/pt\/produto\/kvm-switch-startech-rkcons1708k\/","title":{"rendered":"Switch KVM Startech RKCONS1708K"},"content":{"rendered":"<p>Si vous \u00eates passionn\u00e9 d&#8217;<b>informatique et d&#8217;\u00e9lectronique<\/b>, si vous \u00eates \u00e0 la pointe de la technologie et qu&#8217;aucun d\u00e9tail ne vous \u00e9chappe, achetez <b>Switch KVM Startech RKCONS1708K<\/b> au meilleur prix.<\/p>\n<ul>\n<li>Ports:\n<ul>\n<li>8<\/li>\n<li>13<\/li>\n<\/ul>\n<\/li>\n<li>Couleur: Noir<\/li>\n<li>Mat\u00e9riel:\n<ul>\n<li>Acier<\/li>\n<li>Plastique<\/li>\n<\/ul>\n<\/li>\n<li>Connexions:\n<ul>\n<li>VGA<\/li>\n<li>USB<\/li>\n<\/ul>\n<\/li>\n<li>Ecran: TFT LCD<\/li>\n<li>Ann\u00e9e: 2018<\/li>\n<li>Poids approx.: 18 kg<\/li>\n<li>puissance: 13 W<\/li>\n<li>Diagonale de l&#8217;\u00e9cran (cm): 43,2 cm<\/li>\n<\/ul>","protected":false},"excerpt":{"rendered":"<p>Si vous \u00eates passionn\u00e9 d&#8217;informatique et d&#8217;\u00e9lectronique, si vous \u00eates \u00e0 la pointe de la technologie et qu&#8217;aucun d\u00e9tail ne vous \u00e9chappe, achetez Switch KVM Startech RKCONS1708K au meilleur prix. Ports: 8 13 Couleur: Noir Mat\u00e9riel: Acier Plastique Connexions: VGA USB Ecran: TFT LCD Ann\u00e9e: 2018 Poids approx.: 18 kg puissance: 13 W Diagonale de [&hellip;]<\/p>\n","protected":false},"featured_media":14266,"comment_status":"open","ping_status":"closed","template":"","meta":[],"product_brand":[634],"product_cat":[598,65,608],"product_tag":[106],"class_list":{"0":"post-14268","1":"product","2":"type-product","3":"status-publish","4":"has-post-thumbnail","6":"product_brand-brandp_4771","7":"product_cat-informatique-cables-et-adaptateurs","8":"product_cat-informatique-electronique","9":"product_cat-switch-kvm","10":"product_tag-tag_1295","12":"first","13":"instock","14":"taxable","15":"shipping-taxable","16":"purchasable","17":"product-type-simple"},"_links":{"self":[{"href":"https:\/\/bigbuy.tupique.com\/pt\/wp-json\/wp\/v2\/product\/14268","targetHints":{"allow":["GET"]}}],"collection":[{"href":"https:\/\/bigbuy.tupique.com\/pt\/wp-json\/wp\/v2\/product"}],"about":[{"href":"https:\/\/bigbuy.tupique.com\/pt\/wp-json\/wp\/v2\/types\/product"}],"replies":[{"embeddable":true,"href":"https:\/\/bigbuy.tupique.com\/pt\/wp-json\/wp\/v2\/comments?post=14268"}],"wp:featuredmedia":[{"embeddable":true,"href":"https:\/\/bigbuy.tupique.com\/pt\/wp-json\/wp\/v2\/media\/14266"}],"wp:attachment":[{"href":"https:\/\/bigbuy.tupique.com\/pt\/wp-json\/wp\/v2\/media?parent=14268"}],"wp:term":[{"taxonomy":"product_brand","embeddable":true,"href":"https:\/\/bigbuy.tupique.com\/pt\/wp-json\/wp\/v2\/product_brand?post=14268"},{"taxonomy":"product_cat","embeddable":true,"href":"https:\/\/bigbuy.tupique.com\/pt\/wp-json\/wp\/v2\/product_cat?post=14268"},{"taxonomy":"product_tag","embeddable":true,"href":"https:\/\/bigbuy.tupique.com\/pt\/wp-json\/wp\/v2\/product_tag?post=14268"}],"curies":[{"name":"wp","href":"https:\/\/api.w.org\/{rel}","templated":true}]}}