{"id":14185,"date":"2026-03-29T11:46:40","date_gmt":"2026-03-29T10:46:40","guid":{"rendered":"https:\/\/bigbuy.tupique.com\/produto\/battery-for-uninterruptible-power-supply-system-ups-apc-apcrbc133\/"},"modified":"2026-04-16T08:11:16","modified_gmt":"2026-04-16T07:11:16","slug":"battery-for-uninterruptible-power-supply-system-ups-apc-apcrbc133","status":"publish","type":"product","link":"https:\/\/bigbuy.tupique.com\/pt\/produto\/battery-for-uninterruptible-power-supply-system-ups-apc-apcrbc133\/","title":{"rendered":"Batterie pour Syst\u00e8me d&#8217;Alimentation Sans Interruption APC APCRBC133"},"content":{"rendered":"<p>Si vous \u00eates passionn\u00e9 d&#8217;<b>informatique et d&#8217;\u00e9lectronique<\/b>, si vous \u00eates \u00e0 la pointe de la technologie et qu&#8217;aucun d\u00e9tail ne vous \u00e9chappe, achetez <b>Batterie pour Syst\u00e8me d&#8217;Alimentation Sans Interruption APC APCRBC133<\/b> au meilleur prix.<\/p>\n<ul>\n<li>Tension: 12 V<\/li>\n<li>Type: Batterie pour Syst\u00e8me d&#8217;Alimentation Sans Interruption<\/li>\n<li>Couleur: Noir<\/li>\n<li>Technologie: VRLA<\/li>\n<li>Pays \/ r\u00e9gion de fabrication: Espagne<\/li>\n<li>Caract\u00e9ristiques: Pile incluse<\/li>\n<li>Langue: Anglais<\/li>\n<li>Certificat: RoHS<\/li>\n<li>Largeur: 21 cm<\/li>\n<\/ul>","protected":false},"excerpt":{"rendered":"<p>Si vous \u00eates passionn\u00e9 d&#8217;informatique et d&#8217;\u00e9lectronique, si vous \u00eates \u00e0 la pointe de la technologie et qu&#8217;aucun d\u00e9tail ne vous \u00e9chappe, achetez Batterie pour Syst\u00e8me d&#8217;Alimentation Sans Interruption APC APCRBC133 au meilleur prix. Tension: 12 V Type: Batterie pour Syst\u00e8me d&#8217;Alimentation Sans Interruption Couleur: Noir Technologie: VRLA Pays \/ r\u00e9gion de fabrication: Espagne Caract\u00e9ristiques: [&hellip;]<\/p>\n","protected":false},"featured_media":14184,"comment_status":"open","ping_status":"closed","template":"","meta":[],"product_brand":[649],"product_cat":[65,581,603],"product_tag":[106],"class_list":{"0":"post-14185","1":"product","2":"type-product","3":"status-publish","4":"has-post-thumbnail","6":"product_brand-brandp_532","7":"product_cat-informatique-electronique","8":"product_cat-informatique-peripheriques-et-consommables","9":"product_cat-ups","10":"product_tag-tag_1295","12":"first","13":"instock","14":"taxable","15":"shipping-taxable","16":"purchasable","17":"product-type-simple"},"_links":{"self":[{"href":"https:\/\/bigbuy.tupique.com\/pt\/wp-json\/wp\/v2\/product\/14185","targetHints":{"allow":["GET"]}}],"collection":[{"href":"https:\/\/bigbuy.tupique.com\/pt\/wp-json\/wp\/v2\/product"}],"about":[{"href":"https:\/\/bigbuy.tupique.com\/pt\/wp-json\/wp\/v2\/types\/product"}],"replies":[{"embeddable":true,"href":"https:\/\/bigbuy.tupique.com\/pt\/wp-json\/wp\/v2\/comments?post=14185"}],"wp:featuredmedia":[{"embeddable":true,"href":"https:\/\/bigbuy.tupique.com\/pt\/wp-json\/wp\/v2\/media\/14184"}],"wp:attachment":[{"href":"https:\/\/bigbuy.tupique.com\/pt\/wp-json\/wp\/v2\/media?parent=14185"}],"wp:term":[{"taxonomy":"product_brand","embeddable":true,"href":"https:\/\/bigbuy.tupique.com\/pt\/wp-json\/wp\/v2\/product_brand?post=14185"},{"taxonomy":"product_cat","embeddable":true,"href":"https:\/\/bigbuy.tupique.com\/pt\/wp-json\/wp\/v2\/product_cat?post=14185"},{"taxonomy":"product_tag","embeddable":true,"href":"https:\/\/bigbuy.tupique.com\/pt\/wp-json\/wp\/v2\/product_tag?post=14185"}],"curies":[{"name":"wp","href":"https:\/\/api.w.org\/{rel}","templated":true}]}}