{"id":14155,"date":"2026-03-29T11:45:58","date_gmt":"2026-03-29T10:45:58","guid":{"rendered":"https:\/\/bigbuy.tupique.com\/produto\/uninterruptible-power-supply-system-interactive-ups-apc-srt1500xli\/"},"modified":"2026-04-16T07:59:53","modified_gmt":"2026-04-16T06:59:53","slug":"uninterruptible-power-supply-system-interactive-ups-apc-srt1500xli","status":"publish","type":"product","link":"https:\/\/bigbuy.tupique.com\/pt\/produto\/uninterruptible-power-supply-system-interactive-ups-apc-srt1500xli\/","title":{"rendered":"Syst\u00e8me d&#8217;Alimentation Sans Interruption Interactif APC SRT1500XLI"},"content":{"rendered":"<p>Si vous \u00eates passionn\u00e9 d&#8217;<b>informatique et d&#8217;\u00e9lectronique<\/b>, si vous \u00eates \u00e0 la pointe de la technologie et qu&#8217;aucun d\u00e9tail ne vous \u00e9chappe, achetez <b>Syst\u00e8me d&#8217;Alimentation Sans Interruption Interactif APC SRT1500XLI          <\/b> au meilleur prix.<\/p>\n<ul>\n<li>Couleur: Noir<\/li>\n<li>Ecran: LCD<\/li>\n<li>Connexion: USB<\/li>\n<li>Tension de sortie: 240 V<\/li>\n<li>Certificat: RoHS<\/li>\n<li>Niveau sonore: 50 dB<\/li>\n<li>Caract\u00e9ristiques:\n<ul>\n<li>Alarme<\/li>\n<li>Arr\u00eat d&#8217;urgence<\/li>\n<li>T\u00e9moin de fonctionnement LED<\/li>\n<\/ul>\n<\/li>\n<li>Connexions: USB<\/li>\n<li>Fonctions: Hot Swap<\/li>\n<li>puissance: 1500 W<\/li>\n<li>Technologie:\n<ul>\n<li>LCD<\/li>\n<li>VRLA<\/li>\n<\/ul>\n<\/li>\n<li>Tension: 220 V<\/li>\n<li>Classification IP: IP20<\/li>\n<li>fr\u00e9quence: 50 &#8211; 60 Hz<\/li>\n<li>Temps de charge approx.: 3 h<\/li>\n<li>Plage d&#8217;humidit\u00e9 de travail: 0 % &#8211; 95 %<\/li>\n<li>Facteur de forme: Tour<\/li>\n<li>Temp\u00e9rature approximative: -20\u00ba \/ 50\u00ba<\/li>\n<li>Plage de temp\u00e9ratures de travail: 0\u00ba \/ 40\u00ba<\/li>\n<\/ul>","protected":false},"excerpt":{"rendered":"<p>Si vous \u00eates passionn\u00e9 d&#8217;informatique et d&#8217;\u00e9lectronique, si vous \u00eates \u00e0 la pointe de la technologie et qu&#8217;aucun d\u00e9tail ne vous \u00e9chappe, achetez Syst\u00e8me d&#8217;Alimentation Sans Interruption Interactif APC SRT1500XLI au meilleur prix. Couleur: Noir Ecran: LCD Connexion: USB Tension de sortie: 240 V Certificat: RoHS Niveau sonore: 50 dB Caract\u00e9ristiques: Alarme Arr\u00eat d&#8217;urgence T\u00e9moin [&hellip;]<\/p>\n","protected":false},"featured_media":14153,"comment_status":"open","ping_status":"closed","template":"","meta":[],"product_brand":[649],"product_cat":[65,581,603],"product_tag":[106],"class_list":{"0":"post-14155","1":"product","2":"type-product","3":"status-publish","4":"has-post-thumbnail","6":"product_brand-brandp_532","7":"product_cat-informatique-electronique","8":"product_cat-informatique-peripheriques-et-consommables","9":"product_cat-ups","10":"product_tag-tag_1295","12":"first","13":"instock","14":"taxable","15":"shipping-taxable","16":"purchasable","17":"product-type-simple"},"_links":{"self":[{"href":"https:\/\/bigbuy.tupique.com\/pt\/wp-json\/wp\/v2\/product\/14155","targetHints":{"allow":["GET"]}}],"collection":[{"href":"https:\/\/bigbuy.tupique.com\/pt\/wp-json\/wp\/v2\/product"}],"about":[{"href":"https:\/\/bigbuy.tupique.com\/pt\/wp-json\/wp\/v2\/types\/product"}],"replies":[{"embeddable":true,"href":"https:\/\/bigbuy.tupique.com\/pt\/wp-json\/wp\/v2\/comments?post=14155"}],"wp:featuredmedia":[{"embeddable":true,"href":"https:\/\/bigbuy.tupique.com\/pt\/wp-json\/wp\/v2\/media\/14153"}],"wp:attachment":[{"href":"https:\/\/bigbuy.tupique.com\/pt\/wp-json\/wp\/v2\/media?parent=14155"}],"wp:term":[{"taxonomy":"product_brand","embeddable":true,"href":"https:\/\/bigbuy.tupique.com\/pt\/wp-json\/wp\/v2\/product_brand?post=14155"},{"taxonomy":"product_cat","embeddable":true,"href":"https:\/\/bigbuy.tupique.com\/pt\/wp-json\/wp\/v2\/product_cat?post=14155"},{"taxonomy":"product_tag","embeddable":true,"href":"https:\/\/bigbuy.tupique.com\/pt\/wp-json\/wp\/v2\/product_tag?post=14155"}],"curies":[{"name":"wp","href":"https:\/\/api.w.org\/{rel}","templated":true}]}}