{"id":14117,"date":"2026-03-29T11:44:56","date_gmt":"2026-03-29T10:44:56","guid":{"rendered":"https:\/\/bigbuy.tupique.com\/produto\/wall-mounted-rack-cabinet-startech-rk2236bkf\/"},"modified":"2026-04-14T23:39:27","modified_gmt":"2026-04-14T22:39:27","slug":"wall-mounted-rack-cabinet-startech-rk2236bkf","status":"publish","type":"product","link":"https:\/\/bigbuy.tupique.com\/pt\/produto\/wall-mounted-rack-cabinet-startech-rk2236bkf\/","title":{"rendered":"Armoire Murale Rack Startech RK2236BKF"},"content":{"rendered":"<p>Si vous \u00eates passionn\u00e9 d&#8217;<b>informatique et d&#8217;\u00e9lectronique<\/b>, si vous \u00eates \u00e0 la pointe de la technologie et qu&#8217;aucun d\u00e9tail ne vous \u00e9chappe, achetez <b>Armoire Murale Rack Startech RK2236BKF           <\/b> au meilleur prix.<\/p>\n<ul>\n<li>Type:\n<ul>\n<li>D\u00e9montable<\/li>\n<li>Rangement<\/li>\n<\/ul>\n<\/li>\n<li>Couleur: Noir<\/li>\n<li>Mati\u00e8re: Acier<\/li>\n<li>Poids Max. support\u00e9: 800 Kg<\/li>\n<li>Capacit\u00e9: 22 uds<\/li>\n<li>N\u00e9cessite un montage: Oui<\/li>\n<li>Connexions: SATA<\/li>\n<\/ul>","protected":false},"excerpt":{"rendered":"<p>Si vous \u00eates passionn\u00e9 d&#8217;informatique et d&#8217;\u00e9lectronique, si vous \u00eates \u00e0 la pointe de la technologie et qu&#8217;aucun d\u00e9tail ne vous \u00e9chappe, achetez Armoire Murale Rack Startech RK2236BKF au meilleur prix. Type: D\u00e9montable Rangement Couleur: Noir Mati\u00e8re: Acier Poids Max. support\u00e9: 800 Kg Capacit\u00e9: 22 uds N\u00e9cessite un montage: Oui Connexions: SATA<\/p>","protected":false},"featured_media":14113,"comment_status":"open","ping_status":"closed","template":"","meta":[],"product_brand":[634],"product_cat":[605,65,584],"product_tag":[106],"class_list":{"0":"post-14117","1":"product","2":"type-product","3":"status-publish","4":"has-post-thumbnail","6":"product_brand-brandp_4771","7":"product_cat-armoires-rack","8":"product_cat-informatique-electronique","9":"product_cat-informatique-reseaux-et-composants","10":"product_tag-tag_1295","12":"first","13":"instock","14":"taxable","15":"shipping-taxable","16":"purchasable","17":"product-type-simple"},"_links":{"self":[{"href":"https:\/\/bigbuy.tupique.com\/pt\/wp-json\/wp\/v2\/product\/14117","targetHints":{"allow":["GET"]}}],"collection":[{"href":"https:\/\/bigbuy.tupique.com\/pt\/wp-json\/wp\/v2\/product"}],"about":[{"href":"https:\/\/bigbuy.tupique.com\/pt\/wp-json\/wp\/v2\/types\/product"}],"replies":[{"embeddable":true,"href":"https:\/\/bigbuy.tupique.com\/pt\/wp-json\/wp\/v2\/comments?post=14117"}],"wp:featuredmedia":[{"embeddable":true,"href":"https:\/\/bigbuy.tupique.com\/pt\/wp-json\/wp\/v2\/media\/14113"}],"wp:attachment":[{"href":"https:\/\/bigbuy.tupique.com\/pt\/wp-json\/wp\/v2\/media?parent=14117"}],"wp:term":[{"taxonomy":"product_brand","embeddable":true,"href":"https:\/\/bigbuy.tupique.com\/pt\/wp-json\/wp\/v2\/product_brand?post=14117"},{"taxonomy":"product_cat","embeddable":true,"href":"https:\/\/bigbuy.tupique.com\/pt\/wp-json\/wp\/v2\/product_cat?post=14117"},{"taxonomy":"product_tag","embeddable":true,"href":"https:\/\/bigbuy.tupique.com\/pt\/wp-json\/wp\/v2\/product_tag?post=14117"}],"curies":[{"name":"wp","href":"https:\/\/api.w.org\/{rel}","templated":true}]}}