{"id":14112,"date":"2026-03-29T11:44:48","date_gmt":"2026-03-29T10:44:48","guid":{"rendered":"https:\/\/bigbuy.tupique.com\/produto\/wall-mounted-rack-cabinet-startech-4postrack25u\/"},"modified":"2026-04-14T23:39:27","modified_gmt":"2026-04-14T22:39:27","slug":"wall-mounted-rack-cabinet-startech-4postrack25u","status":"publish","type":"product","link":"https:\/\/bigbuy.tupique.com\/pt\/produto\/wall-mounted-rack-cabinet-startech-4postrack25u\/","title":{"rendered":"Armoire Murale Rack Startech 4POSTRACK25U"},"content":{"rendered":"<p>Si vous \u00eates passionn\u00e9 d&#8217;<b>informatique et d&#8217;\u00e9lectronique<\/b>, si vous \u00eates \u00e0 la pointe de la technologie et qu&#8217;aucun d\u00e9tail ne vous \u00e9chappe, achetez <b>Armoire Murale Rack Startech 4POSTRACK25U        <\/b> au meilleur prix.<\/p>\n<p>Le <b>rack mural 4POSTRACK25U de Startech<\/b> est une <b>armoire rack<\/b> robuste et polyvalente con\u00e7ue pour l\u2019organisation efficace des \u00e9quipements informatiques, serveurs et dispositifs r\u00e9seau. Fabriqu\u00e9 en <b>acier r\u00e9sistant<\/b> et pr\u00e9sent\u00e9 dans une \u00e9l\u00e9gante couleur <b>noire<\/b>, il dispose d\u2019une structure \u00e0 <b>4 colonnes ouvertes<\/b> facilitant l\u2019acc\u00e8s et la ventilation des \u00e9quipements mont\u00e9s. Sa capacit\u00e9 est de <b>25U<\/b> et sa profondeur de montage est r\u00e9glable, allant de <b>22 \u00e0 40 pouces (56,0 \u00e0 101,7 cm)<\/b>, ce qui permet d\u2019adapter une large gamme d\u2019appareils. De plus, il supporte une charge statique maximale de <b>544 kg<\/b>, garantissant la stabilit\u00e9 et la s\u00e9curit\u00e9 n\u00e9cessaires pour des infrastructures haute performance. Ce rack respecte les normes internationales <b>EIA\/ECA-310, IEC 60297 et DIN 41494<\/b>, assurant la compatibilit\u00e9 avec la plupart des standards de montage dans l\u2019industrie IT. \u00c9quip\u00e9 de <b>roulettes mobiles<\/b> pour faciliter le d\u00e9placement et de <b>pieds r\u00e9glables<\/b> pour la stabilit\u00e9 en position fixe, il offre flexibilit\u00e9 d\u2019installation et ajustements selon l\u2019environnement. Il int\u00e8gre \u00e9galement des <b>crochets pour l\u2019organisation des c\u00e2bles<\/b> permettant un c\u00e2blage ordonn\u00e9, am\u00e9liorant la gestion et la maintenance des syst\u00e8mes h\u00e9berg\u00e9s. Sa base comporte des perforations pr\u00e9alables pour vissage, offrant la possibilit\u00e9 d\u2019ancrer le rack au sol pour une s\u00e9curit\u00e9 physique accrue. Avec un poids d\u2019environ 33 kg, il allie robustesse et structure sans compromettre la mobilit\u00e9. En r\u00e9sum\u00e9, ce rack ouvert Startech apporte une solution technique fiable et adaptable pour la gestion professionnelle d\u2019installations IT n\u00e9cessitant organisation, accessibilit\u00e9 et support structurel certifi\u00e9.<\/p>\n<ul>\n<li>Couleur: Noir<\/li>\n<li>Capacit\u00e9: 25 uds<\/li>\n<li>Type: Rangement<\/li>\n<li>Caract\u00e9ristiques:\n<ul>\n<li>Ouvert<\/li>\n<li>Avec des roues<\/li>\n<\/ul>\n<\/li>\n<li>Mati\u00e8re: Acier<\/li>\n<li>Profondeur: 1000 mm<\/li>\n<li>N\u00e9cessite un montage: Oui<\/li>\n<li>Certificat: RoHS<\/li>\n<li>Inclut: Vis<\/li>\n<\/ul>","protected":false},"excerpt":{"rendered":"<p>Si vous \u00eates passionn\u00e9 d&#8217;informatique et d&#8217;\u00e9lectronique, si vous \u00eates \u00e0 la pointe de la technologie et qu&#8217;aucun d\u00e9tail ne vous \u00e9chappe, achetez Armoire Murale Rack Startech 4POSTRACK25U au meilleur prix. Le rack mural 4POSTRACK25U de Startech est une armoire rack robuste et polyvalente con\u00e7ue pour l\u2019organisation efficace des \u00e9quipements informatiques, serveurs et dispositifs r\u00e9seau. [&hellip;]<\/p>\n","protected":false},"featured_media":14108,"comment_status":"open","ping_status":"closed","template":"","meta":[],"product_brand":[634],"product_cat":[605,65,584],"product_tag":[106],"class_list":{"0":"post-14112","1":"product","2":"type-product","3":"status-publish","4":"has-post-thumbnail","6":"product_brand-brandp_4771","7":"product_cat-armoires-rack","8":"product_cat-informatique-electronique","9":"product_cat-informatique-reseaux-et-composants","10":"product_tag-tag_1295","12":"first","13":"instock","14":"taxable","15":"shipping-taxable","16":"purchasable","17":"product-type-simple"},"_links":{"self":[{"href":"https:\/\/bigbuy.tupique.com\/pt\/wp-json\/wp\/v2\/product\/14112","targetHints":{"allow":["GET"]}}],"collection":[{"href":"https:\/\/bigbuy.tupique.com\/pt\/wp-json\/wp\/v2\/product"}],"about":[{"href":"https:\/\/bigbuy.tupique.com\/pt\/wp-json\/wp\/v2\/types\/product"}],"replies":[{"embeddable":true,"href":"https:\/\/bigbuy.tupique.com\/pt\/wp-json\/wp\/v2\/comments?post=14112"}],"wp:featuredmedia":[{"embeddable":true,"href":"https:\/\/bigbuy.tupique.com\/pt\/wp-json\/wp\/v2\/media\/14108"}],"wp:attachment":[{"href":"https:\/\/bigbuy.tupique.com\/pt\/wp-json\/wp\/v2\/media?parent=14112"}],"wp:term":[{"taxonomy":"product_brand","embeddable":true,"href":"https:\/\/bigbuy.tupique.com\/pt\/wp-json\/wp\/v2\/product_brand?post=14112"},{"taxonomy":"product_cat","embeddable":true,"href":"https:\/\/bigbuy.tupique.com\/pt\/wp-json\/wp\/v2\/product_cat?post=14112"},{"taxonomy":"product_tag","embeddable":true,"href":"https:\/\/bigbuy.tupique.com\/pt\/wp-json\/wp\/v2\/product_tag?post=14112"}],"curies":[{"name":"wp","href":"https:\/\/api.w.org\/{rel}","templated":true}]}}