{"id":14101,"date":"2026-03-29T11:44:29","date_gmt":"2026-03-29T10:44:29","guid":{"rendered":"https:\/\/bigbuy.tupique.com\/produto\/projector-acer-mr-jqg11-001-3500-lm-white\/"},"modified":"2026-05-11T19:59:07","modified_gmt":"2026-05-11T17:59:07","slug":"projector-acer-mr-jqg11-001-3500-lm-white","status":"publish","type":"product","link":"https:\/\/bigbuy.tupique.com\/pt\/produto\/projector-acer-mr-jqg11-001-3500-lm-white\/","title":{"rendered":"Projecteur Acer MR.JQG11.001         3500 lm Blanc"},"content":{"rendered":"<p>Si vous \u00eates passionn\u00e9 d&#8217;<b>informatique et d&#8217;\u00e9lectronique<\/b>, si vous \u00eates \u00e0 la pointe de la technologie et qu&#8217;aucun d\u00e9tail ne vous \u00e9chappe, achetez <b>Projecteur Acer MR.JQG11.001         3500 lm Blanc<\/b> au meilleur prix.<\/p>\n<ul>\n<li>Bloc d\u2019Alimentation: r\u00e9seau \u00e9lectrique<\/li>\n<li>Flux lumineux: 3500 lm<\/li>\n<li>Couleur:\n<ul>\n<li>Blanc<\/li>\n<li>Noir<\/li>\n<\/ul>\n<\/li>\n<li>Produit \u00e0 brancher: Oui<\/li>\n<li>R\u00e9solution: XGA<\/li>\n<li>Type de prise: Prise EU<\/li>\n<li>Connexions:\n<ul>\n<li>Ethernet LAN<\/li>\n<li>USB 2.0<\/li>\n<li>2<\/li>\n<li>3<\/li>\n<li>HDMI<\/li>\n<li>RJ45<\/li>\n<li>HDMI x 2<\/li>\n<\/ul>\n<\/li>\n<li>Technologie: DLP<\/li>\n<li>Type:\n<ul>\n<li>Projecteur<\/li>\n<li>De toit<\/li>\n<\/ul>\n<\/li>\n<li>Mati\u00e8re: Plastique<\/li>\n<li>Caract\u00e9ristiques:\n<ul>\n<li>Guide d&#8217;installation inclus<\/li>\n<li>T\u00e9moin de fonctionnement LED<\/li>\n<li>Haut-parleurs int\u00e9gr\u00e9s<\/li>\n<\/ul>\n<\/li>\n<li>Rapport d&#8217;aspect: 4:3<\/li>\n<li>Format: 16:9<\/li>\n<li>Sortie audio: Oui<\/li>\n<li>Compatible: Windows<\/li>\n<li>puissance: 220 W<\/li>\n<li>Niveau sonore: 32 dB<\/li>\n<li>\u00c9cran integr\u00e9: Non<\/li>\n<li>Distance focale: 7,15 mm<\/li>\n<li>Rapport de contraste: 20000:1<\/li>\n<\/ul>","protected":false},"excerpt":{"rendered":"<p>Si vous \u00eates passionn\u00e9 d&#8217;informatique et d&#8217;\u00e9lectronique, si vous \u00eates \u00e0 la pointe de la technologie et qu&#8217;aucun d\u00e9tail ne vous \u00e9chappe, achetez Projecteur Acer MR.JQG11.001 3500 lm Blanc au meilleur prix. Bloc d\u2019Alimentation: r\u00e9seau \u00e9lectrique Flux lumineux: 3500 lm Couleur: Blanc Noir Produit \u00e0 brancher: Oui R\u00e9solution: XGA Type de prise: Prise EU Connexions: [&hellip;]<\/p>\n","protected":false},"featured_media":14100,"comment_status":"open","ping_status":"closed","template":"","meta":[],"product_brand":[653],"product_cat":[65,581,583],"product_tag":[],"class_list":{"0":"post-14101","1":"product","2":"type-product","3":"status-publish","4":"has-post-thumbnail","6":"product_brand-brandp_529","7":"product_cat-informatique-electronique","8":"product_cat-informatique-peripheriques-et-consommables","9":"product_cat-projecteurs","11":"first","12":"instock","13":"taxable","14":"shipping-taxable","15":"purchasable","16":"product-type-simple"},"_links":{"self":[{"href":"https:\/\/bigbuy.tupique.com\/pt\/wp-json\/wp\/v2\/product\/14101","targetHints":{"allow":["GET"]}}],"collection":[{"href":"https:\/\/bigbuy.tupique.com\/pt\/wp-json\/wp\/v2\/product"}],"about":[{"href":"https:\/\/bigbuy.tupique.com\/pt\/wp-json\/wp\/v2\/types\/product"}],"replies":[{"embeddable":true,"href":"https:\/\/bigbuy.tupique.com\/pt\/wp-json\/wp\/v2\/comments?post=14101"}],"wp:featuredmedia":[{"embeddable":true,"href":"https:\/\/bigbuy.tupique.com\/pt\/wp-json\/wp\/v2\/media\/14100"}],"wp:attachment":[{"href":"https:\/\/bigbuy.tupique.com\/pt\/wp-json\/wp\/v2\/media?parent=14101"}],"wp:term":[{"taxonomy":"product_brand","embeddable":true,"href":"https:\/\/bigbuy.tupique.com\/pt\/wp-json\/wp\/v2\/product_brand?post=14101"},{"taxonomy":"product_cat","embeddable":true,"href":"https:\/\/bigbuy.tupique.com\/pt\/wp-json\/wp\/v2\/product_cat?post=14101"},{"taxonomy":"product_tag","embeddable":true,"href":"https:\/\/bigbuy.tupique.com\/pt\/wp-json\/wp\/v2\/product_tag?post=14101"}],"curies":[{"name":"wp","href":"https:\/\/api.w.org\/{rel}","templated":true}]}}