{"id":14073,"date":"2026-03-29T11:43:50","date_gmt":"2026-03-29T10:43:50","guid":{"rendered":"https:\/\/bigbuy.tupique.com\/produto\/uninterruptible-power-supply-system-interactive-ups-eaton-elp1200din\/"},"modified":"2026-04-14T23:39:23","modified_gmt":"2026-04-14T22:39:23","slug":"uninterruptible-power-supply-system-interactive-ups-eaton-elp1200din","status":"publish","type":"product","link":"https:\/\/bigbuy.tupique.com\/pt\/produto\/uninterruptible-power-supply-system-interactive-ups-eaton-elp1200din\/","title":{"rendered":"Syst\u00e8me d&#8217;Alimentation Sans Interruption Interactif Eaton ELP1200DIN"},"content":{"rendered":"<p>Si vous \u00eates passionn\u00e9 d&#8217;<b>informatique et d&#8217;\u00e9lectronique<\/b>, si vous \u00eates \u00e0 la pointe de la technologie et qu&#8217;aucun d\u00e9tail ne vous \u00e9chappe, achetez <b>Syst\u00e8me d&#8217;Alimentation Sans Interruption Interactif Eaton ELP1200DIN          <\/b> au meilleur prix.<\/p>\n<p>Le <b>Eaton ELP650IEC<\/b> est un <b>onduleur interactif<\/b> con\u00e7u pour offrir une protection fiable et efficace aux postes de travail et \u00e9quipements informatiques exigeants. Avec une <b>puissance de sortie de 400 W<\/b> (650 VA nominal), ce mod\u00e8le noir pr\u00e9sente une <b>topologie en ligne interactive<\/b> qui stabilise les variations du courant \u00e9lectrique, assurant une alimentation constante et s\u00e9curis\u00e9e. Cet onduleur utilise des batteries <b>VRLA (Sealed Lead Acid)<\/b>, garantissant un entretien simple et r\u00e9duisant les risques de fuites. Il se distingue \u00e9galement par un <b>affichage LCD<\/b> fournissant des informations en temps r\u00e9el sur l\u2019\u00e9tat de l\u2019appareil, facilitant la surveillance pendant la sauvegarde. Son design <b>tour<\/b> est adapt\u00e9 aux environnements de bureau ou salles serveurs, avec une capacit\u00e9 de montage jusqu\u2019\u00e0 2U en rack, optimisant l\u2019espace. Il int\u00e8gre huit prises de sortie AC type F avec connecteur C14, id\u00e9ales pour brancher plusieurs appareils, et inclut une fonction <b>EcoControl<\/b> permettant d\u2019\u00e9conomiser jusqu\u2019\u00e0 20 % d\u2019\u00e9nergie en g\u00e9rant intelligemment les charges connect\u00e9es. Son syst\u00e8me offre une protection avanc\u00e9e contre les surtensions via la technologie ASR conforme \u00e0 la norme IEC 61643-1, apportant une s\u00e9curit\u00e9 suppl\u00e9mentaire pour les \u00e9quipements critiques. Parmi ses caract\u00e9ristiques techniques figurent le d\u00e9marrage \u00e0 froid, un indicateur de surcharge et une connectivit\u00e9 <b>USB 2.0<\/b> pour la gestion et la communication avec l\u2019ordinateur. Le temps de sauvegarde typique, avec charge moyenne, est d\u2019environ 9 minutes, offrant un d\u00e9lai suffisant pour sauvegarder les donn\u00e9es et effectuer un arr\u00eat contr\u00f4l\u00e9 en cas de coupure. Il respecte des normes internationales strictes de s\u00e9curit\u00e9 et qualit\u00e9, notamment IEC\/EN 62040-1, IEC\/EN 62040-2, CB et CE, garantissant sa fiabilit\u00e9 et son ad\u00e9quation \u00e0 un usage professionnel. En r\u00e9sum\u00e9, le Eaton ELP650IEC est un appareil robuste et fonctionnel qui combine technologie interactive, protection \u00e9nerg\u00e9tique et fonctionnalit\u00e9s avanc\u00e9es pour assurer la continuit\u00e9 et la protection des syst\u00e8mes \u00e9lectriques de taille moyenne en milieu professionnel.<\/p>\n<ul>\n<li>Technologie:\n<ul>\n<li>LCD<\/li>\n<li>VRLA<\/li>\n<\/ul>\n<\/li>\n<li>Produit \u00e0 brancher: Oui<\/li>\n<li>Type de prise:\n<ul>\n<li>Prise EU<\/li>\n<li>F<\/li>\n<\/ul>\n<\/li>\n<li>Type:\n<ul>\n<li>Tour<\/li>\n<li>Syst\u00e8me d&#8217;Alimentation Sans Interruption Interactif<\/li>\n<\/ul>\n<\/li>\n<li>Unit\u00e9s: 2 Unit\u00e9s<\/li>\n<li>Bloc d\u2019Alimentation: r\u00e9seau \u00e9lectrique<\/li>\n<li>Couleur: Noir<\/li>\n<li>Connexions:\n<ul>\n<li>USB 2.0<\/li>\n<li>C14 x 1<\/li>\n<li>AC x 8<\/li>\n<li>RJ45<\/li>\n<li>C14<\/li>\n<\/ul>\n<\/li>\n<li>Tension:\n<ul>\n<li>230 V<\/li>\n<li>220 V<\/li>\n<\/ul>\n<\/li>\n<li>Fr\u00e9quence: 50\/60 Hz<\/li>\n<li>Caract\u00e9ristiques:\n<ul>\n<li>Interactif<\/li>\n<li>D\u00e9marrage \u00e0 froid<\/li>\n<li>Indicateur de surcharge<\/li>\n<li>T\u00e9moin de fonctionnement LED<\/li>\n<\/ul>\n<\/li>\n<li>Tension de sortie: 240 V<\/li>\n<li>puissance: 400 W<\/li>\n<li>Facteur de forme: Tower<\/li>\n<li>Long: 39 cm<\/li>\n<\/ul>","protected":false},"excerpt":{"rendered":"<p><span class=\"unit-info\">196.9950 &euro; \/ 1 unit<\/span><\/p>","protected":false},"featured_media":14071,"comment_status":"open","ping_status":"closed","template":"","meta":[],"product_brand":[652],"product_cat":[65,581,603],"product_tag":[106],"class_list":{"0":"post-14073","1":"product","2":"type-product","3":"status-publish","4":"has-post-thumbnail","6":"product_brand-brandp_4815","7":"product_cat-informatique-electronique","8":"product_cat-informatique-peripheriques-et-consommables","9":"product_cat-ups","10":"product_tag-tag_1295","12":"first","13":"instock","14":"taxable","15":"shipping-taxable","16":"purchasable","17":"product-type-simple"},"_links":{"self":[{"href":"https:\/\/bigbuy.tupique.com\/pt\/wp-json\/wp\/v2\/product\/14073","targetHints":{"allow":["GET"]}}],"collection":[{"href":"https:\/\/bigbuy.tupique.com\/pt\/wp-json\/wp\/v2\/product"}],"about":[{"href":"https:\/\/bigbuy.tupique.com\/pt\/wp-json\/wp\/v2\/types\/product"}],"replies":[{"embeddable":true,"href":"https:\/\/bigbuy.tupique.com\/pt\/wp-json\/wp\/v2\/comments?post=14073"}],"wp:featuredmedia":[{"embeddable":true,"href":"https:\/\/bigbuy.tupique.com\/pt\/wp-json\/wp\/v2\/media\/14071"}],"wp:attachment":[{"href":"https:\/\/bigbuy.tupique.com\/pt\/wp-json\/wp\/v2\/media?parent=14073"}],"wp:term":[{"taxonomy":"product_brand","embeddable":true,"href":"https:\/\/bigbuy.tupique.com\/pt\/wp-json\/wp\/v2\/product_brand?post=14073"},{"taxonomy":"product_cat","embeddable":true,"href":"https:\/\/bigbuy.tupique.com\/pt\/wp-json\/wp\/v2\/product_cat?post=14073"},{"taxonomy":"product_tag","embeddable":true,"href":"https:\/\/bigbuy.tupique.com\/pt\/wp-json\/wp\/v2\/product_tag?post=14073"}],"curies":[{"name":"wp","href":"https:\/\/api.w.org\/{rel}","templated":true}]}}