{"id":13958,"date":"2026-03-29T11:41:20","date_gmt":"2026-03-29T10:41:20","guid":{"rendered":"https:\/\/bigbuy.tupique.com\/produto\/uninterruptible-power-supply-system-interactive-ups-apc-br1300mi\/"},"modified":"2026-05-11T19:58:33","modified_gmt":"2026-05-11T17:58:33","slug":"uninterruptible-power-supply-system-interactive-ups-apc-br1300mi","status":"publish","type":"product","link":"https:\/\/bigbuy.tupique.com\/pt\/produto\/uninterruptible-power-supply-system-interactive-ups-apc-br1300mi\/","title":{"rendered":"Syst\u00e8me d&#8217;Alimentation Sans Interruption Interactif APC BR1300MI"},"content":{"rendered":"<p>Si vous \u00eates passionn\u00e9 d&#8217;<b>informatique et d&#8217;\u00e9lectronique<\/b>, si vous \u00eates \u00e0 la pointe de la technologie et qu&#8217;aucun d\u00e9tail ne vous \u00e9chappe, achetez <b>Syst\u00e8me d&#8217;Alimentation Sans Interruption Interactif APC BR1300MI            <\/b> au meilleur prix.<\/p>\n<ul>\n<li>Technologie:\n<ul>\n<li>LCD<\/li>\n<li>VRLA<\/li>\n<\/ul>\n<\/li>\n<li>Produit \u00e0 brancher: Oui<\/li>\n<li>Type de prise: Prise EU<\/li>\n<li>Type:\n<ul>\n<li>Tour<\/li>\n<li>Syst\u00e8me d&#8217;Alimentation Sans Interruption Interactif<\/li>\n<li>C13<\/li>\n<\/ul>\n<\/li>\n<li>Temps de charge approx.: 16 heures<\/li>\n<li>Bloc d\u2019Alimentation: r\u00e9seau \u00e9lectrique<\/li>\n<li>Couleur: Noir<\/li>\n<li>Largeur:\n<ul>\n<li>250 mm<\/li>\n<li>25 cm<\/li>\n<\/ul>\n<\/li>\n<li>Connexions:\n<ul>\n<li>USB 2.0<\/li>\n<li>C14 x 1<\/li>\n<li>2<\/li>\n<li>AC x 8<\/li>\n<li>USB<\/li>\n<li>RJ45<\/li>\n<li>C14<\/li>\n<\/ul>\n<\/li>\n<li>Tension: 230 V<\/li>\n<li>Fr\u00e9quence: 50\/60 Hz<\/li>\n<li>Niveau sonore: 45 dB<\/li>\n<li>Caract\u00e9ristiques:\n<ul>\n<li>\u00c9cran LCD<\/li>\n<li>Alarme<\/li>\n<li>Interactif<\/li>\n<li>D\u00e9marrage \u00e0 froid<\/li>\n<li>Indicateur de surcharge<\/li>\n<li>T\u00e9moin de fonctionnement LED<\/li>\n<\/ul>\n<\/li>\n<li>Fonctions:\n<ul>\n<li>Hot Swap<\/li>\n<li>ECO<\/li>\n<\/ul>\n<\/li>\n<li>Facteur de forme: Tower<\/li>\n<\/ul>\n<p><\/p>\n<p>APC BR1300MI. Topologie UPS: Interactivit\u00e9 de ligne, capacit\u00e9 de la puissance de sortie: 1300 VA, Puissance de sortie: 780 W. Types de sortie AC: Coupleur C13, Prise m\u00e2le: Coupleur C14, Nombre de prises en sortie: 8 sortie(s) CA. Technologie batterie: Sealed Lead Acid (VRLA), Dur\u00e9e de vie totale de la batterie (max): 5 ann\u00e9e(s), Temps de rechargement de la batterie: 16 h. Format: Tower, Couleur du produit: Noir, Longueur de c\u00e2ble: 1,83 m. Largeur: 250 mm, Profondeur: 382 mm, Hauteur: 100 mm<\/p>\n<p><\/p>\n<ul>\n<li>Topologie UPS: Interactivit\u00e9 de ligne<\/li>\n<li>capacit\u00e9 de la puissance de sortie: 1300 VA<\/li>\n<li>Puissance de sortie: 780 W<\/li>\n<li>Forme d&#8217;onde: Sinus<\/li>\n<li>Tension de voltage \u00e0 l&#8217;entr\u00e9e (min): 176 V<\/li>\n<li>Tension de voltage \u00e0 l&#8217;entr\u00e9e (max): 294 V<\/li>\n<li>Fr\u00e9quence d&#8217;entr\u00e9e: 50\/60 Hz<\/li>\n<li>fr\u00e9quence de sortie: 50\/60 Hz<\/li>\n<li>R\u00e9gulateur de tension automatique (AVR): Oui<\/li>\n<li>Intensit\u00e9 (max.): 10 A<\/li>\n<li>Estimation de mont\u00e9e subite d&#8217;\u00e9nergie: 509 J<\/li>\n<li>Le mode ECO: Oui<\/li>\n<li>Niveau sonore: 45 dB<\/li>\n<li>Protection contre les surtensions: Oui<\/li>\n<li>Fonctions de protection de surtensions: R\u00e9seau<\/li>\n<li>Alarmes sonores: Oui<\/li>\n<li>Modes d&#8217;alarme sonore: Alarme en mode batterie, Alarme de batterie faible, Alarme de surcharge<\/li>\n<li>Types de sortie AC: Coupleur C13<\/li>\n<li>Prise m\u00e2le: Coupleur C14<\/li>\n<li>Nombre de prises en sortie: 8 sortie(s) CA<\/li>\n<li>Port USB: Oui<\/li>\n<li>Quantit\u00e9 de Ports USB 2.0: 1<\/li>\n<li>Nombre de port ethernet LAN (RJ-45): 2<\/li>\n<li>Technologie de cabl\u00e2ge: 10\/100\/1000Base-T(X)<\/li>\n<li>Technologie batterie: Sealed Lead Acid (VRLA)<\/li>\n<li>Dur\u00e9e de vie totale de la batterie (max): 5 ann\u00e9e(s)<\/li>\n<li>Temps de rechargement de la batterie: 16 h<\/li>\n<li>Batterie \u00e9changeable \u00e0 chaud: Oui<\/li>\n<li>Test de batterie automatique: Oui<\/li>\n<li>D\u00e9marrage \u00e0 froid: Oui<\/li>\n<li>Format: Tower<\/li>\n<li>Couleur du produit: Noir<\/li>\n<li>Longueur de c\u00e2ble: 1,83 m<\/li>\n<li>Type de refroidissement: Passif<\/li>\n<li>Voyants: Oui<\/li>\n<li>\u00c9cran: LCD<\/li>\n<li>Certification: A-tick, C-tick, CE, EAC, GS Mark, RCM, TISI<\/li>\n<li>Temp\u00e9rature d&#8217;op\u00e9ration: 0 &#8211; 40 \u00b0C<\/li>\n<li>Temp\u00e9rature hors fonctionnement: -15 &#8211; 45 \u00b0C<\/li>\n<li>Taux d&#8217;humidit\u00e9 de fonctionnement: 0 &#8211; 95%<\/li>\n<li>Taux d&#8217;humidit\u00e9 relative (stockage): 0 &#8211; 95%<\/li>\n<li>Altitude de fonctionnement: 0 &#8211; 3000 m<\/li>\n<li>Altitude de non fonctionnement: 0 &#8211; 15000 m<\/li>\n<li>Largeur: 250 mm<\/li>\n<li>Profondeur: 382 mm<\/li>\n<li>Hauteur: 100 mm<\/li>\n<li>Poids: 10,2 kg<\/li>\n<li>C\u00e2bles inclus: C\u00e2ble USB<\/li>\n<li>Manuel d&#8217;utilisation: Oui<\/li>\n<li>Largeur du colis: 485 mm<\/li>\n<li>Profondeur du colis: 225 mm<\/li>\n<li>Hauteur du colis: 330 mm<\/li>\n<li>Poids du paquet: 11,8 kg<\/li>\n<li>Tension nominale de sortie: 230 V<\/li>\n<li>Tension nominale \u00e0 l&#8217;entr\u00e9e: 230 V<\/li>\n<\/ul>","protected":false},"excerpt":{"rendered":"<p>Si vous \u00eates passionn\u00e9 d&#8217;informatique et d&#8217;\u00e9lectronique, si vous \u00eates \u00e0 la pointe de la technologie et qu&#8217;aucun d\u00e9tail ne vous \u00e9chappe, achetez Syst\u00e8me d&#8217;Alimentation Sans Interruption Interactif APC BR1300MI au meilleur prix. Technologie: LCD VRLA Produit \u00e0 brancher: Oui Type de prise: Prise EU Type: Tour Syst\u00e8me d&#8217;Alimentation Sans Interruption Interactif C13 Temps de [&hellip;]<\/p>\n","protected":false},"featured_media":13956,"comment_status":"open","ping_status":"closed","template":"","meta":[],"product_brand":[649],"product_cat":[65,581,603],"product_tag":[106],"class_list":{"0":"post-13958","1":"product","2":"type-product","3":"status-publish","4":"has-post-thumbnail","6":"product_brand-brandp_532","7":"product_cat-informatique-electronique","8":"product_cat-informatique-peripheriques-et-consommables","9":"product_cat-ups","10":"product_tag-tag_1295","12":"first","13":"instock","14":"taxable","15":"shipping-taxable","16":"purchasable","17":"product-type-simple"},"_links":{"self":[{"href":"https:\/\/bigbuy.tupique.com\/pt\/wp-json\/wp\/v2\/product\/13958","targetHints":{"allow":["GET"]}}],"collection":[{"href":"https:\/\/bigbuy.tupique.com\/pt\/wp-json\/wp\/v2\/product"}],"about":[{"href":"https:\/\/bigbuy.tupique.com\/pt\/wp-json\/wp\/v2\/types\/product"}],"replies":[{"embeddable":true,"href":"https:\/\/bigbuy.tupique.com\/pt\/wp-json\/wp\/v2\/comments?post=13958"}],"wp:featuredmedia":[{"embeddable":true,"href":"https:\/\/bigbuy.tupique.com\/pt\/wp-json\/wp\/v2\/media\/13956"}],"wp:attachment":[{"href":"https:\/\/bigbuy.tupique.com\/pt\/wp-json\/wp\/v2\/media?parent=13958"}],"wp:term":[{"taxonomy":"product_brand","embeddable":true,"href":"https:\/\/bigbuy.tupique.com\/pt\/wp-json\/wp\/v2\/product_brand?post=13958"},{"taxonomy":"product_cat","embeddable":true,"href":"https:\/\/bigbuy.tupique.com\/pt\/wp-json\/wp\/v2\/product_cat?post=13958"},{"taxonomy":"product_tag","embeddable":true,"href":"https:\/\/bigbuy.tupique.com\/pt\/wp-json\/wp\/v2\/product_tag?post=13958"}],"curies":[{"name":"wp","href":"https:\/\/api.w.org\/{rel}","templated":true}]}}