{"id":13945,"date":"2026-03-29T11:30:53","date_gmt":"2026-03-29T10:30:53","guid":{"rendered":"https:\/\/bigbuy.tupique.com\/produto\/switch-trendnet-ti-pg1284i\/"},"modified":"2026-04-16T10:25:14","modified_gmt":"2026-04-16T09:25:14","slug":"switch-trendnet-ti-pg1284i","status":"publish","type":"product","link":"https:\/\/bigbuy.tupique.com\/pt\/produto\/switch-trendnet-ti-pg1284i\/","title":{"rendered":"Switch Trendnet TI-PG1284I"},"content":{"rendered":"<p>Si vous \u00eates passionn\u00e9 d&#8217;<b>informatique et d&#8217;\u00e9lectronique<\/b>, si vous \u00eates \u00e0 la pointe de la technologie et qu&#8217;aucun d\u00e9tail ne vous \u00e9chappe, achetez <b>Switch Trendnet TI-PG1284I<\/b> au meilleur prix.<\/p>\n<p>Le <b>switch TI-PG1284I<\/b> de <b>Trendnet<\/b> est un commutateur industriel <b>Gigabit de couche 2+ g\u00e9r\u00e9<\/b> con\u00e7u pour des environnements industriels exigeants, offrant une solution robuste et fiable pour les r\u00e9seaux des petites et moyennes entreprises. Dot\u00e9 d\u2019un bo\u00eetier r\u00e9sistant en <b>m\u00e9tal class\u00e9 IP30<\/b>, cet appareil supporte des conditions difficiles avec une haute r\u00e9sistance aux vibrations et aux chocs, tout en fonctionnant dans une large plage de temp\u00e9ratures de <b>-40 \u00b0C \u00e0 75 \u00b0C<\/b>, garantissant sa stabilit\u00e9 en milieux industriels rigoureux. Il dispose de <b>12 ports<\/b> au total, dont <b>8 ports Gigabit Ethernet RJ-45<\/b> pour des connexions filaires rapides et un <b>port PoE<\/b> permettant d\u2019alimenter des dispositifs compatibles via le c\u00e2ble r\u00e9seau, \u00e9tendant ainsi ses fonctionnalit\u00e9s sans besoin d\u2019alimentations s\u00e9par\u00e9es. Il int\u00e8gre \u00e9galement un port console RJ-45 pour une gestion avanc\u00e9e et une table d\u2019adresses MAC pouvant contenir <b>16 000 entr\u00e9es<\/b>, assurant une gestion efficace du trafic et am\u00e9liorant les performances r\u00e9seau avec une capacit\u00e9 de commutation de <b>24 Gbit\/s<\/b>. Compatible avec les normes cl\u00e9s IEEE 802.1D, 802.1Q, 802.1ab, 802.1p, 802.1s, 802.1w et 802.3, il garantit l\u2019interop\u00e9rabilit\u00e9 et le support des VLAN, QoS et autres fonctions avanc\u00e9es de couche 2. Son design pour montage sur rail DIN facilite son int\u00e9gration dans les armoires industrielles, optimisant l\u2019espace et l\u2019installation. Ce mod\u00e8le se distingue par sa combinaison de robustesse physique et de gestion avanc\u00e9e du trafic, faisant de lui une option fiable pour les r\u00e9seaux industriels n\u00e9cessitant stabilit\u00e9, s\u00e9curit\u00e9 et haute performance en connexions Gigabit.<\/p>\n<ul>\n<li>Connexions:\n<ul>\n<li>RJ45<\/li>\n<li>8<\/li>\n<li>PoE x 1<\/li>\n<\/ul>\n<\/li>\n<li>Produit \u00e0 brancher: Oui<\/li>\n<li>Type de prise: Prise EU<\/li>\n<li>Type: Switch<\/li>\n<li>Bloc d\u2019Alimentation: r\u00e9seau \u00e9lectrique<\/li>\n<li>Couleur: Noir<\/li>\n<li>Tension: 100-240 V<\/li>\n<li>Fr\u00e9quence: 50-60 Hz<\/li>\n<li>Tension de sortie: 48 V<\/li>\n<li>Mati\u00e8re: M\u00e9tal<\/li>\n<li>Ports: 12<\/li>\n<\/ul>","protected":false},"excerpt":{"rendered":"<p>Si vous \u00eates passionn\u00e9 d&#8217;informatique et d&#8217;\u00e9lectronique, si vous \u00eates \u00e0 la pointe de la technologie et qu&#8217;aucun d\u00e9tail ne vous \u00e9chappe, achetez Switch Trendnet TI-PG1284I au meilleur prix. Le switch TI-PG1284I de Trendnet est un commutateur industriel Gigabit de couche 2+ g\u00e9r\u00e9 con\u00e7u pour des environnements industriels exigeants, offrant une solution robuste et fiable [&hellip;]<\/p>\n","protected":false},"featured_media":13942,"comment_status":"open","ping_status":"closed","template":"","meta":[],"product_brand":[635],"product_cat":[65,584,585],"product_tag":[106],"class_list":{"0":"post-13945","1":"product","2":"type-product","3":"status-publish","4":"has-post-thumbnail","6":"product_brand-brandp_4777","7":"product_cat-informatique-electronique","8":"product_cat-informatique-reseaux-et-composants","9":"product_cat-switch","10":"product_tag-tag_1295","12":"first","13":"instock","14":"taxable","15":"shipping-taxable","16":"purchasable","17":"product-type-simple"},"_links":{"self":[{"href":"https:\/\/bigbuy.tupique.com\/pt\/wp-json\/wp\/v2\/product\/13945","targetHints":{"allow":["GET"]}}],"collection":[{"href":"https:\/\/bigbuy.tupique.com\/pt\/wp-json\/wp\/v2\/product"}],"about":[{"href":"https:\/\/bigbuy.tupique.com\/pt\/wp-json\/wp\/v2\/types\/product"}],"replies":[{"embeddable":true,"href":"https:\/\/bigbuy.tupique.com\/pt\/wp-json\/wp\/v2\/comments?post=13945"}],"wp:featuredmedia":[{"embeddable":true,"href":"https:\/\/bigbuy.tupique.com\/pt\/wp-json\/wp\/v2\/media\/13942"}],"wp:attachment":[{"href":"https:\/\/bigbuy.tupique.com\/pt\/wp-json\/wp\/v2\/media?parent=13945"}],"wp:term":[{"taxonomy":"product_brand","embeddable":true,"href":"https:\/\/bigbuy.tupique.com\/pt\/wp-json\/wp\/v2\/product_brand?post=13945"},{"taxonomy":"product_cat","embeddable":true,"href":"https:\/\/bigbuy.tupique.com\/pt\/wp-json\/wp\/v2\/product_cat?post=13945"},{"taxonomy":"product_tag","embeddable":true,"href":"https:\/\/bigbuy.tupique.com\/pt\/wp-json\/wp\/v2\/product_tag?post=13945"}],"curies":[{"name":"wp","href":"https:\/\/api.w.org\/{rel}","templated":true}]}}