{"id":13882,"date":"2026-03-29T11:29:18","date_gmt":"2026-03-29T10:29:18","guid":{"rendered":"https:\/\/bigbuy.tupique.com\/produto\/toner-hp-cf287xd-black\/"},"modified":"2026-04-14T23:39:02","modified_gmt":"2026-04-14T22:39:02","slug":"toner-hp-cf287xd-black","status":"publish","type":"product","link":"https:\/\/bigbuy.tupique.com\/pt\/produto\/toner-hp-cf287xd-black\/","title":{"rendered":"Toner HP CF287XD Noir"},"content":{"rendered":"<p>Retournez au bureau sans rien oublier ! Achetez <b>Toner HP CF287XD Noir<\/b> et faites envie \u00e0 vos coll\u00e8gues!<\/p>\n<p>Le <b>toner HP 87X<\/b> est un consommable <b>original<\/b> con\u00e7u sp\u00e9cifiquement pour offrir des impressions professionnelles en noir intense et net, garantissant une compatibilit\u00e9 totale avec les imprimantes <b>HP LaserJet Pro M501dn<\/b> et <b>M501n<\/b>. Ce pack comprend <b>2 pi\u00e8ces<\/b> de toner <b>haute capacit\u00e9<\/b>, permettant d\u2019imprimer un plus grand nombre de pages avant remplacement, optimisant ainsi la productivit\u00e9 dans les environnements de bureau \u00e0 fort volume de documents. Fabriqu\u00e9 pour assurer une <b>qualit\u00e9 d\u2019impression homog\u00e8ne<\/b> \u00e0 chaque page et supporter les vitesses \u00e9lev\u00e9es des mod\u00e8les HP LaserJet Pro, ce toner garantit des r\u00e9sultats constants, des lignes pr\u00e9cises et des textes bien d\u00e9finis \u00e0 tout moment. En tant que <b>toner original HP<\/b>, il int\u00e8gre des technologies avanc\u00e9es telles que JetIntelligence et un syst\u00e8me antifraude, contribuant \u00e0 prolonger la dur\u00e9e de vie de la cartouche et \u00e0 prot\u00e9ger l\u2019imprimante contre les consommables non authentiques, assurant ainsi fiabilit\u00e9 et performance optimale de l\u2019appareil. Sa <b>couleur noire<\/b> et sa formulation sp\u00e9cifique r\u00e9pondent aux normes les plus strictes pour l\u2019impression de documents en noir et blanc, et sa provenance d\u2019<b>Espagne<\/b> garantit le respect des r\u00e9glementations locales et une disponibilit\u00e9 imm\u00e9diate. Choisir un toner original HP comme le mod\u00e8le 87X permet de profiter pleinement de l\u2019\u00e9cosyst\u00e8me HP et de pr\u00e9server l\u2019int\u00e9grit\u00e9 ainsi que la garantie de l\u2019imprimante. Ce produit r\u00e9pond aux besoins des entreprises et cabinets qui recherchent <b>efficacit\u00e9<\/b>, <b>compatibilit\u00e9<\/b> et <b>qualit\u00e9 professionnelle<\/b> \u00e0 chaque impression.<\/p>\n<ul>\n<li>Type:\n<ul>\n<li>Toner<\/li>\n<li>Original<\/li>\n<\/ul>\n<\/li>\n<li>Couleur: Noir<\/li>\n<li>Nombre de pi\u00e8ces: 2 Pi\u00e8ces<\/li>\n<li>Compatible: HP<\/li>\n<li>Technologie: Laser<\/li>\n<li>Ann\u00e9e: 2016<\/li>\n<li>Temp\u00e9rature approximative: -20\u00ba \/ 40\u00ba<\/li>\n<li>Caract\u00e9ristiques: Original<\/li>\n<li>Unit\u00e9s: 2 Unit\u00e9s<\/li>\n<\/ul>","protected":false},"excerpt":{"rendered":"<p>Retournez au bureau sans rien oublier ! Achetez Toner HP CF287XD Noir et faites envie \u00e0 vos coll\u00e8gues! Le toner HP 87X est un consommable original con\u00e7u sp\u00e9cifiquement pour offrir des impressions professionnelles en noir intense et net, garantissant une compatibilit\u00e9 totale avec les imprimantes HP LaserJet Pro M501dn et M501n. Ce pack comprend 2 [&hellip;]<\/p>\n","protected":false},"featured_media":13881,"comment_status":"open","ping_status":"closed","template":"","meta":[],"product_brand":[630],"product_cat":[65,581,582],"product_tag":[213,106],"class_list":{"0":"post-13882","1":"product","2":"type-product","3":"status-publish","4":"has-post-thumbnail","6":"product_brand-brandp_909","7":"product_cat-informatique-electronique","8":"product_cat-informatique-peripheriques-et-consommables","9":"product_cat-toners-originaux","10":"product_tag-tag_933","11":"product_tag-tag_1295","13":"first","14":"instock","15":"taxable","16":"shipping-taxable","17":"purchasable","18":"product-type-simple"},"_links":{"self":[{"href":"https:\/\/bigbuy.tupique.com\/pt\/wp-json\/wp\/v2\/product\/13882","targetHints":{"allow":["GET"]}}],"collection":[{"href":"https:\/\/bigbuy.tupique.com\/pt\/wp-json\/wp\/v2\/product"}],"about":[{"href":"https:\/\/bigbuy.tupique.com\/pt\/wp-json\/wp\/v2\/types\/product"}],"replies":[{"embeddable":true,"href":"https:\/\/bigbuy.tupique.com\/pt\/wp-json\/wp\/v2\/comments?post=13882"}],"wp:featuredmedia":[{"embeddable":true,"href":"https:\/\/bigbuy.tupique.com\/pt\/wp-json\/wp\/v2\/media\/13881"}],"wp:attachment":[{"href":"https:\/\/bigbuy.tupique.com\/pt\/wp-json\/wp\/v2\/media?parent=13882"}],"wp:term":[{"taxonomy":"product_brand","embeddable":true,"href":"https:\/\/bigbuy.tupique.com\/pt\/wp-json\/wp\/v2\/product_brand?post=13882"},{"taxonomy":"product_cat","embeddable":true,"href":"https:\/\/bigbuy.tupique.com\/pt\/wp-json\/wp\/v2\/product_cat?post=13882"},{"taxonomy":"product_tag","embeddable":true,"href":"https:\/\/bigbuy.tupique.com\/pt\/wp-json\/wp\/v2\/product_tag?post=13882"}],"curies":[{"name":"wp","href":"https:\/\/api.w.org\/{rel}","templated":true}]}}