{"id":13875,"date":"2026-03-29T11:29:09","date_gmt":"2026-03-29T10:29:09","guid":{"rendered":"https:\/\/bigbuy.tupique.com\/produto\/switch-netgear-xsm4316s-100nes-rj-45\/"},"modified":"2026-04-14T23:38:57","modified_gmt":"2026-04-14T22:38:57","slug":"switch-netgear-xsm4316s-100nes-rj-45","status":"publish","type":"product","link":"https:\/\/bigbuy.tupique.com\/pt\/produto\/switch-netgear-xsm4316s-100nes-rj-45\/","title":{"rendered":"Switch Netgear XSM4316S-100NES RJ-45"},"content":{"rendered":"<p>Si vous \u00eates passionn\u00e9 d&#8217;<b>informatique et d&#8217;\u00e9lectronique<\/b>, si vous \u00eates \u00e0 la pointe de la technologie et qu&#8217;aucun d\u00e9tail ne vous \u00e9chappe, achetez <b>Switch Netgear XSM4316S-100NES RJ-45<\/b> au meilleur prix.<\/p>\n<p>Le <b>Netgear XSM4316S-100NES<\/b> est un <b>switch manageable de couche 3<\/b> con\u00e7u pour des environnements professionnels n\u00e9cessitant haute capacit\u00e9 et flexibilit\u00e9 dans les r\u00e9seaux d\u2019entreprises moyennes et PME. Cet \u00e9quipement de la s\u00e9rie reconnue M4300 offre des performances solides avec <b>8 ports RJ45 10 Gigabit Ethernet<\/b>, compatibles avec des vitesses 1G pour faciliter une transition progressive vers des r\u00e9seaux plus rapides, et des connexions avanc\u00e9es via <b>ports SFP+<\/b> permettant l\u2019int\u00e9gration de modules fibre optique et c\u00e2bles DAC. Son architecture empilable unique permet de combiner de mani\u00e8re flexible des mod\u00e8les <b>1 Gbps et 10 Gbps<\/b> dans la m\u00eame pile, autorisant des topologies spine-leaf sans blocage avec haute disponibilit\u00e9 gr\u00e2ce \u00e0 la bascule automatique et aux fonctions <b>NSF (Non-Stop Forwarding)<\/b>, assurant la continuit\u00e9 m\u00eame en cas de panne du switch principal. \u00c9quip\u00e9 d\u2019un <b>processeur puissant et 1 Go de m\u00e9moire<\/b>, il propose des capacit\u00e9s avanc\u00e9es de couche 3 comme le routage statique, dynamique et bas\u00e9 sur politiques sans licences suppl\u00e9mentaires, ainsi que le support des protocoles RIP, OSPF, VRRP, PIM et PBR, adapt\u00e9 aux r\u00e9seaux complexes et modernes. La pr\u00e9sence d\u2019un port USB 2.0 et d\u2019une console combin\u00e9e RJ45\/Mini-USB facilite la gestion et la mise \u00e0 jour automatique via DHCP\/BootP, optimisant la configuration et le firmware. Le ch\u00e2ssis au format <b>1U pour montage en rack<\/b> int\u00e8gre une double alimentation modulaire redondante, garantissant une alimentation continue et une \u00e9volutivit\u00e9, tandis que le design en <b>noir et gris<\/b> s\u2019adapte aux \u00e9quipements professionnels. Avec une capacit\u00e9 de commutation de <b>320 Gbit\/s<\/b> et une table MAC de 16 000 entr\u00e9es, ce switch prend en charge des fonctions avanc\u00e9es telles que l\u2019authentification par port hi\u00e9rarchis\u00e9e, des politiques strictes BYOD avec 802.1x et portail captif, ainsi que des outils de gestion standards incluant interface web, CLI, SNMP et plateforme NMS300 pour administration centralis\u00e9e, mises \u00e0 jour et configuration en masse. Il est conforme \u00e0 plusieurs normes r\u00e9seau IEEE 802.3az, 802.3ad, 802.11ad et 802.11az, d\u00e9montrant sa compatibilit\u00e9 et sa pr\u00e9paration aux technologies actuelles et \u00e9mergentes. En r\u00e9sum\u00e9, le Netgear XSM4316S-100NES repr\u00e9sente une solution fiable avec des fonctionnalit\u00e9s professionnelles avanc\u00e9es pour des r\u00e9seaux exigeant performance, flexibilit\u00e9 et s\u00e9curit\u00e9, soutenue par la garantie \u00e0 vie du mat\u00e9riel et le support technique \u00e9tendu Netgear ProSafe.<\/p>\n<ul>\n<li>Connexions:\n<ul>\n<li>RJ45<\/li>\n<li>USB 2.0<\/li>\n<li>SFP+<\/li>\n<li>rj45 x 8<\/li>\n<\/ul>\n<\/li>\n<li>Produit \u00e0 brancher: Oui<\/li>\n<li>Type de prise: Prise EU<\/li>\n<li>Type:\n<ul>\n<li>Switch<\/li>\n<li>Empilable<\/li>\n<\/ul>\n<\/li>\n<li>Bloc d\u2019Alimentation:\n<ul>\n<li>r\u00e9seau \u00e9lectrique<\/li>\n<li>Incluses<\/li>\n<\/ul>\n<\/li>\n<li>Couleur:\n<ul>\n<li>Noir<\/li>\n<li>Gris<\/li>\n<\/ul>\n<\/li>\n<li>M\u00e9moire Flash: 256 MB<\/li>\n<li>Ann\u00e9e: 2016<\/li>\n<li>Support: Multisupport<\/li>\n<li>Fr\u00e9quence: 800 Hz<\/li>\n<li>Tension: 120 &#8211; 230 V<\/li>\n<li>Facteur de forme: 1U<\/li>\n<li>Pr\u00e9cision (humidit\u00e9 relative): 0 % &#8211; 90 %<\/li>\n<li>Temp\u00e9rature approximative: &#8211; 20\u00baC \/ 70\u00b0C<\/li>\n<li>Disque dur: 1 GB<\/li>\n<\/ul>","protected":false},"excerpt":{"rendered":"<p>Si vous \u00eates passionn\u00e9 d&#8217;informatique et d&#8217;\u00e9lectronique, si vous \u00eates \u00e0 la pointe de la technologie et qu&#8217;aucun d\u00e9tail ne vous \u00e9chappe, achetez Switch Netgear XSM4316S-100NES RJ-45 au meilleur prix. Le Netgear XSM4316S-100NES est un switch manageable de couche 3 con\u00e7u pour des environnements professionnels n\u00e9cessitant haute capacit\u00e9 et flexibilit\u00e9 dans les r\u00e9seaux d\u2019entreprises moyennes [&hellip;]<\/p>\n","protected":false},"featured_media":13872,"comment_status":"open","ping_status":"closed","template":"","meta":[],"product_brand":[633],"product_cat":[65,584,585],"product_tag":[106],"class_list":{"0":"post-13875","1":"product","2":"type-product","3":"status-publish","4":"has-post-thumbnail","6":"product_brand-brandp_567","7":"product_cat-informatique-electronique","8":"product_cat-informatique-reseaux-et-composants","9":"product_cat-switch","10":"product_tag-tag_1295","12":"first","13":"instock","14":"taxable","15":"shipping-taxable","16":"purchasable","17":"product-type-simple"},"_links":{"self":[{"href":"https:\/\/bigbuy.tupique.com\/pt\/wp-json\/wp\/v2\/product\/13875","targetHints":{"allow":["GET"]}}],"collection":[{"href":"https:\/\/bigbuy.tupique.com\/pt\/wp-json\/wp\/v2\/product"}],"about":[{"href":"https:\/\/bigbuy.tupique.com\/pt\/wp-json\/wp\/v2\/types\/product"}],"replies":[{"embeddable":true,"href":"https:\/\/bigbuy.tupique.com\/pt\/wp-json\/wp\/v2\/comments?post=13875"}],"wp:featuredmedia":[{"embeddable":true,"href":"https:\/\/bigbuy.tupique.com\/pt\/wp-json\/wp\/v2\/media\/13872"}],"wp:attachment":[{"href":"https:\/\/bigbuy.tupique.com\/pt\/wp-json\/wp\/v2\/media?parent=13875"}],"wp:term":[{"taxonomy":"product_brand","embeddable":true,"href":"https:\/\/bigbuy.tupique.com\/pt\/wp-json\/wp\/v2\/product_brand?post=13875"},{"taxonomy":"product_cat","embeddable":true,"href":"https:\/\/bigbuy.tupique.com\/pt\/wp-json\/wp\/v2\/product_cat?post=13875"},{"taxonomy":"product_tag","embeddable":true,"href":"https:\/\/bigbuy.tupique.com\/pt\/wp-json\/wp\/v2\/product_tag?post=13875"}],"curies":[{"name":"wp","href":"https:\/\/api.w.org\/{rel}","templated":true}]}}