{"id":13871,"date":"2026-03-29T11:29:03","date_gmt":"2026-03-29T10:29:03","guid":{"rendered":"https:\/\/bigbuy.tupique.com\/produto\/toner-hp-26x-toner-black\/"},"modified":"2026-04-14T23:38:59","modified_gmt":"2026-04-14T22:38:59","slug":"toner-hp-26x-toner-black","status":"publish","type":"product","link":"https:\/\/bigbuy.tupique.com\/pt\/produto\/toner-hp-26x-toner-black\/","title":{"rendered":"Toner HP 26X Toner Noir"},"content":{"rendered":"<p>Retournez au bureau sans rien oublier ! Achetez <b>Toner HP 26X Toner Noir<\/b> et faites envie \u00e0 vos coll\u00e8gues!<\/p>\n<p>Le <b>toner<\/b> <b>HP CF226XD<\/b> est un consommable d\u2019origine sp\u00e9cialement con\u00e7u pour offrir des performances sup\u00e9rieures et des r\u00e9sultats de haute qualit\u00e9 sur les appareils HP LaserJet Pro. Ce pack comprend deux cartouches de <b>toner noir<\/b>, garantissant des impressions nettes et homog\u00e8nes, optimis\u00e9es pour les imprimantes laser compatibles telles que la <b>LaserJet Pro M426dw, M426fdn, M426m, M402dw, M402dn et M402n<\/b>. Gr\u00e2ce \u00e0 la <b>technologie laser<\/b> HP et \u00e0 la formulation exclusive du toner, chaque impression pr\u00e9sente des textes pr\u00e9cis et des graphiques clairs, m\u00eame lors de volumes d\u2019impression \u00e9lev\u00e9s, ce qui est essentiel aussi bien en milieu professionnel qu\u2019au bureau \u00e0 domicile. Le design <b>original<\/b> HP assure une fiabilit\u00e9 maximale, r\u00e9duisant les risques de bourrages, de taches ou de probl\u00e8mes de compatibilit\u00e9 souvent rencontr\u00e9s avec des consommables non originaux, et contribue \u00e0 la lutte contre la fraude gr\u00e2ce \u00e0 la technologie JetIntelligence qui v\u00e9rifie l\u2019authenticit\u00e9 de la cartouche. La gestion de ce toner est simple et s\u2019effectue ais\u00e9ment via des commandes par boutons, permettant un remplacement rapide et efficace au sein de la gamme d\u2019imprimantes lanc\u00e9e en <b>2016<\/b>. Con\u00e7u pour le march\u00e9 espagnol, ce produit offre un \u00e9quilibre id\u00e9al entre co\u00fbt par page et qualit\u00e9 professionnelle, garantissant des impressions constantes tout au long du cycle de vie de la cartouche. En r\u00e9sum\u00e9, le HP CF226XD s\u2019impose comme un choix efficace et s\u00fbr pour ceux qui recherchent fiabilit\u00e9, qualit\u00e9 et performance optimale en impression laser monochrome sur \u00e9quipements HP compatibles.<\/p>\n<ul>\n<li>Type:\n<ul>\n<li>Original<\/li>\n<li>Toner<\/li>\n<\/ul>\n<\/li>\n<li>Couleur: Noir<\/li>\n<li>Compatible: HP<\/li>\n<li>Technologie: Laser<\/li>\n<li>Emballage: Caisse<\/li>\n<li>Pr\u00e9cision (humidit\u00e9 relative): 20 % &#8211; 80 %<\/li>\n<li>Temp\u00e9rature approximative: -20\u00ba \/ 40\u00ba<\/li>\n<li>Caract\u00e9ristiques: Original<\/li>\n<li>Quantit\u00e9: 9000 pgs<\/li>\n<\/ul>","protected":false},"excerpt":{"rendered":"<p>Retournez au bureau sans rien oublier ! Achetez Toner HP 26X Toner Noir et faites envie \u00e0 vos coll\u00e8gues! Le toner HP CF226XD est un consommable d\u2019origine sp\u00e9cialement con\u00e7u pour offrir des performances sup\u00e9rieures et des r\u00e9sultats de haute qualit\u00e9 sur les appareils HP LaserJet Pro. Ce pack comprend deux cartouches de toner noir, garantissant [&hellip;]<\/p>\n","protected":false},"featured_media":178555,"comment_status":"open","ping_status":"closed","template":"","meta":[],"product_brand":[630],"product_cat":[65,581,582],"product_tag":[213,106],"class_list":{"0":"post-13871","1":"product","2":"type-product","3":"status-publish","4":"has-post-thumbnail","6":"product_brand-brandp_909","7":"product_cat-informatique-electronique","8":"product_cat-informatique-peripheriques-et-consommables","9":"product_cat-toners-originaux","10":"product_tag-tag_933","11":"product_tag-tag_1295","13":"first","14":"instock","15":"taxable","16":"shipping-taxable","17":"purchasable","18":"product-type-simple"},"_links":{"self":[{"href":"https:\/\/bigbuy.tupique.com\/pt\/wp-json\/wp\/v2\/product\/13871","targetHints":{"allow":["GET"]}}],"collection":[{"href":"https:\/\/bigbuy.tupique.com\/pt\/wp-json\/wp\/v2\/product"}],"about":[{"href":"https:\/\/bigbuy.tupique.com\/pt\/wp-json\/wp\/v2\/types\/product"}],"replies":[{"embeddable":true,"href":"https:\/\/bigbuy.tupique.com\/pt\/wp-json\/wp\/v2\/comments?post=13871"}],"wp:featuredmedia":[{"embeddable":true,"href":"https:\/\/bigbuy.tupique.com\/pt\/wp-json\/wp\/v2\/media\/178555"}],"wp:attachment":[{"href":"https:\/\/bigbuy.tupique.com\/pt\/wp-json\/wp\/v2\/media?parent=13871"}],"wp:term":[{"taxonomy":"product_brand","embeddable":true,"href":"https:\/\/bigbuy.tupique.com\/pt\/wp-json\/wp\/v2\/product_brand?post=13871"},{"taxonomy":"product_cat","embeddable":true,"href":"https:\/\/bigbuy.tupique.com\/pt\/wp-json\/wp\/v2\/product_cat?post=13871"},{"taxonomy":"product_tag","embeddable":true,"href":"https:\/\/bigbuy.tupique.com\/pt\/wp-json\/wp\/v2\/product_tag?post=13871"}],"curies":[{"name":"wp","href":"https:\/\/api.w.org\/{rel}","templated":true}]}}