{"id":13869,"date":"2026-03-29T11:29:00","date_gmt":"2026-03-29T10:29:00","guid":{"rendered":"https:\/\/bigbuy.tupique.com\/produto\/toner-hp-cf410xd-toner-black\/"},"modified":"2026-04-14T23:39:02","modified_gmt":"2026-04-14T22:39:02","slug":"toner-hp-cf410xd-toner-black","status":"publish","type":"product","link":"https:\/\/bigbuy.tupique.com\/pt\/produto\/toner-hp-cf410xd-toner-black\/","title":{"rendered":"Toner HP CF410XD Toner Noir"},"content":{"rendered":"<p>Retournez au bureau sans rien oublier ! Achetez <b>Toner HP CF410XD Toner Noir<\/b> et faites envie \u00e0 vos coll\u00e8gues!<\/p>\n<p>Le <b>cartouche de toner CF410XD<\/b> de <b>HP<\/b> est un <b>toner original<\/b> haute capacit\u00e9 con\u00e7u pour offrir des impressions en noir de qualit\u00e9 professionnelle et un haut rendement sur les imprimantes laser HP compatibles, principalement pour les mod\u00e8les LaserJet Pro M377, M452 et M477. Ce pack comprend <b>2 pi\u00e8ces<\/b>, chaque unit\u00e9 pesant environ <b>950 grammes<\/b>, et chaque cartouche permet d\u2019imprimer jusqu\u2019\u00e0 <b>13 000 pages<\/b>, gr\u00e2ce \u00e0 sa technologie haute performance (XL) garantissant une efficacit\u00e9 prolong\u00e9e en environnement professionnel et d\u2019affaires. Sa fabrication originale assure une compatibilit\u00e9 totale et \u00e9vite les probl\u00e8mes courants li\u00e9s aux consommables g\u00e9n\u00e9riques, pr\u00e9servant l\u2019int\u00e9grit\u00e9 de l\u2019appareil et un noir intense \u00e0 chaque impression. Les dimensions du cartouche (363 mm de largeur, 242 mm de profondeur et 123 mm de hauteur) facilitent son installation et sa manipulation, tandis que les conditions d\u2019utilisation recommand\u00e9es incluent une temp\u00e9rature entre <b>10 et 32,5 \u00b0C<\/b> et une humidit\u00e9 relative de <b>10 \u00e0 80 %<\/b>, assurant une performance optimale et une bonne conservation du produit. De plus, sa technologie JetIntelligence est con\u00e7ue pour maintenir une qualit\u00e9 uniforme et pr\u00e9venir les fraudes, offrant un contr\u00f4le et une s\u00e9curit\u00e9 suppl\u00e9mentaires lors de l\u2019utilisation quotidienne de l\u2019imprimante. Ce consommable est id\u00e9al pour ceux qui recherchent une solution fiable et durable dans des environnements professionnels exigeant de gros volumes d\u2019impression sans compromettre la qualit\u00e9 ni la vitesse. Le <b>CF410XD<\/b> confirme l\u2019engagement de HP envers la technologie d\u2019impression laser avanc\u00e9e, fournissant des r\u00e9sultats pr\u00e9cis et constants \u00e0 chaque projet. En r\u00e9sum\u00e9, ce toner original HP repr\u00e9sente une option s\u00fbre et efficace pour optimiser le fonctionnement de votre imprimante et garantir la qualit\u00e9 de tous vos documents imprim\u00e9s.<\/p>\n<ul>\n<li>Type:\n<ul>\n<li>Original<\/li>\n<li>Toner<\/li>\n<\/ul>\n<\/li>\n<li>Couleur: Noir<\/li>\n<li>Technologie: Laser<\/li>\n<li>Nombre de pi\u00e8ces: 2 Pi\u00e8ces<\/li>\n<li>Plage d&#8217;humidit\u00e9 de travail: 10 % &#8211; 80 %<\/li>\n<li>Compatible: HP<\/li>\n<li>Temp\u00e9rature approximative: -20\u00ba \/ 40\u00ba<\/li>\n<li>Caract\u00e9ristiques: Original<\/li>\n<li>Unit\u00e9s: 2 Unit\u00e9s<\/li>\n<\/ul>","protected":false},"excerpt":{"rendered":"<p>Retournez au bureau sans rien oublier ! Achetez Toner HP CF410XD Toner Noir et faites envie \u00e0 vos coll\u00e8gues! Le cartouche de toner CF410XD de HP est un toner original haute capacit\u00e9 con\u00e7u pour offrir des impressions en noir de qualit\u00e9 professionnelle et un haut rendement sur les imprimantes laser HP compatibles, principalement pour les [&hellip;]<\/p>\n","protected":false},"featured_media":13868,"comment_status":"open","ping_status":"closed","template":"","meta":[],"product_brand":[630],"product_cat":[65,581,582],"product_tag":[213,106],"class_list":{"0":"post-13869","1":"product","2":"type-product","3":"status-publish","4":"has-post-thumbnail","6":"product_brand-brandp_909","7":"product_cat-informatique-electronique","8":"product_cat-informatique-peripheriques-et-consommables","9":"product_cat-toners-originaux","10":"product_tag-tag_933","11":"product_tag-tag_1295","13":"first","14":"instock","15":"taxable","16":"shipping-taxable","17":"purchasable","18":"product-type-simple"},"_links":{"self":[{"href":"https:\/\/bigbuy.tupique.com\/pt\/wp-json\/wp\/v2\/product\/13869","targetHints":{"allow":["GET"]}}],"collection":[{"href":"https:\/\/bigbuy.tupique.com\/pt\/wp-json\/wp\/v2\/product"}],"about":[{"href":"https:\/\/bigbuy.tupique.com\/pt\/wp-json\/wp\/v2\/types\/product"}],"replies":[{"embeddable":true,"href":"https:\/\/bigbuy.tupique.com\/pt\/wp-json\/wp\/v2\/comments?post=13869"}],"wp:featuredmedia":[{"embeddable":true,"href":"https:\/\/bigbuy.tupique.com\/pt\/wp-json\/wp\/v2\/media\/13868"}],"wp:attachment":[{"href":"https:\/\/bigbuy.tupique.com\/pt\/wp-json\/wp\/v2\/media?parent=13869"}],"wp:term":[{"taxonomy":"product_brand","embeddable":true,"href":"https:\/\/bigbuy.tupique.com\/pt\/wp-json\/wp\/v2\/product_brand?post=13869"},{"taxonomy":"product_cat","embeddable":true,"href":"https:\/\/bigbuy.tupique.com\/pt\/wp-json\/wp\/v2\/product_cat?post=13869"},{"taxonomy":"product_tag","embeddable":true,"href":"https:\/\/bigbuy.tupique.com\/pt\/wp-json\/wp\/v2\/product_tag?post=13869"}],"curies":[{"name":"wp","href":"https:\/\/api.w.org\/{rel}","templated":true}]}}