{"id":13853,"date":"2026-03-29T11:28:43","date_gmt":"2026-03-29T10:28:43","guid":{"rendered":"https:\/\/bigbuy.tupique.com\/produto\/surveillance-camcorder-axis-01965-002-1920-x-1080-px-white\/"},"modified":"2026-04-15T17:38:22","modified_gmt":"2026-04-15T16:38:22","slug":"surveillance-camcorder-axis-01965-002-1920-x-1080-px-white","status":"publish","type":"product","link":"https:\/\/bigbuy.tupique.com\/pt\/produto\/surveillance-camcorder-axis-01965-002-1920-x-1080-px-white\/","title":{"rendered":"Camescope de surveillance Axis 01965-002 1920 x 1080 px Blanc"},"content":{"rendered":"<p>Si vous \u00eates passionn\u00e9 d&#8217;<b>informatique et d&#8217;\u00e9lectronique<\/b>, si vous \u00eates \u00e0 la pointe de la technologie et qu&#8217;aucun d\u00e9tail ne vous \u00e9chappe, achetez <b>Camescope de surveillance Axis 01965-002 1920 x 1080 px Blanc<\/b> au meilleur prix.<\/p>\n<ul>\n<li>Couleur:\n<ul>\n<li>Blanc<\/li>\n<li>Noir<\/li>\n<\/ul>\n<\/li>\n<li>Type:\n<ul>\n<li>Avec fil<\/li>\n<li>Cam\u00e9scope<\/li>\n<li>Cam\u00e9ra de s\u00e9curit\u00e9 IP<\/li>\n<\/ul>\n<\/li>\n<li>Connexions:\n<ul>\n<li>Ethernet LAN<\/li>\n<li>RJ45<\/li>\n<li>Jack 3.5 mm<\/li>\n<\/ul>\n<\/li>\n<li>Cartes M\u00e9moire Compatibles: MicroSD (TransFlash),MicroSDHC,MicroSDXC<\/li>\n<li>Bloc d\u2019Alimentation:\n<ul>\n<li>CC<\/li>\n<li>DC<\/li>\n<\/ul>\n<\/li>\n<li>Capteur: CMOS<\/li>\n<li>Nombre de cam\u00e9ras: 1<\/li>\n<li>R\u00e9solution (px):\n<ul>\n<li>1080 px<\/li>\n<li>1920 x 1080 px<\/li>\n<\/ul>\n<\/li>\n<li>Mati\u00e8re: Plastique<\/li>\n<li>Caract\u00e9ristiques:\n<ul>\n<li>Contr\u00f4le de l&#8217;inclinaison<\/li>\n<li>Alarme<\/li>\n<li>Lecteur de Cartes<\/li>\n<li>Protection des donn\u00e9es\/mot de passe<\/li>\n<\/ul>\n<\/li>\n<li>R\u00e9solution: 1080 p<\/li>\n<li>R\u00e9solution vid\u00e9o: 1080 px<\/li>\n<li>consommation d&#8217;\u00e9nergie: 25 kWh<\/li>\n<li>Vid\u00e9o: 1080 p<\/li>\n<li>Type d&#8217;installation: Montage mural<\/li>\n<li>\u00c9lev\u00e9: 18 cm<\/li>\n<li>Ann\u00e9e: 2021<\/li>\n<li>Paire de lunettes: x1<\/li>\n<li>Inclut: Manuel de l&#8217;utilisateur<\/li>\n<li>Utilisation recommand\u00e9e: Int\u00e9rieur<\/li>\n<\/ul>","protected":false},"excerpt":{"rendered":"<p>Si vous \u00eates passionn\u00e9 d&#8217;informatique et d&#8217;\u00e9lectronique, si vous \u00eates \u00e0 la pointe de la technologie et qu&#8217;aucun d\u00e9tail ne vous \u00e9chappe, achetez Camescope de surveillance Axis 01965-002 1920 x 1080 px Blanc au meilleur prix. Couleur: Blanc Noir Type: Avec fil Cam\u00e9scope Cam\u00e9ra de s\u00e9curit\u00e9 IP Connexions: Ethernet LAN RJ45 Jack 3.5 mm Cartes [&hellip;]<\/p>\n","protected":false},"featured_media":177735,"comment_status":"open","ping_status":"closed","template":"","meta":[],"product_brand":[645],"product_cat":[580,239,579],"product_tag":[567,210],"class_list":{"0":"post-13853","1":"product","2":"type-product","3":"status-publish","4":"has-post-thumbnail","6":"product_brand-brandp_4776","7":"product_cat-cameras-de-surveillance-video","8":"product_cat-maison-jardin","9":"product_cat-securite-a-la-maison","10":"product_tag-tag_556","11":"product_tag-tag_25","13":"first","14":"instock","15":"taxable","16":"shipping-taxable","17":"purchasable","18":"product-type-simple"},"_links":{"self":[{"href":"https:\/\/bigbuy.tupique.com\/pt\/wp-json\/wp\/v2\/product\/13853","targetHints":{"allow":["GET"]}}],"collection":[{"href":"https:\/\/bigbuy.tupique.com\/pt\/wp-json\/wp\/v2\/product"}],"about":[{"href":"https:\/\/bigbuy.tupique.com\/pt\/wp-json\/wp\/v2\/types\/product"}],"replies":[{"embeddable":true,"href":"https:\/\/bigbuy.tupique.com\/pt\/wp-json\/wp\/v2\/comments?post=13853"}],"wp:featuredmedia":[{"embeddable":true,"href":"https:\/\/bigbuy.tupique.com\/pt\/wp-json\/wp\/v2\/media\/177735"}],"wp:attachment":[{"href":"https:\/\/bigbuy.tupique.com\/pt\/wp-json\/wp\/v2\/media?parent=13853"}],"wp:term":[{"taxonomy":"product_brand","embeddable":true,"href":"https:\/\/bigbuy.tupique.com\/pt\/wp-json\/wp\/v2\/product_brand?post=13853"},{"taxonomy":"product_cat","embeddable":true,"href":"https:\/\/bigbuy.tupique.com\/pt\/wp-json\/wp\/v2\/product_cat?post=13853"},{"taxonomy":"product_tag","embeddable":true,"href":"https:\/\/bigbuy.tupique.com\/pt\/wp-json\/wp\/v2\/product_tag?post=13853"}],"curies":[{"name":"wp","href":"https:\/\/api.w.org\/{rel}","templated":true}]}}