{"id":13841,"date":"2026-03-29T11:28:28","date_gmt":"2026-03-29T10:28:28","guid":{"rendered":"https:\/\/bigbuy.tupique.com\/produto\/tv-mount-vogels-7328530\/"},"modified":"2026-04-14T23:38:56","modified_gmt":"2026-04-14T22:38:56","slug":"tv-mount-vogels-7328530","status":"publish","type":"product","link":"https:\/\/bigbuy.tupique.com\/pt\/produto\/tv-mount-vogels-7328530\/","title":{"rendered":"Support de TV Vogel&#8217;s 7328530"},"content":{"rendered":"<p>Si vous \u00eates passionn\u00e9 d&#8217;<b>informatique et d&#8217;\u00e9lectronique<\/b>, si vous \u00eates \u00e0 la pointe de la technologie et qu&#8217;aucun d\u00e9tail ne vous \u00e9chappe, achetez <b>Support de TV Vogel&#8217;s 7328530<\/b> au meilleur prix.<\/p>\n<p>Le <b>support TV Vogel&#8217;s mod\u00e8le 7328530<\/b> est une solution robuste et pratique con\u00e7ue pour garantir la s\u00e9curit\u00e9 et le bon positionnement de votre t\u00e9l\u00e9viseur. Fabriqu\u00e9 avec une finition <b>noir<\/b>, ce support offre une esth\u00e9tique neutre et \u00e9l\u00e9gante qui s\u2019adapte facilement \u00e0 tout environnement, des salons modernes aux espaces de travail. Son design fonctionnel permet de fixer les t\u00e9l\u00e9viseurs tout en assurant stabilit\u00e9 et facilit\u00e9 d\u2019installation, des aspects essentiels pour une exp\u00e9rience de visionnage optimale. Ce support est compatible avec une large gamme de tailles et de mod\u00e8les de t\u00e9l\u00e9viseurs, ce qui en fait une option polyvalente pour ceux qui recherchent un support fiable et durable. De plus, Vogel&#8217;s, marque reconnue pour la qualit\u00e9 et la durabilit\u00e9 de ses accessoires audiovisuels, garantit avec ce composant une r\u00e9sistance adapt\u00e9e pour maintenir en s\u00e9curit\u00e9 des appareils de poids courant, minimisant les risques de chute ou de dommages. Gr\u00e2ce \u00e0 son syst\u00e8me hydraulique ou d\u2019ajustement doux (selon le mod\u00e8le standard Vogel&#8217;s de cette gamme), il facilite la r\u00e9gulation de l\u2019angle de vision, offrant confort visuel et flexibilit\u00e9 \u00e0 l\u2019utilisateur. En r\u00e9sum\u00e9, le support TV Vogel&#8217;s mod\u00e8le 7328530 allie une construction solide \u00e0 un design sobre en <b>noir<\/b>, constituant un choix efficace pour installer votre t\u00e9l\u00e9viseur en toute s\u00e9curit\u00e9 et avec style, que ce soit dans une salle de classe, un bureau ou un salon domestique.<\/p>\n<ul>\n<li>Caract\u00e9ristiques: Avec des roues<\/li>\n<li>Type:\n<ul>\n<li>Support de TV<\/li>\n<li>Support pour le sol<\/li>\n<\/ul>\n<\/li>\n<li>Inclut: Vis<\/li>\n<li>Couleur: Noir<\/li>\n<\/ul>","protected":false},"excerpt":{"rendered":"<p>Si vous \u00eates passionn\u00e9 d&#8217;informatique et d&#8217;\u00e9lectronique, si vous \u00eates \u00e0 la pointe de la technologie et qu&#8217;aucun d\u00e9tail ne vous \u00e9chappe, achetez Support de TV Vogel&#8217;s 7328530 au meilleur prix. Le support TV Vogel&#8217;s mod\u00e8le 7328530 est une solution robuste et pratique con\u00e7ue pour garantir la s\u00e9curit\u00e9 et le bon positionnement de votre t\u00e9l\u00e9viseur. [&hellip;]<\/p>\n","protected":false},"featured_media":13839,"comment_status":"open","ping_status":"closed","template":"","meta":[],"product_brand":[643],"product_cat":[589,65,590],"product_tag":[210],"class_list":{"0":"post-13841","1":"product","2":"type-product","3":"status-publish","4":"has-post-thumbnail","6":"product_brand-brandp_920","7":"product_cat-electronique-television","8":"product_cat-informatique-electronique","9":"product_cat-supports-de-television","10":"product_tag-tag_25","12":"first","13":"instock","14":"taxable","15":"shipping-taxable","16":"purchasable","17":"product-type-simple"},"_links":{"self":[{"href":"https:\/\/bigbuy.tupique.com\/pt\/wp-json\/wp\/v2\/product\/13841","targetHints":{"allow":["GET"]}}],"collection":[{"href":"https:\/\/bigbuy.tupique.com\/pt\/wp-json\/wp\/v2\/product"}],"about":[{"href":"https:\/\/bigbuy.tupique.com\/pt\/wp-json\/wp\/v2\/types\/product"}],"replies":[{"embeddable":true,"href":"https:\/\/bigbuy.tupique.com\/pt\/wp-json\/wp\/v2\/comments?post=13841"}],"wp:featuredmedia":[{"embeddable":true,"href":"https:\/\/bigbuy.tupique.com\/pt\/wp-json\/wp\/v2\/media\/13839"}],"wp:attachment":[{"href":"https:\/\/bigbuy.tupique.com\/pt\/wp-json\/wp\/v2\/media?parent=13841"}],"wp:term":[{"taxonomy":"product_brand","embeddable":true,"href":"https:\/\/bigbuy.tupique.com\/pt\/wp-json\/wp\/v2\/product_brand?post=13841"},{"taxonomy":"product_cat","embeddable":true,"href":"https:\/\/bigbuy.tupique.com\/pt\/wp-json\/wp\/v2\/product_cat?post=13841"},{"taxonomy":"product_tag","embeddable":true,"href":"https:\/\/bigbuy.tupique.com\/pt\/wp-json\/wp\/v2\/product_tag?post=13841"}],"curies":[{"name":"wp","href":"https:\/\/api.w.org\/{rel}","templated":true}]}}