{"id":13838,"date":"2026-03-29T11:28:25","date_gmt":"2026-03-29T10:28:25","guid":{"rendered":"https:\/\/bigbuy.tupique.com\/produto\/connecting-tube-vogels-7227180-18-m-black\/"},"modified":"2026-05-11T19:58:46","modified_gmt":"2026-05-11T17:58:46","slug":"connecting-tube-vogels-7227180-18-m-black","status":"publish","type":"product","link":"https:\/\/bigbuy.tupique.com\/pt\/produto\/connecting-tube-vogels-7227180-18-m-black\/","title":{"rendered":"Tuyau de connexion Vogel&#8217;s 7227180 1,8 m Noir"},"content":{"rendered":"<p>Si vous \u00eates passionn\u00e9 d&#8217;<b>informatique et d&#8217;\u00e9lectronique<\/b>, si vous \u00eates \u00e0 la pointe de la technologie et qu&#8217;aucun d\u00e9tail ne vous \u00e9chappe, achetez <b>Tuyau de connexion Vogel&#8217;s 7227180 1,8 m Noir<\/b> au meilleur prix.<\/p>\n<ul>\n<li>Dimensions approx.: 1,8 m<\/li>\n<li>Type:\n<ul>\n<li>Support<\/li>\n<li>Tuyau de connexion<\/li>\n<li>Support pour le sol<\/li>\n<\/ul>\n<\/li>\n<li>Compatible: T\u00e9l\u00e9vision<\/li>\n<li>Couleur: Noir<\/li>\n<li>Profondeur: 75 mm<\/li>\n<li>Ann\u00e9e: 2021<\/li>\n<\/ul>","protected":false},"excerpt":{"rendered":"<p>Si vous \u00eates passionn\u00e9 d&#8217;informatique et d&#8217;\u00e9lectronique, si vous \u00eates \u00e0 la pointe de la technologie et qu&#8217;aucun d\u00e9tail ne vous \u00e9chappe, achetez Tuyau de connexion Vogel&#8217;s 7227180 1,8 m Noir au meilleur prix. Dimensions approx.: 1,8 m Type: Support Tuyau de connexion Support pour le sol Compatible: T\u00e9l\u00e9vision Couleur: Noir Profondeur: 75 mm Ann\u00e9e: [&hellip;]<\/p>\n","protected":false},"featured_media":13835,"comment_status":"open","ping_status":"closed","template":"","meta":[],"product_brand":[643],"product_cat":[65,581,586],"product_tag":[106],"class_list":{"0":"post-13838","1":"product","2":"type-product","3":"status-publish","4":"has-post-thumbnail","6":"product_brand-brandp_920","7":"product_cat-informatique-electronique","8":"product_cat-informatique-peripheriques-et-consommables","9":"product_cat-supports-pour-ecrans","10":"product_tag-tag_1295","12":"first","13":"instock","14":"taxable","15":"shipping-taxable","16":"purchasable","17":"product-type-simple"},"_links":{"self":[{"href":"https:\/\/bigbuy.tupique.com\/pt\/wp-json\/wp\/v2\/product\/13838","targetHints":{"allow":["GET"]}}],"collection":[{"href":"https:\/\/bigbuy.tupique.com\/pt\/wp-json\/wp\/v2\/product"}],"about":[{"href":"https:\/\/bigbuy.tupique.com\/pt\/wp-json\/wp\/v2\/types\/product"}],"replies":[{"embeddable":true,"href":"https:\/\/bigbuy.tupique.com\/pt\/wp-json\/wp\/v2\/comments?post=13838"}],"wp:featuredmedia":[{"embeddable":true,"href":"https:\/\/bigbuy.tupique.com\/pt\/wp-json\/wp\/v2\/media\/13835"}],"wp:attachment":[{"href":"https:\/\/bigbuy.tupique.com\/pt\/wp-json\/wp\/v2\/media?parent=13838"}],"wp:term":[{"taxonomy":"product_brand","embeddable":true,"href":"https:\/\/bigbuy.tupique.com\/pt\/wp-json\/wp\/v2\/product_brand?post=13838"},{"taxonomy":"product_cat","embeddable":true,"href":"https:\/\/bigbuy.tupique.com\/pt\/wp-json\/wp\/v2\/product_cat?post=13838"},{"taxonomy":"product_tag","embeddable":true,"href":"https:\/\/bigbuy.tupique.com\/pt\/wp-json\/wp\/v2\/product_tag?post=13838"}],"curies":[{"name":"wp","href":"https:\/\/api.w.org\/{rel}","templated":true}]}}