{"id":13807,"date":"2026-03-29T11:27:40","date_gmt":"2026-03-29T10:27:40","guid":{"rendered":"https:\/\/bigbuy.tupique.com\/produto\/adjustable-support-neomounts-nm-m1700black-32-75-portable\/"},"modified":"2026-04-14T23:38:54","modified_gmt":"2026-04-14T22:38:54","slug":"adjustable-support-neomounts-nm-m1700black-32-75-portable","status":"publish","type":"product","link":"https:\/\/bigbuy.tupique.com\/pt\/produto\/adjustable-support-neomounts-nm-m1700black-32-75-portable\/","title":{"rendered":"Support r\u00e9glable Neomounts NM-M1700BLACK 32&#8243; 75&#8243; Portable"},"content":{"rendered":"<p>Si vous \u00eates passionn\u00e9 d&#8217;<b>informatique et d&#8217;\u00e9lectronique<\/b>, si vous \u00eates \u00e0 la pointe de la technologie et qu&#8217;aucun d\u00e9tail ne vous \u00e9chappe, achetez <b>Support r\u00e9glable Neomounts NM-M1700BLACK 32&#8243; 75&#8243; Portable<\/b> au meilleur prix.<\/p>\n<ul>\n<li>Caract\u00e9ristiques:\n<ul>\n<li>Portable<\/li>\n<li>Collecteur de c\u00e2bles<\/li>\n<\/ul>\n<\/li>\n<li>Type: Support pour le sol<\/li>\n<li>Couleur: Noir<\/li>\n<li>Ecran:\n<ul>\n<li>32&#8243;<\/li>\n<li>75&#8243;<\/li>\n<\/ul>\n<\/li>\n<li>VESA:\n<ul>\n<li>20 x 20 cm<\/li>\n<li>60 x 40 cm<\/li>\n<\/ul>\n<\/li>\n<li>Compatible: VESA 600 x 400 mm<\/li>\n<li>Poids Max. support\u00e9: 50 kg<\/li>\n<li>Pays \/ r\u00e9gion de fabrication:\n<ul>\n<li>Chine<\/li>\n<li>Espagne<\/li>\n<\/ul>\n<\/li>\n<li>Ann\u00e9e: 2018<\/li>\n<li>Langue: Anglais<\/li>\n<li>Syst\u00e8me d&#8217;exploitation: Windows 10 Pro<\/li>\n<\/ul>","protected":false},"excerpt":{"rendered":"<p>Si vous \u00eates passionn\u00e9 d&#8217;informatique et d&#8217;\u00e9lectronique, si vous \u00eates \u00e0 la pointe de la technologie et qu&#8217;aucun d\u00e9tail ne vous \u00e9chappe, achetez Support r\u00e9glable Neomounts NM-M1700BLACK 32&#8243; 75&#8243; Portable au meilleur prix. Caract\u00e9ristiques: Portable Collecteur de c\u00e2bles Type: Support pour le sol Couleur: Noir Ecran: 32&#8243; 75&#8243; VESA: 20 x 20 cm 60 x [&hellip;]<\/p>\n","protected":false},"featured_media":13805,"comment_status":"open","ping_status":"closed","template":"","meta":[],"product_brand":[639],"product_cat":[65,581,586],"product_tag":[106],"class_list":{"0":"post-13807","1":"product","2":"type-product","3":"status-publish","4":"has-post-thumbnail","6":"product_brand-brandp_4772","7":"product_cat-informatique-electronique","8":"product_cat-informatique-peripheriques-et-consommables","9":"product_cat-supports-pour-ecrans","10":"product_tag-tag_1295","12":"first","13":"instock","14":"taxable","15":"shipping-taxable","16":"purchasable","17":"product-type-simple"},"_links":{"self":[{"href":"https:\/\/bigbuy.tupique.com\/pt\/wp-json\/wp\/v2\/product\/13807","targetHints":{"allow":["GET"]}}],"collection":[{"href":"https:\/\/bigbuy.tupique.com\/pt\/wp-json\/wp\/v2\/product"}],"about":[{"href":"https:\/\/bigbuy.tupique.com\/pt\/wp-json\/wp\/v2\/types\/product"}],"replies":[{"embeddable":true,"href":"https:\/\/bigbuy.tupique.com\/pt\/wp-json\/wp\/v2\/comments?post=13807"}],"wp:featuredmedia":[{"embeddable":true,"href":"https:\/\/bigbuy.tupique.com\/pt\/wp-json\/wp\/v2\/media\/13805"}],"wp:attachment":[{"href":"https:\/\/bigbuy.tupique.com\/pt\/wp-json\/wp\/v2\/media?parent=13807"}],"wp:term":[{"taxonomy":"product_brand","embeddable":true,"href":"https:\/\/bigbuy.tupique.com\/pt\/wp-json\/wp\/v2\/product_brand?post=13807"},{"taxonomy":"product_cat","embeddable":true,"href":"https:\/\/bigbuy.tupique.com\/pt\/wp-json\/wp\/v2\/product_cat?post=13807"},{"taxonomy":"product_tag","embeddable":true,"href":"https:\/\/bigbuy.tupique.com\/pt\/wp-json\/wp\/v2\/product_tag?post=13807"}],"curies":[{"name":"wp","href":"https:\/\/api.w.org\/{rel}","templated":true}]}}