{"id":13793,"date":"2026-03-29T11:27:24","date_gmt":"2026-03-29T10:27:24","guid":{"rendered":"https:\/\/bigbuy.tupique.com\/produto\/access-point-d-link-dap-x2850-5-ghz-white\/"},"modified":"2026-04-14T23:38:52","modified_gmt":"2026-04-14T22:38:52","slug":"access-point-d-link-dap-x2850-5-ghz-white","status":"publish","type":"product","link":"https:\/\/bigbuy.tupique.com\/pt\/produto\/access-point-d-link-dap-x2850-5-ghz-white\/","title":{"rendered":"Point d&#8217;Acc\u00e8s D-Link DAP-X2850 5 GHz Blanc"},"content":{"rendered":"<p>Si vous \u00eates passionn\u00e9 d&#8217;<b>informatique et d&#8217;\u00e9lectronique<\/b>, si vous \u00eates \u00e0 la pointe de la technologie et qu&#8217;aucun d\u00e9tail ne vous \u00e9chappe, achetez <b>Point d&#8217;Acc\u00e8s D-Link DAP-X2850 5 GHz Blanc<\/b> au meilleur prix.<\/p>\n<ul>\n<li>Connectivit\u00e9:\n<ul>\n<li>Wi-Fi<\/li>\n<li>Ethernet LAN<\/li>\n<\/ul>\n<\/li>\n<li>Type: Point d&#8217;Acc\u00e8s<\/li>\n<li>Produit \u00e0 brancher: Oui<\/li>\n<li>Type de prise: Prise EU<\/li>\n<li>Bloc d\u2019Alimentation:\n<ul>\n<li>r\u00e9seau \u00e9lectrique<\/li>\n<li>CC<\/li>\n<\/ul>\n<\/li>\n<li>Couleur: Blanc<\/li>\n<li>Connexions:\n<ul>\n<li>PoE x 1<\/li>\n<li>3<\/li>\n<li>RJ45<\/li>\n<\/ul>\n<\/li>\n<li>Montage: Montage mural<\/li>\n<li>Mati\u00e8re: Plastique<\/li>\n<li>Caract\u00e9ristiques: T\u00e9moin LED<\/li>\n<li>Tension: 12 V<\/li>\n<li>Fr\u00e9quence:\n<ul>\n<li>2,4GHz<\/li>\n<li>5 GHz<\/li>\n<li>2,4 GHz<\/li>\n<\/ul>\n<\/li>\n<li>Isolation: Isolateur<\/li>\n<li>Syst\u00e8me d&#8217;exploitation: RouterOS<\/li>\n<li>Certificat:\n<ul>\n<li>CE<\/li>\n<li>FCC<\/li>\n<\/ul>\n<\/li>\n<li>Plage d&#8217;humidit\u00e9 de travail: 10 % &#8211; 90 %<\/li>\n<li>S\u00e9curit\u00e9: IGMP<\/li>\n<\/ul>\n<p><\/p>\n<p><b>Wi\u2011Fi 6 professionnel.<\/b><br \/>\nLe DAP\u2014X2850 compatible Wi-Fi 6 fournit aux entreprises de toutes tailles des vitesses multigigabits, une capacit\u00e9 consid\u00e9rablement augment\u00e9e et une couverture sans interf\u00e9rence, ainsi que la gestion centralis\u00e9e. Id\u00e9al pour les PME, les commerces, les h\u00f4tels, les campus et les prestataires de services g\u00e9r\u00e9s qui ont besoin de maintenir la circulation des donn\u00e9es, m\u00eame dans les zones les plus \u00e9loign\u00e9es des appareils.<\/p>\n<p><b>G\u00e9rez facilement votre r\u00e9seau d\u2019entreprise.<\/b><br \/>\nLe DAP\u2014X2850 fonctionne avec Nuclias Connect, une plateforme de gestion logicielle (avec contr\u00f4leur mat\u00e9riel en option) qui peut \u00eatre utilis\u00e9e sur site ou comme solution cloud h\u00e9berg\u00e9e sur un service cloud public. Les t\u00e2ches administratives peuvent \u00eatre effectu\u00e9es rapidement \u00e0 partir de l\u2019application Nuclias Connect ou du logiciel su serveur\/PC pour un acc\u00e8s facile, une automatisation et une \u00e9volutivit\u00e9 r\u00e9seau facilit\u00e9es.<\/p>\n<p><b>G\u00e9rez facilement votre r\u00e9seau gr\u00e2ce \u00e0 Nuclias Connect<\/b><br \/>\nAutomatisez, surveillez, g\u00e9rez et faites \u00e9voluer votre r\u00e9seau en fonction de la demande de votre entreprise, sans complexit\u00e9 ni co\u00fbt, gr\u00e2ce \u00e0 la plateforme Nuclias Connect \u00e0 gestion centralis\u00e9e.<\/p>\n<p><b>Wi-Fi 6 nouvelle g\u00e9n\u00e9ration<\/b><br \/>\nOffre une plus grande efficacit\u00e9 du r\u00e9seau et une latence r\u00e9duite, avec une capacit\u00e9 presque quatre fois sup\u00e9rieure \u00e0 celle des normes Wi-Fi pr\u00e9c\u00e9dentes.<\/p>\n<p><b>2,5 Gigabits en liaison montante<\/b><br \/>\n2 ports LAN (2,5 G\/1 G) offrent une liaison terrestre \u00e9tendue \u00e0 votre r\u00e9seau c\u00e2bl\u00e9, \u00e9liminant les goulots d\u2019\u00e9tranglement au point d\u2019acc\u00e8s<\/p>\n<p><b>Logiciel et application t\u00e9l\u00e9chargeables gratuitement<\/b><br \/>\nConfigurez, g\u00e9rez et surveillez rapidement les points d\u2019acc\u00e8s localement via notre logiciel de gestion de r\u00e9seau gratuit ou \u00e0 distance avec l\u2019application Nuclias Connect<\/p>\n<p><b>Installation flexible avec prise en charge PoE<\/b><br \/>\nPrend en charge Power over Ethernet (802.3at) pour une installation plus simple avec moins d\u2019encombrement de c\u00e2bles<\/p>\n<p><b>Des performances intelligentes et s\u00fbres<\/b><br \/>\nD\u00e9bit sup\u00e9rieur avec technologie bibande, MIMO 4&#215;4, orientation de bande et gestion intelligente de l\u2019\u00e9galit\u00e9 du temps d\u2019utilisation qui g\u00e8re intelligemment les utilisateurs avec chiffrement sans fil WPA3\u2122<\/p>\n<p><b>Minimisez les tracas li\u00e9s aux t\u00e2ches administratives<\/b><br \/>\nPermettez aux administrateurs de travailler efficacement gr\u00e2ce \u00e0 des options bas\u00e9es sur les r\u00f4les qui permettent un acc\u00e8s d\u00e9l\u00e9gu\u00e9 \u00e0 travers votre r\u00e9seau. Vous pouvez d\u00e9ployer, configurer, mettre \u00e0 jour et d\u00e9velopper rapidement, m\u00eame sur plusieurs sites, et utiliser le tableau de bord intuitif pour limiter les probl\u00e8mes au strict minimum.<\/p>\n<p><b>Con\u00e7u pour l\u2019IoT<\/b><br \/>\nTarget Wake Time (TWT) r\u00e9duit la consommation d\u2019\u00e9nergie des appareils Wi-Fi 6 et IoT<\/p>\n<p><b>Des performances Wi\u2011Fi 6 de nouvelle g\u00e9n\u00e9ration qui dynamisent votre entreprise.<\/b><br \/>\nAvec des vitesses Wi-Fi 6 (802.11ax) combin\u00e9es allant jusqu\u2019\u00e0 3 600 Mbit\/s, le DAP\u2014X2850 permet des transferts de donn\u00e9es volumineux et un streaming vid\u00e9o de qualit\u00e9 sup\u00e9rieure, m\u00eame dans des environnements tr\u00e8s encombr\u00e9s.<\/p>\n<p>Le Wi-Fi 6 offre une plus grande efficacit\u00e9 du r\u00e9seau et une latence r\u00e9duite, avec une capacit\u00e9 presque quatre fois sup\u00e9rieure \u00e0 celle des normes Wi-Fi pr\u00e9c\u00e9dentes. <\/p>\n<p><b>Un Wi\u2011Fi optimis\u00e9 pour une exp\u00e9rience client sup\u00e9rieure.<\/b><br \/>\nLe DAP\u2014X2850 prend en charge l\u2019orientation de bande, 4&#215;4 MU-MIMO et la formation de faisceau, con\u00e7us pour fonctionner ensemble afin de r\u00e9duire l\u2019encombrement.<\/p>\n<p>L\u2019\u00e9quilibrage de charge et la technologie \u00c9galit\u00e9 du temps d\u2019utilisation du r\u00e9seau r\u00e9partissent les charges de travail entre les points d\u2019acc\u00e8s pour une utilisation optimale des ressources &#8211; permettant \u00e0 chaque appareil du r\u00e9seau d\u2019obtenir la meilleure connectivit\u00e9 possible, sans exercer de contrainte sur l\u2019ensemble de votre r\u00e9seau. <\/p>\n<p><b>Plusieurs modes de fonctionnement.<\/b><br \/>\nLe DAP\u2014X2850 peut \u00eatre configur\u00e9 en fonction des besoins de votre r\u00e9seau et optimiser les performances.<\/p>\n<p>&#8211; Point d\u2019acc\u00e8s<br \/>\n&#8211; Syst\u00e8me de distribution sans fil (WDS) avec point d\u2019acc\u00e8s<br \/>\n&#8211; WDS\/Bridge (sans AP Broadcast)<br \/>\n&#8211; Client sans fil<\/p>\n<p><b>Une installation simple et propre, partout.<\/b><br \/>\nPeut \u00eatre install\u00e9 au plafond, sur un mur ou plac\u00e9 sur un bureau. La fonction PoE du DAP\u2014X2850 permet une installation facile avec un c\u00e2ble unique. Parfait pour les installations sophistiqu\u00e9es dans des zones o\u00f9 les prises de courant ne sont pas facilement accessibles.<\/p>\n<p><b>Une gestion avanc\u00e9e et personnalisable du r\u00e9seau sur site.<\/b><br \/>\nNuclias Connect est un outil de gestion de r\u00e9seau centralis\u00e9 offrant une \u00e9volutivit\u00e9 rentable, des commandes personnalisables. Il est con\u00e7u comme une solution pour chaque type d\u2019entreprise.<\/p>\n<p><b>Une gestion multisite efficace.<\/b><br \/>\nG\u00e9rez facilement plusieurs sites en d\u00e9finissant des niveaux d\u2019autorit\u00e9 pour le si\u00e8ge et les filiales et en param\u00e9trant diff\u00e9rentes configurations. Les p\u00e9riph\u00e9riques r\u00e9seau peuvent \u00eatre pr\u00e9configur\u00e9s avant d\u2019\u00eatre envoy\u00e9s aux bureaux r\u00e9gionaux, ce qui permet des d\u00e9ploiements plus rapides et plus efficaces.<\/p>\n<p><b>R\u00e9volutionnez la gestion de votre r\u00e9seau professionnel.<\/b><br \/>\nNuclias Connect vous permet de g\u00e9rer et de contr\u00f4ler votre r\u00e9seau depuis tout lieu disposant d\u2019une connexion Internet. Il fournit une vue d\u00e9taill\u00e9e de votre r\u00e9seau et de ses utilisateurs gr\u00e2ce \u00e0 des analyses de trafic et des rapports d\u2019\u00e9tat, qui peuvent \u00eatre consult\u00e9s d\u2019un seul coup d\u2019\u0153il via une interface intuitive \u00e0 l\u2019aide d\u2019un navigateur ou de l\u2019application. Les informations tir\u00e9es de ces donn\u00e9es de trafic peuvent \u00eatre utilis\u00e9es pour cr\u00e9er de la valeur commerciale. Le trafic peut \u00eatre visualis\u00e9 sur l\u2019ensemble du r\u00e9seau et au niveau d\u2019un seul point d\u2019acc\u00e8s.<\/p>\n<p><b>Vos clients en ligne en un rien de temps gr\u00e2ce \u00e0 un portail captif.<\/b><br \/>\nOffrez un acc\u00e8s en ligne rapide et facile \u00e0 vos clients gr\u00e2ce \u00e0 un portail captif. Vous pouvez non seulement leur permettre de se connecter en utilisant simplement leur adresse e-mail, leur compte Facebook ou Google, mais \u00e9galement donner \u00e0 votre entreprise l\u2019opportunit\u00e9 d\u2019accro\u00eetre la notori\u00e9t\u00e9 de la marque et de faire de la publicit\u00e9. En m\u00eame temps, il peut fournir des informations aux utilisateurs qui permettent aux entreprises de mieux comprendre leurs clients.<\/p>\n<p><b>Adaptez votre r\u00e9seau Wi\u2011Fi \u00e0 la taille de votre entreprise.<\/b><br \/>\nNuclias Connect vous offre la flexibilit\u00e9 financi\u00e8re et technique n\u00e9cessaire pour passer d\u2019un petit r\u00e9seau \u00e0 un maximum de 1 000 points d\u2019acc\u00e8s tout en conservant un syst\u00e8me de gestion robuste et centralis\u00e9.<\/p>\n<p><b>Un contr\u00f4leur d\u00e9di\u00e9 pour g\u00e9rer votre r\u00e9seau.<\/b><br \/>\nDisponible en option, le concentrateur Nuclias Connect (DNH\u2014100) est un contr\u00f4leur mat\u00e9riel efficace, con\u00e7u pour fournir une solution \u00e9conomique, sans maintenance et pr\u00eate \u00e0 l\u2019emploi pour la configuration et la gestion de votre r\u00e9seau. Il suffit de le brancher et de le mettre sous tension.<\/p>\n<p><\/p>\n<ul>\n<li>2,4 GHz: Oui<\/li>\n<li>5 GHz: Oui<\/li>\n<li>D\u00e9bit de transfert des donn\u00e9es maximum: 3600 Mbit\/s<\/li>\n<li>D\u00e9bit de transfert des donn\u00e9es maximum (2,4GHz): 1147 Mbit\/s<\/li>\n<li>D\u00e9bit de transfert des donn\u00e9es maximum (5 GHz): 2402 Mbit\/s<\/li>\n<li>LAN Ethernet : taux de transfert des donn\u00e9es: 10,100,1000,2500 Mbit\/s<\/li>\n<li>Bande de fr\u00e9quence: 2.4 &#8211; 2.483, 5.15 &#8211; 5.35, 5.47 &#8211; 5.85 GHz<\/li>\n<li>Standards r\u00e9seau: IEEE 802.11a,IEEE 802.11ac,IEEE 802.11ax,IEEE 802.11b,IEEE 802.11e,IEEE 802.11g,IEEE 802.11n,IEEE 802.3,IEEE 802.3ab,IEEE 802.3af,IEEE 802.3at,IEEE 802.3az,IEEE 802.3u<\/li>\n<li>S\u00e9lection automatique du canal: Oui<\/li>\n<li>MIMO (entr\u00e9es multiples, sorties multiples): Oui<\/li>\n<li>Type MIMO: Multi User MIMO<\/li>\n<li>Multim\u00e9dia Wi-FI (WWM)\/(WME): Oui<\/li>\n<li>Wi-Fi en itin\u00e9rance: Oui<\/li>\n<li>Isolation sans fil: Oui<\/li>\n<li>Temps moyen entre pannes: 30000 h<\/li>\n<li>Algorithme de s\u00e9curit\u00e9 soutenu: 64-bit WEP,128-bit WEP,SSH,SSL\/TLS,WPA,WPA-Enterprise,WPA-PSK,WPA2,WPA2-Enterprise,WPA3,WPA3-Enterprise,WPA3-PSK<\/li>\n<li>Filtrage d&#8217;adresse MAC: Oui<\/li>\n<li>Fonctions du Service Set Identifier (SSID): Diffusion SSID, Marche\/Arr\u00eat de diffusion SSID<\/li>\n<li>Nombre de prises en charge de SSID: 16<\/li>\n<li>Filtrage IGMP: Oui<\/li>\n<li>Syst\u00e8me de r\u00e9partition sans fil automatique (WDS): Oui<\/li>\n<li>Service utilisateur de composition d&#8217;authentification \u00e0 distance (RADIUS, Remote Authentification Dial-In User Service): Oui<\/li>\n<li>Serveur DHCP: Oui<\/li>\n<li>Protocoles de gestion: SNMP (v1, v2c, v3), Telnet, SSH, SSL<\/li>\n<li>Gestion bas\u00e9e sur le web: Oui<\/li>\n<li>Interface de ligne de commande (CLI &#8211; Command-line interface): Oui<\/li>\n<li>Syslog: Oui<\/li>\n<li>Nombre de port ethernet LAN (RJ-45): 3<\/li>\n<li>Entr\u00e9e DC: Oui<\/li>\n<li>Connexion Ethernet, supportant l&#8217;alimentation via ce port (PoE): Oui<\/li>\n<li>Tension de sortie: 12 V<\/li>\n<li>Courant de sortie: 2,5 A<\/li>\n<li>Consommation (max): 19,44 W<\/li>\n<li>Positionnement: Plafond, Mur<\/li>\n<li>Couleur du produit: Blanc<\/li>\n<li>Mat\u00e9riau du bo\u00eetier\/corps: Plastique<\/li>\n<li>Bouton de r\u00e9initialisation: Oui<\/li>\n<li>Voyants: \u00c9nergie, Statut<\/li>\n<li>Certification: FCC<\/li>\n<li>Type d&#8217;antenne: Interne<\/li>\n<li>Type de direction d&#8217;antenne: Omni-directionnel<\/li>\n<li>Quantit\u00e9 d&#8217;antenne: 4<\/li>\n<li>Niveau de gain de l&#8217;antenne (max): 5,5 dBi<\/li>\n<li>Humidit\u00e9 relative de fonctionnement (H-H): 10 &#8211; 90%<\/li>\n<li>Temp\u00e9rature d&#8217;op\u00e9ration: 0 &#8211; 40 \u00b0C<\/li>\n<li>Temp\u00e9rature hors fonctionnement: -20 &#8211; 65 \u00b0C<\/li>\n<li>Taux d&#8217;humidit\u00e9 relative (stockage): 5 &#8211; 95%<\/li>\n<li>Conformit\u00e9 \u00e0 la durabilit\u00e9: Oui<\/li>\n<li>Certificats de durabilit\u00e9: CE<\/li>\n<li>Largeur: 212,4 mm<\/li>\n<li>Profondeur: 212,4 mm<\/li>\n<li>Hauteur: 46,7 mm<\/li>\n<li>Poids: 763,8 g<\/li>\n<li>Nombre de produits inclus: 1 pi\u00e8ce(s)<\/li>\n<\/ul>","protected":false},"excerpt":{"rendered":"<p>Si vous \u00eates passionn\u00e9 d&#8217;informatique et d&#8217;\u00e9lectronique, si vous \u00eates \u00e0 la pointe de la technologie et qu&#8217;aucun d\u00e9tail ne vous \u00e9chappe, achetez Point d&#8217;Acc\u00e8s D-Link DAP-X2850 5 GHz Blanc au meilleur prix. Connectivit\u00e9: Wi-Fi Ethernet LAN Type: Point d&#8217;Acc\u00e8s Produit \u00e0 brancher: Oui Type de prise: Prise EU Bloc d\u2019Alimentation: r\u00e9seau \u00e9lectrique CC Couleur: [&hellip;]<\/p>\n","protected":false},"featured_media":13790,"comment_status":"open","ping_status":"closed","template":"","meta":[],"product_brand":[640],"product_cat":[65,584,591],"product_tag":[106],"class_list":{"0":"post-13793","1":"product","2":"type-product","3":"status-publish","4":"has-post-thumbnail","6":"product_brand-brandp_543","7":"product_cat-informatique-electronique","8":"product_cat-informatique-reseaux-et-composants","9":"product_cat-points-d-acces","10":"product_tag-tag_1295","12":"first","13":"instock","14":"taxable","15":"shipping-taxable","16":"purchasable","17":"product-type-simple"},"_links":{"self":[{"href":"https:\/\/bigbuy.tupique.com\/pt\/wp-json\/wp\/v2\/product\/13793","targetHints":{"allow":["GET"]}}],"collection":[{"href":"https:\/\/bigbuy.tupique.com\/pt\/wp-json\/wp\/v2\/product"}],"about":[{"href":"https:\/\/bigbuy.tupique.com\/pt\/wp-json\/wp\/v2\/types\/product"}],"replies":[{"embeddable":true,"href":"https:\/\/bigbuy.tupique.com\/pt\/wp-json\/wp\/v2\/comments?post=13793"}],"wp:featuredmedia":[{"embeddable":true,"href":"https:\/\/bigbuy.tupique.com\/pt\/wp-json\/wp\/v2\/media\/13790"}],"wp:attachment":[{"href":"https:\/\/bigbuy.tupique.com\/pt\/wp-json\/wp\/v2\/media?parent=13793"}],"wp:term":[{"taxonomy":"product_brand","embeddable":true,"href":"https:\/\/bigbuy.tupique.com\/pt\/wp-json\/wp\/v2\/product_brand?post=13793"},{"taxonomy":"product_cat","embeddable":true,"href":"https:\/\/bigbuy.tupique.com\/pt\/wp-json\/wp\/v2\/product_cat?post=13793"},{"taxonomy":"product_tag","embeddable":true,"href":"https:\/\/bigbuy.tupique.com\/pt\/wp-json\/wp\/v2\/product_tag?post=13793"}],"curies":[{"name":"wp","href":"https:\/\/api.w.org\/{rel}","templated":true}]}}