{"id":13732,"date":"2026-03-29T11:25:50","date_gmt":"2026-03-29T10:25:50","guid":{"rendered":"https:\/\/bigbuy.tupique.com\/produto\/switch-netgear-gs516up-100eus-32-gbps\/"},"modified":"2026-04-14T23:38:46","modified_gmt":"2026-04-14T22:38:46","slug":"switch-netgear-gs516up-100eus-32-gbps","status":"publish","type":"product","link":"https:\/\/bigbuy.tupique.com\/pt\/produto\/switch-netgear-gs516up-100eus-32-gbps\/","title":{"rendered":"Switch Netgear GS516UP-100EUS 32 Gbps"},"content":{"rendered":"<p>Si vous \u00eates passionn\u00e9 d&#8217;<b>informatique et d&#8217;\u00e9lectronique<\/b>, si vous \u00eates \u00e0 la pointe de la technologie et qu&#8217;aucun d\u00e9tail ne vous \u00e9chappe, achetez <b>Switch Netgear GS516UP-100EUS 32 Gbps<\/b> au meilleur prix.<\/p>\n<p>Le <b>GS516UP-100EUS<\/b> de <b>Netgear<\/b> est un <b>switch<\/b> non manageable con\u00e7u pour les environnements n\u00e9cessitant une haute capacit\u00e9 de connectivit\u00e9 et une efficacit\u00e9 r\u00e9seau. Il dispose de <b>16 ports Gigabit Ethernet RJ-45<\/b>, assurant des connexions rapides et fiables \u00e0 des vitesses de 10\/100\/1000 Mbps, id\u00e9ales pour la transmission de donn\u00e9es sur des r\u00e9seaux LAN professionnels ou domestiques avanc\u00e9s. Sa structure robuste est en <b>m\u00e9tal gris<\/b>, favorisant la dissipation thermique et la durabilit\u00e9, tandis que son design permet le <b>montage en rack<\/b> pour une int\u00e9gration professionnelle dans des infrastructures r\u00e9seau consolid\u00e9es. Parmi ses caract\u00e9ristiques techniques figurent la compatibilit\u00e9 avec plusieurs normes IEEE telles que <b>802.3af<\/b>, <b>802.3at<\/b> et <b>802.3bt<\/b>, activant les fonctions de <b>Power over Ethernet (PoE)<\/b> pour alimenter les appareils connect\u00e9s sans adaptateurs externes, optimisant ainsi l\u2019organisation et l\u2019efficacit\u00e9 du c\u00e2blage. Il int\u00e8gre \u00e9galement une <b>table d\u2019adresses MAC pouvant contenir 8000 entr\u00e9es<\/b> et une capacit\u00e9 totale de commutation de <b>32 Gbit\/s<\/b>, garantissant un flux de donn\u00e9es sans congestion et en mode <b>full duplex<\/b> pour des transmissions simultan\u00e9es. Son affichage par LED facilite la surveillance rapide de l\u2019\u00e9tat de chaque port, simplifiant la gestion visuelle et le diagnostic basique. Le switch fonctionne avec une plage de tension flexible de <b>100-240 V<\/b>, adapt\u00e9e \u00e0 diverses r\u00e9gions et conditions \u00e9lectriques. Cette solution repr\u00e9sente un \u00e9quipement fiable et efficace pour \u00e9tendre un r\u00e9seau Ethernet avec une haute densit\u00e9 de ports, maintenant une performance constante et une compatibilit\u00e9 PoE, id\u00e9al pour bureaux, PME ou installations technologiques n\u00e9cessitant une infrastructure r\u00e9seau stable et professionnelle.<\/p>\n<ul>\n<li>Produit \u00e0 brancher: Oui<\/li>\n<li>Type de prise: Prise EU<\/li>\n<li>Type: Switch<\/li>\n<li>Bloc d\u2019Alimentation:\n<ul>\n<li>r\u00e9seau \u00e9lectrique<\/li>\n<li>Incluses<\/li>\n<\/ul>\n<\/li>\n<li>Couleur: Gris<\/li>\n<li>Connexions:\n<ul>\n<li>RJ45<\/li>\n<li>Ethernet LAN<\/li>\n<\/ul>\n<\/li>\n<li>Tension:\n<ul>\n<li>100-240 V<\/li>\n<li>100 &#8211; 240 V<\/li>\n<\/ul>\n<\/li>\n<li>Ventillateur: 3<\/li>\n<li>Fr\u00e9quence: 50-60 Hz<\/li>\n<li>Mati\u00e8re: M\u00e9tal<\/li>\n<li>Caract\u00e9ristiques: T\u00e9moin LED<\/li>\n<li>Ports: 16<\/li>\n<li>Fr\u00e9quence d&#8217;entr\u00e9e AC: 50-60 Hz<\/li>\n<li>puissance: 60 W<\/li>\n<li>Largeur: 39 cm<\/li>\n<li>Plage d&#8217;humidit\u00e9 de travail: 10 % &#8211; 90 %<\/li>\n<li>Temp\u00e9rature approximative: &#8211; 20\u00baC \/ 70\u00b0C<\/li>\n<\/ul>","protected":false},"excerpt":{"rendered":"<p>Si vous \u00eates passionn\u00e9 d&#8217;informatique et d&#8217;\u00e9lectronique, si vous \u00eates \u00e0 la pointe de la technologie et qu&#8217;aucun d\u00e9tail ne vous \u00e9chappe, achetez Switch Netgear GS516UP-100EUS 32 Gbps au meilleur prix. Le GS516UP-100EUS de Netgear est un switch non manageable con\u00e7u pour les environnements n\u00e9cessitant une haute capacit\u00e9 de connectivit\u00e9 et une efficacit\u00e9 r\u00e9seau. Il [&hellip;]<\/p>\n","protected":false},"featured_media":13729,"comment_status":"open","ping_status":"closed","template":"","meta":[],"product_brand":[633],"product_cat":[65,584,585],"product_tag":[106],"class_list":{"0":"post-13732","1":"product","2":"type-product","3":"status-publish","4":"has-post-thumbnail","6":"product_brand-brandp_567","7":"product_cat-informatique-electronique","8":"product_cat-informatique-reseaux-et-composants","9":"product_cat-switch","10":"product_tag-tag_1295","12":"first","13":"instock","14":"taxable","15":"shipping-taxable","16":"purchasable","17":"product-type-simple"},"_links":{"self":[{"href":"https:\/\/bigbuy.tupique.com\/pt\/wp-json\/wp\/v2\/product\/13732","targetHints":{"allow":["GET"]}}],"collection":[{"href":"https:\/\/bigbuy.tupique.com\/pt\/wp-json\/wp\/v2\/product"}],"about":[{"href":"https:\/\/bigbuy.tupique.com\/pt\/wp-json\/wp\/v2\/types\/product"}],"replies":[{"embeddable":true,"href":"https:\/\/bigbuy.tupique.com\/pt\/wp-json\/wp\/v2\/comments?post=13732"}],"wp:featuredmedia":[{"embeddable":true,"href":"https:\/\/bigbuy.tupique.com\/pt\/wp-json\/wp\/v2\/media\/13729"}],"wp:attachment":[{"href":"https:\/\/bigbuy.tupique.com\/pt\/wp-json\/wp\/v2\/media?parent=13732"}],"wp:term":[{"taxonomy":"product_brand","embeddable":true,"href":"https:\/\/bigbuy.tupique.com\/pt\/wp-json\/wp\/v2\/product_brand?post=13732"},{"taxonomy":"product_cat","embeddable":true,"href":"https:\/\/bigbuy.tupique.com\/pt\/wp-json\/wp\/v2\/product_cat?post=13732"},{"taxonomy":"product_tag","embeddable":true,"href":"https:\/\/bigbuy.tupique.com\/pt\/wp-json\/wp\/v2\/product_tag?post=13732"}],"curies":[{"name":"wp","href":"https:\/\/api.w.org\/{rel}","templated":true}]}}