{"id":13707,"date":"2026-03-29T11:25:19","date_gmt":"2026-03-29T10:25:19","guid":{"rendered":"https:\/\/bigbuy.tupique.com\/produto\/toner-hp-p504c-multicolour\/"},"modified":"2026-04-14T23:38:43","modified_gmt":"2026-04-14T22:38:43","slug":"toner-hp-p504c-multicolour","status":"publish","type":"product","link":"https:\/\/bigbuy.tupique.com\/pt\/produto\/toner-hp-p504c-multicolour\/","title":{"rendered":"Toner HP P504C Multicouleur"},"content":{"rendered":"<p>Si vous \u00eates passionn\u00e9 d&#8217;<b>informatique et d&#8217;\u00e9lectronique<\/b>, si vous \u00eates \u00e0 la pointe de la technologie et qu&#8217;aucun d\u00e9tail ne vous \u00e9chappe, achetez <b>Toner HP P504C Multicouleur<\/b> au meilleur prix.<\/p>\n<ul>\n<li>Type:\n<ul>\n<li>Toner<\/li>\n<li>Original<\/li>\n<\/ul>\n<\/li>\n<li>Couleur:\n<ul>\n<li>Multicouleur<\/li>\n<li>Jaune<\/li>\n<li>Noir<\/li>\n<li>Cyan<\/li>\n<li>Magenta<\/li>\n<\/ul>\n<\/li>\n<li>Compatible: HP<\/li>\n<li>Largeur: 270 mm<\/li>\n<li>Technologie: Laser<\/li>\n<li>Capacit\u00e9: 1800 Pages<\/li>\n<li>Pays \/ r\u00e9gion de fabrication: Chine<\/li>\n<li>Impression couleur: Oui<\/li>\n<li>Temp\u00e9rature approximative: -20\u00ba \/ 40\u00ba<\/li>\n<li>Caract\u00e9ristiques: Original<\/li>\n<\/ul>","protected":false},"excerpt":{"rendered":"<p>Si vous \u00eates passionn\u00e9 d&#8217;informatique et d&#8217;\u00e9lectronique, si vous \u00eates \u00e0 la pointe de la technologie et qu&#8217;aucun d\u00e9tail ne vous \u00e9chappe, achetez Toner HP P504C Multicouleur au meilleur prix. Type: Toner Original Couleur: Multicouleur Jaune Noir Cyan Magenta Compatible: HP Largeur: 270 mm Technologie: Laser Capacit\u00e9: 1800 Pages Pays \/ r\u00e9gion de fabrication: Chine [&hellip;]<\/p>\n","protected":false},"featured_media":13706,"comment_status":"open","ping_status":"closed","template":"","meta":[],"product_brand":[630],"product_cat":[65,581,582],"product_tag":[213,106],"class_list":{"0":"post-13707","1":"product","2":"type-product","3":"status-publish","4":"has-post-thumbnail","6":"product_brand-brandp_909","7":"product_cat-informatique-electronique","8":"product_cat-informatique-peripheriques-et-consommables","9":"product_cat-toners-originaux","10":"product_tag-tag_933","11":"product_tag-tag_1295","13":"first","14":"instock","15":"taxable","16":"shipping-taxable","17":"purchasable","18":"product-type-simple"},"_links":{"self":[{"href":"https:\/\/bigbuy.tupique.com\/pt\/wp-json\/wp\/v2\/product\/13707","targetHints":{"allow":["GET"]}}],"collection":[{"href":"https:\/\/bigbuy.tupique.com\/pt\/wp-json\/wp\/v2\/product"}],"about":[{"href":"https:\/\/bigbuy.tupique.com\/pt\/wp-json\/wp\/v2\/types\/product"}],"replies":[{"embeddable":true,"href":"https:\/\/bigbuy.tupique.com\/pt\/wp-json\/wp\/v2\/comments?post=13707"}],"wp:featuredmedia":[{"embeddable":true,"href":"https:\/\/bigbuy.tupique.com\/pt\/wp-json\/wp\/v2\/media\/13706"}],"wp:attachment":[{"href":"https:\/\/bigbuy.tupique.com\/pt\/wp-json\/wp\/v2\/media?parent=13707"}],"wp:term":[{"taxonomy":"product_brand","embeddable":true,"href":"https:\/\/bigbuy.tupique.com\/pt\/wp-json\/wp\/v2\/product_brand?post=13707"},{"taxonomy":"product_cat","embeddable":true,"href":"https:\/\/bigbuy.tupique.com\/pt\/wp-json\/wp\/v2\/product_cat?post=13707"},{"taxonomy":"product_tag","embeddable":true,"href":"https:\/\/bigbuy.tupique.com\/pt\/wp-json\/wp\/v2\/product_tag?post=13707"}],"curies":[{"name":"wp","href":"https:\/\/api.w.org\/{rel}","templated":true}]}}