{"id":13705,"date":"2026-03-29T11:25:17","date_gmt":"2026-03-29T10:25:17","guid":{"rendered":"https:\/\/bigbuy.tupique.com\/produto\/toner-hp-cf259x-negro-black\/"},"modified":"2026-04-14T23:38:43","modified_gmt":"2026-04-14T22:38:43","slug":"toner-hp-cf259x-negro-black","status":"publish","type":"product","link":"https:\/\/bigbuy.tupique.com\/pt\/produto\/toner-hp-cf259x-negro-black\/","title":{"rendered":"Toner HP CF259X Negro Noir"},"content":{"rendered":"<p>Retournez au bureau sans rien oublier ! Achetez <b>Toner HP CF259X Negro Noir<\/b> et faites envie \u00e0 vos coll\u00e8gues!<\/p>\n<p>Le <b>toner HP CF259X<\/b> est une <b>cartouche originale<\/b> <b>haute capacit\u00e9<\/b> sp\u00e9cialement con\u00e7ue pour les imprimantes laser HP telles que la <b>HP LaserJet Pro M404dn<\/b>, <b>M404dw<\/b>, <b>M404n<\/b>, <b>M304a<\/b>, <b>M428dw<\/b> et <b>M428fdn<\/b>, garantissant une compatibilit\u00e9 parfaite et des r\u00e9sultats professionnels \u00e0 chaque impression. Formul\u00e9 en <b>noir<\/b> et fabriqu\u00e9 selon les standards de qualit\u00e9 HP, ce toner exploite la technologie JetIntelligence pour produire des documents nets et homog\u00e8nes en noir et blanc, m\u00eame dans les environnements \u00e0 forte demande, tout en maintenant une vitesse optimale et une excellente d\u00e9finition du texte. Sa fabrication au <b>Japon<\/b> atteste de sa fiabilit\u00e9 et de sa durabilit\u00e9, faisant de ce produit un choix s\u00fbr pour les bureaux recherchant une efficacit\u00e9 maximale. La version <b>59X<\/b> \u00e0 grande capacit\u00e9 permet d\u2019imprimer un volume de pages sup\u00e9rieur par cartouche, r\u00e9duisant la fr\u00e9quence de remplacement et les co\u00fbts d\u2019exploitation sur le long terme, tout en contribuant aux \u00e9conomies d\u2019\u00e9nergie gr\u00e2ce \u00e0 la formulation EcoSmart de HP. Le syst\u00e8me int\u00e8gre une technologie anti-fraude, garantissant \u00e0 l\u2019utilisateur de recevoir un produit authentique qui prot\u00e8ge \u00e0 la fois l\u2019imprimante et la qualit\u00e9 des documents. Cette alliance d\u2019innovation, d\u2019\u00e9conomie et d\u2019authenticit\u00e9 fait de ce toner une solution essentielle pour des impressions fiables et performantes dans les environnements professionnels exigeants.<\/p>\n<ul>\n<li>Type:\n<ul>\n<li>Original<\/li>\n<li>Toner<\/li>\n<\/ul>\n<\/li>\n<li>Couleur: Noir<\/li>\n<li>Technologie: Laser<\/li>\n<li>Compatible:\n<ul>\n<li>HP LaserJet Pro M304a (W1A66A)<\/li>\n<li>HP LaserJet Pro M404dn (W1A53A#B19)<\/li>\n<li>HP LaserJet Pro M404dw (W1A56A#B19)<\/li>\n<li>HP LaserJet Pro M404n (W1A52A#B19)<\/li>\n<li>HP LaserJet Pro M428dw (W1A28A#B19)<\/li>\n<li>HP LaserJet Pro M428fdn (W1A29A#B19)<\/li>\n<li>HP LaserJet Pro M428fdw (W1A30A#B19)<\/li>\n<li>HP LaserJet Pro M428m (W1A38A)<\/li>\n<li>HP<\/li>\n<\/ul>\n<\/li>\n<li>Poids:\n<ul>\n<li>1,3 Kg<\/li>\n<li>1,35 Kg<\/li>\n<\/ul>\n<\/li>\n<li>Pr\u00e9cision (humidit\u00e9 relative): 20 % &#8211; 80 %<\/li>\n<li>Temp\u00e9rature approximative: -20\u00ba \/ 40\u00ba<\/li>\n<li>Caract\u00e9ristiques: Original<\/li>\n<li>Nombre de p\u00f4les: 10000 pgs<\/li>\n<\/ul>","protected":false},"excerpt":{"rendered":"<p><span class=\"unit-info\">295.9900 &euro; \/ 1 unit<\/span><\/p>","protected":false},"featured_media":13702,"comment_status":"open","ping_status":"closed","template":"","meta":[],"product_brand":[630],"product_cat":[65,581,582],"product_tag":[213,106],"class_list":{"0":"post-13705","1":"product","2":"type-product","3":"status-publish","4":"has-post-thumbnail","6":"product_brand-brandp_909","7":"product_cat-informatique-electronique","8":"product_cat-informatique-peripheriques-et-consommables","9":"product_cat-toners-originaux","10":"product_tag-tag_933","11":"product_tag-tag_1295","13":"first","14":"instock","15":"taxable","16":"shipping-taxable","17":"purchasable","18":"product-type-simple"},"_links":{"self":[{"href":"https:\/\/bigbuy.tupique.com\/pt\/wp-json\/wp\/v2\/product\/13705","targetHints":{"allow":["GET"]}}],"collection":[{"href":"https:\/\/bigbuy.tupique.com\/pt\/wp-json\/wp\/v2\/product"}],"about":[{"href":"https:\/\/bigbuy.tupique.com\/pt\/wp-json\/wp\/v2\/types\/product"}],"replies":[{"embeddable":true,"href":"https:\/\/bigbuy.tupique.com\/pt\/wp-json\/wp\/v2\/comments?post=13705"}],"wp:featuredmedia":[{"embeddable":true,"href":"https:\/\/bigbuy.tupique.com\/pt\/wp-json\/wp\/v2\/media\/13702"}],"wp:attachment":[{"href":"https:\/\/bigbuy.tupique.com\/pt\/wp-json\/wp\/v2\/media?parent=13705"}],"wp:term":[{"taxonomy":"product_brand","embeddable":true,"href":"https:\/\/bigbuy.tupique.com\/pt\/wp-json\/wp\/v2\/product_brand?post=13705"},{"taxonomy":"product_cat","embeddable":true,"href":"https:\/\/bigbuy.tupique.com\/pt\/wp-json\/wp\/v2\/product_cat?post=13705"},{"taxonomy":"product_tag","embeddable":true,"href":"https:\/\/bigbuy.tupique.com\/pt\/wp-json\/wp\/v2\/product_tag?post=13705"}],"curies":[{"name":"wp","href":"https:\/\/api.w.org\/{rel}","templated":true}]}}