{"id":13697,"date":"2026-03-29T11:25:06","date_gmt":"2026-03-29T10:25:06","guid":{"rendered":"https:\/\/bigbuy.tupique.com\/produto\/sensor-mobotix-mx-o-sma-tp-r079-6-mpx-thermal\/"},"modified":"2026-05-11T20:00:48","modified_gmt":"2026-05-11T18:00:48","slug":"sensor-mobotix-mx-o-sma-tp-r079-6-mpx-thermal","status":"publish","type":"product","link":"https:\/\/bigbuy.tupique.com\/pt\/produto\/sensor-mobotix-mx-o-sma-tp-r079-6-mpx-thermal\/","title":{"rendered":"Capteur Mobotix Mx-O-SMA-TP-R079 6 Mpx Thermique"},"content":{"rendered":"<p>Si vous \u00eates passionn\u00e9 d&#8217;<b>informatique et d&#8217;\u00e9lectronique<\/b>, si vous \u00eates \u00e0 la pointe de la technologie et qu&#8217;aucun d\u00e9tail ne vous \u00e9chappe, achetez <b>Capteur Mobotix Mx-O-SMA-TP-R079 6 Mpx Thermique<\/b> au meilleur prix.<\/p>\n<ul>\n<li>Type:\n<ul>\n<li>Thermique<\/li>\n<li>Capteur<\/li>\n<\/ul>\n<\/li>\n<li>Cam\u00e9ra\/Appareil Photo: 6 Mpx<\/li>\n<li>Compatible avec: Camescope de surveillance<\/li>\n<li>Classification IP: IP66<\/li>\n<li>Couleur: Blanc<\/li>\n<li>Rapport d&#8217;aspect: 16:9<\/li>\n<li>Connectivit\u00e9:\n<ul>\n<li>Bluetooth<\/li>\n<li>Wi-Fi<\/li>\n<\/ul>\n<\/li>\n<li>Ann\u00e9e: 2017<\/li>\n<li>Technologie: LED<\/li>\n<li>Bloc d\u2019Alimentation: Avec fil<\/li>\n<li>Poids approx.: 2 Kg<\/li>\n<li>Port\u00e9e: 10 m<\/li>\n<\/ul>","protected":false},"excerpt":{"rendered":"<p>Si vous \u00eates passionn\u00e9 d&#8217;informatique et d&#8217;\u00e9lectronique, si vous \u00eates \u00e0 la pointe de la technologie et qu&#8217;aucun d\u00e9tail ne vous \u00e9chappe, achetez Capteur Mobotix Mx-O-SMA-TP-R079 6 Mpx Thermique au meilleur prix. Type: Thermique Capteur Cam\u00e9ra\/Appareil Photo: 6 Mpx Compatible avec: Camescope de surveillance Classification IP: IP66 Couleur: Blanc Rapport d&#8217;aspect: 16:9 Connectivit\u00e9: Bluetooth Wi-Fi [&hellip;]<\/p>\n","protected":false},"featured_media":13696,"comment_status":"open","ping_status":"closed","template":"","meta":[],"product_brand":[628],"product_cat":[580,239,579],"product_tag":[567,104,210],"class_list":{"0":"post-13697","1":"product","2":"type-product","3":"status-publish","4":"has-post-thumbnail","6":"product_brand-brandp_4592","7":"product_cat-cameras-de-surveillance-video","8":"product_cat-maison-jardin","9":"product_cat-securite-a-la-maison","10":"product_tag-tag_556","11":"product_tag-tag_1279","12":"product_tag-tag_25","14":"first","15":"instock","16":"taxable","17":"shipping-taxable","18":"purchasable","19":"product-type-simple"},"_links":{"self":[{"href":"https:\/\/bigbuy.tupique.com\/pt\/wp-json\/wp\/v2\/product\/13697","targetHints":{"allow":["GET"]}}],"collection":[{"href":"https:\/\/bigbuy.tupique.com\/pt\/wp-json\/wp\/v2\/product"}],"about":[{"href":"https:\/\/bigbuy.tupique.com\/pt\/wp-json\/wp\/v2\/types\/product"}],"replies":[{"embeddable":true,"href":"https:\/\/bigbuy.tupique.com\/pt\/wp-json\/wp\/v2\/comments?post=13697"}],"wp:featuredmedia":[{"embeddable":true,"href":"https:\/\/bigbuy.tupique.com\/pt\/wp-json\/wp\/v2\/media\/13696"}],"wp:attachment":[{"href":"https:\/\/bigbuy.tupique.com\/pt\/wp-json\/wp\/v2\/media?parent=13697"}],"wp:term":[{"taxonomy":"product_brand","embeddable":true,"href":"https:\/\/bigbuy.tupique.com\/pt\/wp-json\/wp\/v2\/product_brand?post=13697"},{"taxonomy":"product_cat","embeddable":true,"href":"https:\/\/bigbuy.tupique.com\/pt\/wp-json\/wp\/v2\/product_cat?post=13697"},{"taxonomy":"product_tag","embeddable":true,"href":"https:\/\/bigbuy.tupique.com\/pt\/wp-json\/wp\/v2\/product_tag?post=13697"}],"curies":[{"name":"wp","href":"https:\/\/api.w.org\/{rel}","templated":true}]}}