{"id":10077,"date":"2026-03-27T22:02:51","date_gmt":"2026-03-27T21:02:51","guid":{"rendered":"https:\/\/bigbuy.tupique.com\/produto\/ice-cream-maker-medion-stainless-steel-150-w-15-l\/"},"modified":"2026-04-16T19:56:40","modified_gmt":"2026-04-16T18:56:40","slug":"ice-cream-maker-medion-stainless-steel-150-w-15-l","status":"publish","type":"product","link":"https:\/\/bigbuy.tupique.com\/pt\/produto\/ice-cream-maker-medion-stainless-steel-150-w-15-l\/","title":{"rendered":"Sorbeti\u00e8re Medion Acier inoxydable 150 W 1,5 L"},"content":{"rendered":"<p>Si vous recherchez des \u00e9lectrom\u00e9nagers pour votre maison aux meilleurs prix, ne manquez pas <b>Sorbeti\u00e8re Medion Acier inoxydable 150 W 1,5 L<\/b> et une large s\u00e9lection de petits \u00e9lectrom\u00e9nagers de qualit\u00e9 !<\/p>\n<p>La <b>machine \u00e0 glace<\/b> \u00e9lectrique Medion est con\u00e7ue pour la fabrication maison de glaces et yaourts avec une capacit\u00e9 de <b>1,5 litre<\/b>, ce qui en fait une solution pratique et efficace pour pr\u00e9parer des desserts frais en petites quantit\u00e9s. Fabriqu\u00e9e en <b>acier inoxydable<\/b>, elle garantit durabilit\u00e9 et facilit\u00e9 de nettoyage, tout en offrant un design robuste et moderne. Son compresseur int\u00e9gr\u00e9 permet un fonctionnement silencieux et continu, assurant une cong\u00e9lation uniforme sans besoin de pr\u00e9congeler les r\u00e9cipients. La puissance de <b>150 W<\/b> lui fournit la capacit\u00e9 n\u00e9cessaire pour atteindre rapidement la texture d\u00e9sir\u00e9e pour chaque recette. Parmi ses caract\u00e9ristiques techniques, on trouve un <b>\u00e9cran LED<\/b> int\u00e9gr\u00e9, facilitant le contr\u00f4le et le suivi du processus, ainsi que des boutons pour une manipulation simple et pr\u00e9cise. Sa base antid\u00e9rapante apporte stabilit\u00e9 pendant l\u2019utilisation, \u00e9vitant les mouvements ind\u00e9sirables et augmentant la s\u00e9curit\u00e9 en cuisine. Avec des dimensions contenues d\u2019environ <b>40 cm<\/b>, cette machine \u00e0 glace est compacte et facile \u00e0 placer dans n\u2019importe quel espace domestique sans \u00eatre encombrante. Son design en aluminium et ses fonctionnalit\u00e9s font de ce mod\u00e8le un outil id\u00e9al pour les amateurs de pr\u00e9parations maison qui recherchent un produit efficace et bien con\u00e7u, offrant confort et bonnes performances sans complications. En r\u00e9sum\u00e9, la machine \u00e0 glace et yaourti\u00e8re Medion combine mat\u00e9riaux de qualit\u00e9, taille compacte et commandes intuitives pour offrir une exp\u00e9rience pratique dans la fabrication de glaces et yaourts \u00e0 domicile.<\/p>\n<ul>\n<li>Mati\u00e8re: Acier inoxydable<\/li>\n<li>Largeur: 40 cm<\/li>\n<li>Caract\u00e9ristiques:\n<ul>\n<li>\u00c9cran LED<\/li>\n<li>Commande par boutons<\/li>\n<li>Base antid\u00e9rapante<\/li>\n<li>\u00c9cran integr\u00e9<\/li>\n<\/ul>\n<\/li>\n<li>Capacit\u00e9: 1,5 L<\/li>\n<li>Longueur du c\u00e2ble: 1 m<\/li>\n<li>puissance: 150 W<\/li>\n<li>Inclut: 1 Tasse<\/li>\n<li>Type: Sorbeti\u00e8re<\/li>\n<\/ul>","protected":false},"excerpt":{"rendered":"<p>Si vous recherchez des \u00e9lectrom\u00e9nagers pour votre maison aux meilleurs prix, ne manquez pas Sorbeti\u00e8re Medion Acier inoxydable 150 W 1,5 L et une large s\u00e9lection de petits \u00e9lectrom\u00e9nagers de qualit\u00e9 ! La machine \u00e0 glace \u00e9lectrique Medion est con\u00e7ue pour la fabrication maison de glaces et yaourts avec une capacit\u00e9 de 1,5 litre, ce [&hellip;]<\/p>\n","protected":false},"featured_media":25266,"comment_status":"open","ping_status":"closed","template":"","meta":[],"product_brand":[454],"product_cat":[60,254,246],"product_tag":[55,59,56],"class_list":{"0":"post-10077","1":"product","2":"type-product","3":"status-publish","4":"has-post-thumbnail","6":"product_brand-brandp_3439","7":"product_cat-cuisine-gourmet","8":"product_cat-machines-a-glaces-et-yaourts","9":"product_cat-patisserie","10":"product_tag-tag_926","11":"product_tag-tag_1304","12":"product_tag-tag_930","14":"first","15":"instock","16":"taxable","17":"shipping-taxable","18":"purchasable","19":"product-type-simple"},"_links":{"self":[{"href":"https:\/\/bigbuy.tupique.com\/pt\/wp-json\/wp\/v2\/product\/10077","targetHints":{"allow":["GET"]}}],"collection":[{"href":"https:\/\/bigbuy.tupique.com\/pt\/wp-json\/wp\/v2\/product"}],"about":[{"href":"https:\/\/bigbuy.tupique.com\/pt\/wp-json\/wp\/v2\/types\/product"}],"replies":[{"embeddable":true,"href":"https:\/\/bigbuy.tupique.com\/pt\/wp-json\/wp\/v2\/comments?post=10077"}],"wp:featuredmedia":[{"embeddable":true,"href":"https:\/\/bigbuy.tupique.com\/pt\/wp-json\/wp\/v2\/media\/25266"}],"wp:attachment":[{"href":"https:\/\/bigbuy.tupique.com\/pt\/wp-json\/wp\/v2\/media?parent=10077"}],"wp:term":[{"taxonomy":"product_brand","embeddable":true,"href":"https:\/\/bigbuy.tupique.com\/pt\/wp-json\/wp\/v2\/product_brand?post=10077"},{"taxonomy":"product_cat","embeddable":true,"href":"https:\/\/bigbuy.tupique.com\/pt\/wp-json\/wp\/v2\/product_cat?post=10077"},{"taxonomy":"product_tag","embeddable":true,"href":"https:\/\/bigbuy.tupique.com\/pt\/wp-json\/wp\/v2\/product_tag?post=10077"}],"curies":[{"name":"wp","href":"https:\/\/api.w.org\/{rel}","templated":true}]}}