{"id":85236,"date":"2026-04-03T05:12:27","date_gmt":"2026-04-03T04:12:27","guid":{"rendered":"https:\/\/bigbuy.tupique.com\/produto\/babys-pushchair-cybex-2\/"},"modified":"2026-05-11T20:02:09","modified_gmt":"2026-05-11T18:02:09","slug":"babys-pushchair-cybex-2","status":"publish","type":"product","link":"https:\/\/bigbuy.tupique.com\/es\/produto\/babys-pushchair-cybex-2\/","title":{"rendered":"Poussette pour b\u00e9b\u00e9 Cybex"},"content":{"rendered":"<p>Les enfants m\u00e9ritent ce qu\u2019il y a de mieux, nous vous pr\u00e9sentons donc <b>Poussette pour b\u00e9b\u00e9 Cybex<\/b>, id\u00e9al pour ceux qui cherchent des produits de qualit\u00e9 pour les plus petits ! Procurez-vous <b>Cybex<\/b> et bien d\u2019autres marques et licences aux meilleurs prix !<\/p>","protected":false},"excerpt":{"rendered":"<p>Les enfants m\u00e9ritent ce qu\u2019il y a de mieux, nous vous pr\u00e9sentons donc Poussette pour b\u00e9b\u00e9 Cybex, id\u00e9al pour ceux qui cherchent des produits de qualit\u00e9 pour les plus petits ! Procurez-vous Cybex et bien d\u2019autres marques et licences aux meilleurs prix !<\/p>","protected":false},"featured_media":167158,"comment_status":"open","ping_status":"closed","template":"","meta":[],"product_brand":[856],"product_cat":[750,251,157],"product_tag":[59],"class_list":{"0":"post-85236","1":"product","2":"type-product","3":"status-publish","4":"has-post-thumbnail","6":"product_brand-brandp_2860","7":"product_cat-balades-et-voyages","8":"product_cat-bebes-et-enfants","9":"product_cat-jouets-deguisements","10":"product_tag-tag_1304","12":"first","13":"instock","14":"taxable","15":"shipping-taxable","16":"purchasable","17":"product-type-simple"},"_links":{"self":[{"href":"https:\/\/bigbuy.tupique.com\/es\/wp-json\/wp\/v2\/product\/85236","targetHints":{"allow":["GET"]}}],"collection":[{"href":"https:\/\/bigbuy.tupique.com\/es\/wp-json\/wp\/v2\/product"}],"about":[{"href":"https:\/\/bigbuy.tupique.com\/es\/wp-json\/wp\/v2\/types\/product"}],"replies":[{"embeddable":true,"href":"https:\/\/bigbuy.tupique.com\/es\/wp-json\/wp\/v2\/comments?post=85236"}],"wp:featuredmedia":[{"embeddable":true,"href":"https:\/\/bigbuy.tupique.com\/es\/wp-json\/wp\/v2\/media\/167158"}],"wp:attachment":[{"href":"https:\/\/bigbuy.tupique.com\/es\/wp-json\/wp\/v2\/media?parent=85236"}],"wp:term":[{"taxonomy":"product_brand","embeddable":true,"href":"https:\/\/bigbuy.tupique.com\/es\/wp-json\/wp\/v2\/product_brand?post=85236"},{"taxonomy":"product_cat","embeddable":true,"href":"https:\/\/bigbuy.tupique.com\/es\/wp-json\/wp\/v2\/product_cat?post=85236"},{"taxonomy":"product_tag","embeddable":true,"href":"https:\/\/bigbuy.tupique.com\/es\/wp-json\/wp\/v2\/product_tag?post=85236"}],"curies":[{"name":"wp","href":"https:\/\/api.w.org\/{rel}","templated":true}]}}