{"id":85025,"date":"2026-04-03T04:42:08","date_gmt":"2026-04-03T03:42:08","guid":{"rendered":"https:\/\/bigbuy.tupique.com\/produto\/dishwasher-bosch-smh4ecx28e-60-cm\/"},"modified":"2026-04-15T04:08:56","modified_gmt":"2026-04-15T03:08:56","slug":"dishwasher-bosch-smh4ecx28e-60-cm","status":"publish","type":"product","link":"https:\/\/bigbuy.tupique.com\/es\/produto\/dishwasher-bosch-smh4ecx28e-60-cm\/","title":{"rendered":"Lave-vaisselle BOSCH SMH4ECX28E 60 cm"},"content":{"rendered":"<p>Si vous pensez r\u00e9nover votre cuisine, achetez <b>Lave-vaisselle BOSCH SMH4ECX28E 60 cm<\/b> et d\u00b4autres <b>produits BOSCH<\/b> !<\/p>\n<ul>\n<li>Produit \u00e0 brancher: Oui<\/li>\n<li>Type: Lave-vaisselle<\/li>\n<li>Type de prise: Prise EU<\/li>\n<li>Bloc d\u2019Alimentation: r\u00e9seau \u00e9lectrique<\/li>\n<li>Largeur: 60 cm<\/li>\n<li>Caract\u00e9ristiques: \u00c9cran integr\u00e9<\/li>\n<li>Connectivit\u00e9: Wi-Fi<\/li>\n<li>Type d&#8217;installation: Int\u00e9grable<\/li>\n<li>Capacit\u00e9 (Nb de couverts): 14<\/li>\n<li>Classification \u00e9nerg\u00e9tique: A<\/li>\n<li>Programmes: 6<\/li>\n<li>puissance: 2400 W<\/li>\n<li>Inclut: 2 Paniers<\/li>\n<li>Fr\u00e9quence d&#8217;entr\u00e9e AC: 50-60 Hz<\/li>\n<li>Longueur du c\u00e2ble: 1,75 m<\/li>\n<li>Type de commande: Boutons<\/li>\n<li>Tension: 220-240 V<\/li>\n<li>Pieds: Ajustables<\/li>\n<li>Amp\u00e9rage: 10 A<\/li>\n<\/ul>","protected":false},"excerpt":{"rendered":"<p>Si vous pensez r\u00e9nover votre cuisine, achetez Lave-vaisselle BOSCH SMH4ECX28E 60 cm et d\u00b4autres produits BOSCH ! Produit \u00e0 brancher: Oui Type: Lave-vaisselle Type de prise: Prise EU Bloc d\u2019Alimentation: r\u00e9seau \u00e9lectrique Largeur: 60 cm Caract\u00e9ristiques: \u00c9cran integr\u00e9 Connectivit\u00e9: Wi-Fi Type d&#8217;installation: Int\u00e9grable Capacit\u00e9 (Nb de couverts): 14 Classification \u00e9nerg\u00e9tique: A Programmes: 6 puissance: 2400 [&hellip;]<\/p>\n","protected":false},"featured_media":85024,"comment_status":"open","ping_status":"closed","template":"","meta":[],"product_brand":[162],"product_cat":[393,60,77],"product_tag":[],"class_list":{"0":"post-85025","1":"product","2":"type-product","3":"status-publish","4":"has-post-thumbnail","6":"product_brand-brandp_959","7":"product_cat-autres-appareils-de-cuisines","8":"product_cat-cuisine-gourmet","9":"product_cat-petit-electromenager","11":"first","12":"instock","13":"taxable","14":"shipping-taxable","15":"purchasable","16":"product-type-simple"},"_links":{"self":[{"href":"https:\/\/bigbuy.tupique.com\/es\/wp-json\/wp\/v2\/product\/85025","targetHints":{"allow":["GET"]}}],"collection":[{"href":"https:\/\/bigbuy.tupique.com\/es\/wp-json\/wp\/v2\/product"}],"about":[{"href":"https:\/\/bigbuy.tupique.com\/es\/wp-json\/wp\/v2\/types\/product"}],"replies":[{"embeddable":true,"href":"https:\/\/bigbuy.tupique.com\/es\/wp-json\/wp\/v2\/comments?post=85025"}],"wp:featuredmedia":[{"embeddable":true,"href":"https:\/\/bigbuy.tupique.com\/es\/wp-json\/wp\/v2\/media\/85024"}],"wp:attachment":[{"href":"https:\/\/bigbuy.tupique.com\/es\/wp-json\/wp\/v2\/media?parent=85025"}],"wp:term":[{"taxonomy":"product_brand","embeddable":true,"href":"https:\/\/bigbuy.tupique.com\/es\/wp-json\/wp\/v2\/product_brand?post=85025"},{"taxonomy":"product_cat","embeddable":true,"href":"https:\/\/bigbuy.tupique.com\/es\/wp-json\/wp\/v2\/product_cat?post=85025"},{"taxonomy":"product_tag","embeddable":true,"href":"https:\/\/bigbuy.tupique.com\/es\/wp-json\/wp\/v2\/product_tag?post=85025"}],"curies":[{"name":"wp","href":"https:\/\/api.w.org\/{rel}","templated":true}]}}